{"id":1593,"date":"2020-05-12T03:43:03","date_gmt":"2020-05-12T03:43:03","guid":{"rendered":"https:\/\/evtech-project.eu\/startside\/"},"modified":"2025-01-27T11:14:12","modified_gmt":"2025-01-27T11:14:12","slug":"startside","status":"publish","type":"page","link":"https:\/\/evtech-project.eu\/da\/","title":{"rendered":"Startside"},"content":{"rendered":"\n<div class=\"wp-block-uagb-container uagb-block-53392e73 alignfull uagb-is-root-container\"><div class=\"uagb-container-inner-blocks-wrap\">\n<div class=\"wp-block-uagb-info-box uagb-block-e398169b uagb-infobox__content-wrap  uagb-infobox-icon-above-title uagb-infobox-image-valign-top\"><div class=\"uagb-ifb-content\"><div class=\"uagb-ifb-title-wrap\"><p class=\"uagb-ifb-title\">EVTECH\u200b<\/p><\/div><p class=\"uagb-ifb-desc\">Elbilers vedligeholdelses- og sikkerhedsf\u00e6rdigheder til bilen<\/p><\/div><\/div>\n\n\n\n<div class=\"wp-block-uagb-buttons uagb-buttons__outer-wrap uagb-btn__default-btn uagb-btn-tablet__default-btn uagb-btn-mobile__default-btn uagb-block-3b17dcca\"><div class=\"uagb-buttons__wrap uagb-buttons-layout-wrap \">\n<div class=\"wp-block-uagb-buttons-child uagb-buttons__outer-wrap uagb-block-dcb6b474 wp-block-button\"><div class=\"uagb-button__wrapper\"><a class=\"uagb-buttons-repeater wp-block-button__link\" aria-label=\"\" href=\"https:\/\/www.facebook.com\/evtech.project\/\" rel=\"follow noopener\" target=\"_blank\" role=\"button\"><div class=\"uagb-button__link\">Opdateringer og nyheder<\/div><\/a><\/div><\/div>\n<\/div><\/div>\n<\/div><\/div>\n\n\n\n<div style=\"height:100px\" aria-hidden=\"true\" class=\"wp-block-spacer\"><\/div>\n\n\n\n<div class=\"wp-block-uagb-container uagb-block-e62371ff alignfull uagb-is-root-container\"><div class=\"uagb-container-inner-blocks-wrap\">\n<div class=\"wp-block-uagb-container uagb-block-4e305ba0\">\n<p class=\"has-x-large-font-size\"><strong>Form\u00e5l<\/strong><\/p>\n<\/div>\n\n\n\n<div class=\"wp-block-uagb-container uagb-block-13a1163c\">\n<p>EVTECH s\u00f8ger at \u00f8ge udbuddet, kvaliteten og relevansen af erhvervsuddannelser i bilindustrien med det form\u00e5l at im\u00f8dekomme de nye erhvervsm\u00e6ssige krav og misforhold mellem kompetencer, der f\u00f8lger af den stigende udbredelse af elbiler. Projektet projektet vil bygge p\u00e5 eksisterende viden om arbejdsmarkedet og f\u00e6rdigheder for at udvikle et l\u00e6ringsresultatorienteret pensum med arbejdsbaserede l\u00e6ringsmuligheder inden for service, vedligeholdelse og reparation af elektriske k\u00f8ret\u00f8jer (EV).<\/p>\n<\/div>\n<\/div><\/div>\n\n\n\n<div class=\"wp-block-uagb-container uagb-block-c580baa8 alignfull uagb-is-root-container\"><div class=\"uagb-container-inner-blocks-wrap\">\n<div style=\"height:30px\" aria-hidden=\"true\" class=\"wp-block-spacer\"><\/div>\n\n\n\n<h1 class=\"wp-block-heading has-text-align-center has-ast-global-color-5-background-color has-background has-large-font-size\" style=\"font-style:normal;font-weight:300;text-transform:none\">Vi st\u00f8tter elektroniske k\u00f8ret\u00f8jsteknikere ved at skabe:<\/h1>\n<\/div><\/div>\n\n\n\n<div class=\"wp-block-uagb-container uagb-block-33a24c14 alignfull uagb-is-root-container\">\n<div class=\"wp-block-uagb-container uagb-block-4e6f3329\">\n<div class=\"wp-block-uagb-advanced-heading uagb-block-aeb0fc58\"><p class=\"uagb-heading-text\">1. Evidensbaserede, m\u00e5lbare l\u00e6ringsresultater for erhvervsuddannelser gennem konsultation med uddannelses-, akademiske og<br>eksperter fra industrien<\/p><\/div>\n<\/div>\n\n\n\n<div class=\"wp-block-uagb-container uagb-block-6f4a2117\">\n<div class=\"wp-block-uagb-advanced-heading uagb-block-64edb59b\"><p class=\"uagb-heading-text\">2. Formelle VET-l\u00e6ringsenheder, tr\u00e6nings- og vurderingsmaterialer og et v\u00e6rkt\u00f8jss\u00e6t til undervisere til kursuslevering<\/p><\/div>\n<\/div>\n\n\n\n<div class=\"wp-block-uagb-container uagb-block-379917c9\">\n<div class=\"wp-block-uagb-advanced-heading uagb-block-8e2e44f5\"><p class=\"uagb-heading-text\">3. OER&#8217;er, Vocational Open Online Course (VOOC) og en e-bog til eleverne, der underst\u00f8tter l\u00e6ring i eget tempo.<\/p><\/div>\n<\/div>\n<\/div>\n\n\n\n<div class=\"wp-block-uagb-container uagb-block-2257aeb2 alignfull uagb-is-root-container\">\n<div class=\"wp-block-uagb-container uagb-block-74b94eb2\">\n<div class=\"wp-block-uagb-advanced-heading uagb-block-8e2dc5fe\"><h2 class=\"uagb-heading-text\">4. 5 seminarer p\u00e5 stedet (1\/modul) og 1 VOOC-pilottest, der sigter mod at opkvalificere 800 bilteknikere<\/h2><\/div>\n<\/div>\n\n\n\n<div class=\"wp-block-uagb-container uagb-block-63e5e7fe\">\n<div class=\"wp-block-uagb-advanced-heading uagb-block-d1f30792\"><p class=\"uagb-heading-text\">5. Oversigt over f\u00e6lles erhvervsm\u00e6ssige krav og opdaterede beskrivelser af relevante erhvervsprofiler, der skal anerkendes<br>og indlejret i nationale certificeringsordninger og ESCO-klassificeringssystemet.<\/p><\/div>\n<\/div>\n<\/div>\n\n\n\n<div class=\"wp-block-uagb-container uagb-block-222847f6 alignfull uagb-is-root-container\"><div class=\"uagb-container-inner-blocks-wrap\">\n<div class=\"wp-block-uagb-info-box uagb-block-48298200 uagb-infobox__content-wrap  uagb-infobox-icon-above-title uagb-infobox-image-valign-top\"><div class=\"uagb-ifb-content\"><div class=\"uagb-ifb-title-wrap\"><h2 class=\"uagb-ifb-title\">Online kursus for professionelle<\/h2><\/div><p class=\"uagb-ifb-desc\">EVTECH-projektet vil skabe et Vocational Open Online Course (VOOC) for at underst\u00f8tte selvst\u00e6ndig l\u00e6ring for bilteknikere. Dette onlinekursus vil give formelle VET-l\u00e6ringsenheder og vurderingsmaterialer til service-, vedligeholdelses- og reparationsarbejde p\u00e5 elektriske k\u00f8ret\u00f8jer. VOOC vil v\u00e6re tilg\u00e6ngeligt online og underst\u00f8tte l\u00e6ring i eget tempo, s\u00e5 teknikere kan opkvalificere sig i deres eget tempo og n\u00e5r det passer dem. Onlinekurset vil ogs\u00e5 omfatte \u00e5bne uddannelsesressourcer og en e-bog til eleverne for at hj\u00e6lpe med indl\u00e6ring og forst\u00e5else. Der vil blive gennemf\u00f8rt en pilottest af VOOC for at vurdere, hvor effektivt det er til at opkvalificere teknikere.<\/p><div class=\"uagb-ifb-button-wrapper wp-block-button\"><a href=\"https:\/\/erasmusmoocs.thinkific.com\/courses\/dk-evtech\" class=\"uagb-infobox-cta-link wp-block-button__link\" target=\"_blank\" rel=\"noopener noreferrer\" onclick=\"return true;\"><span class=\"uagb-inline-editing\">F\u00e5 adgang til VOOC <\/span><\/a><\/div><\/div><\/div>\n<\/div><\/div>\n\n\n\n<div style=\"height:100px\" aria-hidden=\"true\" class=\"wp-block-spacer\"><\/div>\n\n\n\n<div class=\"wp-block-uagb-container uagb-block-e711df2e alignfull uagb-is-root-container\"><div class=\"uagb-container-inner-blocks-wrap\"><\/div><\/div>\n","protected":false},"excerpt":{"rendered":"<p>Form\u00e5l EVTECH s\u00f8ger at \u00f8ge udbuddet, kvaliteten og relevansen af erhvervsuddannelser i bilindustrien med det form\u00e5l at im\u00f8dekomme de nye erhvervsm\u00e6ssige krav og misforhold mellem kompetencer, der f\u00f8lger af den stigende udbredelse af elbiler. Projektet projektet vil bygge p\u00e5 eksisterende viden om arbejdsmarkedet og f\u00e6rdigheder for at udvikle et l\u00e6ringsresultatorienteret pensum med arbejdsbaserede l\u00e6ringsmuligheder inden [&hellip;]<\/p>\n","protected":false},"author":1,"featured_media":0,"parent":0,"menu_order":0,"comment_status":"closed","ping_status":"closed","template":"","meta":{"_uag_custom_page_level_css":"","site-sidebar-layout":"no-sidebar","site-content-layout":"plain-container","ast-site-content-layout":"normal-width-container","site-content-style":"unboxed","site-sidebar-style":"unboxed","ast-global-header-display":"","ast-banner-title-visibility":"","ast-main-header-display":"","ast-hfb-above-header-display":"","ast-hfb-below-header-display":"","ast-hfb-mobile-header-display":"","site-post-title":"disabled","ast-breadcrumbs-content":"","ast-featured-img":"disabled","footer-sml-layout":"","ast-disable-related-posts":"","theme-transparent-header-meta":"enabled","adv-header-id-meta":"","stick-header-meta":"","header-above-stick-meta":"","header-main-stick-meta":"","header-below-stick-meta":"","astra-migrate-meta-layouts":"set","ast-page-background-enabled":"default","ast-page-background-meta":{"desktop":{"background-color":"","background-image":"","background-repeat":"repeat","background-position":"center center","background-size":"auto","background-attachment":"scroll","background-type":"","background-media":"","overlay-type":"","overlay-color":"","overlay-opacity":"","overlay-gradient":""},"tablet":{"background-color":"","background-image":"","background-repeat":"repeat","background-position":"center center","background-size":"auto","background-attachment":"scroll","background-type":"","background-media":"","overlay-type":"","overlay-color":"","overlay-opacity":"","overlay-gradient":""},"mobile":{"background-color":"","background-image":"","background-repeat":"repeat","background-position":"center center","background-size":"auto","background-attachment":"scroll","background-type":"","background-media":"","overlay-type":"","overlay-color":"","overlay-opacity":"","overlay-gradient":""}},"ast-content-background-meta":{"desktop":{"background-color":"var(--ast-global-color-5)","background-image":"","background-repeat":"repeat","background-position":"center center","background-size":"auto","background-attachment":"scroll","background-type":"","background-media":"","overlay-type":"","overlay-color":"","overlay-opacity":"","overlay-gradient":""},"tablet":{"background-color":"var(--ast-global-color-5)","background-image":"","background-repeat":"repeat","background-position":"center center","background-size":"auto","background-attachment":"scroll","background-type":"","background-media":"","overlay-type":"","overlay-color":"","overlay-opacity":"","overlay-gradient":""},"mobile":{"background-color":"var(--ast-global-color-5)","background-image":"","background-repeat":"repeat","background-position":"center center","background-size":"auto","background-attachment":"scroll","background-type":"","background-media":"","overlay-type":"","overlay-color":"","overlay-opacity":"","overlay-gradient":""}},"footnotes":""},"class_list":["post-1593","page","type-page","status-publish","hentry"],"yoast_head":"<!-- This site is optimized with the Yoast SEO plugin v27.4 - https:\/\/yoast.com\/product\/yoast-seo-wordpress\/ -->\n<title>EVTECH - Elbilers vedligeholdelses- og sikkerhedsf\u00e6rdigheder til bilen<\/title>\n<meta name=\"description\" content=\"Form\u00e5l at forbedre udbuddet, kvaliteten og relevansen af erhvervsuddannelser (VET) i bilindustrien.\" \/>\n<meta name=\"robots\" content=\"index, follow, max-snippet:-1, max-image-preview:large, max-video-preview:-1\" \/>\n<link rel=\"canonical\" href=\"https:\/\/evtech-project.eu\/da\/\" \/>\n<meta property=\"og:locale\" content=\"da_DK\" \/>\n<meta property=\"og:type\" content=\"article\" \/>\n<meta property=\"og:title\" content=\"EVTECH - Elbilers vedligeholdelses- og sikkerhedsf\u00e6rdigheder til bilen\" \/>\n<meta property=\"og:description\" content=\"Form\u00e5l at forbedre udbuddet, kvaliteten og relevansen af erhvervsuddannelser (VET) i bilindustrien.\" \/>\n<meta property=\"og:url\" content=\"https:\/\/evtech-project.eu\/da\/\" \/>\n<meta property=\"og:site_name\" content=\"EVTECH project\" \/>\n<meta property=\"article:modified_time\" content=\"2025-01-27T11:14:12+00:00\" \/>\n<meta name=\"twitter:card\" content=\"summary_large_image\" \/>\n<meta name=\"twitter:label1\" content=\"Estimeret l\u00e6setid\" \/>\n\t<meta name=\"twitter:data1\" content=\"2 minutter\" \/>\n<script type=\"application\/ld+json\" class=\"yoast-schema-graph\">{\"@context\":\"https:\\\/\\\/schema.org\",\"@graph\":[{\"@type\":\"WebPage\",\"@id\":\"https:\\\/\\\/evtech-project.eu\\\/da\\\/\",\"url\":\"https:\\\/\\\/evtech-project.eu\\\/da\\\/\",\"name\":\"EVTECH - Elbilers vedligeholdelses- og sikkerhedsf\u00e6rdigheder til bilen\",\"isPartOf\":{\"@id\":\"https:\\\/\\\/evtech-project.eu\\\/da\\\/#website\"},\"datePublished\":\"2020-05-12T03:43:03+00:00\",\"dateModified\":\"2025-01-27T11:14:12+00:00\",\"description\":\"Form\u00e5l at forbedre udbuddet, kvaliteten og relevansen af erhvervsuddannelser (VET) i bilindustrien.\",\"breadcrumb\":{\"@id\":\"https:\\\/\\\/evtech-project.eu\\\/da\\\/#breadcrumb\"},\"inLanguage\":\"da-DK\",\"potentialAction\":[{\"@type\":\"ReadAction\",\"target\":[\"https:\\\/\\\/evtech-project.eu\\\/da\\\/\"]}]},{\"@type\":\"BreadcrumbList\",\"@id\":\"https:\\\/\\\/evtech-project.eu\\\/da\\\/#breadcrumb\",\"itemListElement\":[{\"@type\":\"ListItem\",\"position\":1,\"name\":\"Home\",\"item\":\"https:\\\/\\\/evtech-project.eu\\\/da\\\/\"},{\"@type\":\"ListItem\",\"position\":2,\"name\":\"Startside\"}]},{\"@type\":\"WebSite\",\"@id\":\"https:\\\/\\\/evtech-project.eu\\\/da\\\/#website\",\"url\":\"https:\\\/\\\/evtech-project.eu\\\/da\\\/\",\"name\":\"EVTECH project\",\"description\":\"\",\"publisher\":{\"@id\":\"https:\\\/\\\/evtech-project.eu\\\/da\\\/#organization\"},\"potentialAction\":[{\"@type\":\"SearchAction\",\"target\":{\"@type\":\"EntryPoint\",\"urlTemplate\":\"https:\\\/\\\/evtech-project.eu\\\/da\\\/?s={search_term_string}\"},\"query-input\":{\"@type\":\"PropertyValueSpecification\",\"valueRequired\":true,\"valueName\":\"search_term_string\"}}],\"inLanguage\":\"da-DK\"},{\"@type\":\"Organization\",\"@id\":\"https:\\\/\\\/evtech-project.eu\\\/da\\\/#organization\",\"name\":\"EVTECH project\",\"url\":\"https:\\\/\\\/evtech-project.eu\\\/da\\\/\",\"logo\":{\"@type\":\"ImageObject\",\"inLanguage\":\"da-DK\",\"@id\":\"https:\\\/\\\/evtech-project.eu\\\/da\\\/#\\\/schema\\\/logo\\\/image\\\/\",\"url\":\"https:\\\/\\\/evtech-project.eu\\\/wp-content\\\/uploads\\\/2023\\\/02\\\/cropped-cropped-cropped-EVTECH-logo-transparent-1-1-1.png\",\"contentUrl\":\"https:\\\/\\\/evtech-project.eu\\\/wp-content\\\/uploads\\\/2023\\\/02\\\/cropped-cropped-cropped-EVTECH-logo-transparent-1-1-1.png\",\"width\":999,\"height\":333,\"caption\":\"EVTECH project\"},\"image\":{\"@id\":\"https:\\\/\\\/evtech-project.eu\\\/da\\\/#\\\/schema\\\/logo\\\/image\\\/\"}}]}<\/script>\n<!-- \/ Yoast SEO plugin. -->","yoast_head_json":{"title":"EVTECH - Elbilers vedligeholdelses- og sikkerhedsf\u00e6rdigheder til bilen","description":"Form\u00e5l at forbedre udbuddet, kvaliteten og relevansen af erhvervsuddannelser (VET) i bilindustrien.","robots":{"index":"index","follow":"follow","max-snippet":"max-snippet:-1","max-image-preview":"max-image-preview:large","max-video-preview":"max-video-preview:-1"},"canonical":"https:\/\/evtech-project.eu\/da\/","og_locale":"da_DK","og_type":"article","og_title":"EVTECH - Elbilers vedligeholdelses- og sikkerhedsf\u00e6rdigheder til bilen","og_description":"Form\u00e5l at forbedre udbuddet, kvaliteten og relevansen af erhvervsuddannelser (VET) i bilindustrien.","og_url":"https:\/\/evtech-project.eu\/da\/","og_site_name":"EVTECH project","article_modified_time":"2025-01-27T11:14:12+00:00","twitter_card":"summary_large_image","twitter_misc":{"Estimeret l\u00e6setid":"2 minutter"},"schema":{"@context":"https:\/\/schema.org","@graph":[{"@type":"WebPage","@id":"https:\/\/evtech-project.eu\/da\/","url":"https:\/\/evtech-project.eu\/da\/","name":"EVTECH - Elbilers vedligeholdelses- og sikkerhedsf\u00e6rdigheder til bilen","isPartOf":{"@id":"https:\/\/evtech-project.eu\/da\/#website"},"datePublished":"2020-05-12T03:43:03+00:00","dateModified":"2025-01-27T11:14:12+00:00","description":"Form\u00e5l at forbedre udbuddet, kvaliteten og relevansen af erhvervsuddannelser (VET) i bilindustrien.","breadcrumb":{"@id":"https:\/\/evtech-project.eu\/da\/#breadcrumb"},"inLanguage":"da-DK","potentialAction":[{"@type":"ReadAction","target":["https:\/\/evtech-project.eu\/da\/"]}]},{"@type":"BreadcrumbList","@id":"https:\/\/evtech-project.eu\/da\/#breadcrumb","itemListElement":[{"@type":"ListItem","position":1,"name":"Home","item":"https:\/\/evtech-project.eu\/da\/"},{"@type":"ListItem","position":2,"name":"Startside"}]},{"@type":"WebSite","@id":"https:\/\/evtech-project.eu\/da\/#website","url":"https:\/\/evtech-project.eu\/da\/","name":"EVTECH project","description":"","publisher":{"@id":"https:\/\/evtech-project.eu\/da\/#organization"},"potentialAction":[{"@type":"SearchAction","target":{"@type":"EntryPoint","urlTemplate":"https:\/\/evtech-project.eu\/da\/?s={search_term_string}"},"query-input":{"@type":"PropertyValueSpecification","valueRequired":true,"valueName":"search_term_string"}}],"inLanguage":"da-DK"},{"@type":"Organization","@id":"https:\/\/evtech-project.eu\/da\/#organization","name":"EVTECH project","url":"https:\/\/evtech-project.eu\/da\/","logo":{"@type":"ImageObject","inLanguage":"da-DK","@id":"https:\/\/evtech-project.eu\/da\/#\/schema\/logo\/image\/","url":"https:\/\/evtech-project.eu\/wp-content\/uploads\/2023\/02\/cropped-cropped-cropped-EVTECH-logo-transparent-1-1-1.png","contentUrl":"https:\/\/evtech-project.eu\/wp-content\/uploads\/2023\/02\/cropped-cropped-cropped-EVTECH-logo-transparent-1-1-1.png","width":999,"height":333,"caption":"EVTECH project"},"image":{"@id":"https:\/\/evtech-project.eu\/da\/#\/schema\/logo\/image\/"}}]}},"uagb_featured_image_src":{"full":false,"thumbnail":false,"medium":false,"medium_large":false,"large":false,"1536x1536":false,"2048x2048":false},"uagb_author_info":{"display_name":"admin","author_link":"https:\/\/evtech-project.eu\/da\/author\/info_0uxcc8vv\/"},"uagb_comment_info":0,"uagb_excerpt":"Form\u00e5l EVTECH s\u00f8ger at \u00f8ge udbuddet, kvaliteten og relevansen af erhvervsuddannelser i bilindustrien med det form\u00e5l at im\u00f8dekomme de nye erhvervsm\u00e6ssige krav og misforhold mellem kompetencer, der f\u00f8lger af den stigende udbredelse af elbiler. Projektet projektet vil bygge p\u00e5 eksisterende viden om arbejdsmarkedet og f\u00e6rdigheder for at udvikle et l\u00e6ringsresultatorienteret pensum med arbejdsbaserede l\u00e6ringsmuligheder inden&hellip;","_links":{"self":[{"href":"https:\/\/evtech-project.eu\/da\/wp-json\/wp\/v2\/pages\/1593","targetHints":{"allow":["GET"]}}],"collection":[{"href":"https:\/\/evtech-project.eu\/da\/wp-json\/wp\/v2\/pages"}],"about":[{"href":"https:\/\/evtech-project.eu\/da\/wp-json\/wp\/v2\/types\/page"}],"author":[{"embeddable":true,"href":"https:\/\/evtech-project.eu\/da\/wp-json\/wp\/v2\/users\/1"}],"replies":[{"embeddable":true,"href":"https:\/\/evtech-project.eu\/da\/wp-json\/wp\/v2\/comments?post=1593"}],"version-history":[{"count":7,"href":"https:\/\/evtech-project.eu\/da\/wp-json\/wp\/v2\/pages\/1593\/revisions"}],"predecessor-version":[{"id":2763,"href":"https:\/\/evtech-project.eu\/da\/wp-json\/wp\/v2\/pages\/1593\/revisions\/2763"}],"wp:attachment":[{"href":"https:\/\/evtech-project.eu\/da\/wp-json\/wp\/v2\/media?parent=1593"}],"curies":[{"name":"wp","href":"https:\/\/api.w.org\/{rel}","templated":true}]}}