{"id":2199,"date":"2023-02-02T11:10:37","date_gmt":"2023-02-02T11:10:37","guid":{"rendered":"https:\/\/evtech-project.eu\/resultater\/"},"modified":"2025-03-05T11:07:34","modified_gmt":"2025-03-05T11:07:34","slug":"resultater","status":"publish","type":"page","link":"https:\/\/evtech-project.eu\/da\/resultater\/","title":{"rendered":"Resultater"},"content":{"rendered":"\n<div class=\"wp-block-uagb-container uagb-block-76e42a57 alignfull uagb-is-root-container\"><div class=\"uagb-container-inner-blocks-wrap\">\n<div class=\"wp-block-uagb-advanced-heading uagb-block-4db2dce8\"><p class=\"uagb-heading-text\">Resultater<\/p><\/div>\n<\/div><\/div>\n\n\n\n<div class=\"wp-block-uagb-container uagb-block-91635d71 alignfull uagb-is-root-container\">\n<div class=\"wp-block-uagb-container uagb-block-9734c49e\">\n<div class=\"wp-block-uagb-advanced-heading uagb-block-65b9150d\"><div class=\"uagb-heading-text\">1. VOOC<\/div><\/div>\n\n\n\n<div class=\"wp-block-uagb-advanced-heading uagb-block-6381f3ed\"><p class=\"uagb-heading-text\">EVTECHs Vocational Open Online Course (VOOC) designet specifikt til tr\u00e6ning af mekanikere i vedligeholdelse og sikkerhed ift. elektriske k\u00f8ret\u00f8jer (EV&#8217;er). Dette omfattende kursus udstyrer deltagerne med v\u00e6sentlig viden og praktiske f\u00e6rdigheder til at navigere i de unikke udfordringer ved EV-teknologi. Gennem engagerende moduler og interaktive vurderinger f\u00e5r eleverne selvtillid til at servicere elektriske k\u00f8ret\u00f8jer, mens de prioriterer sikkerhed og effektivitet. VOOC forbedrer ikke kun mekanikkens f\u00e6rdigheder, men bidrager ogs\u00e5 til det bredere m\u00e5l om at fremme en b\u00e6redygtig fremtid for bilindustrien. Det bedste af det hele er, at denne v\u00e6rdifulde onlineressource er \u00e5bent tilg\u00e6ngelig for alle gratis, hvilket sikrer, at alle kan f\u00e5 adgang til den n\u00f8dvendige tr\u00e6ning for at forbedre deres f\u00e6rdigheder.<\/p><\/div>\n\n\n\n<div class=\"wp-block-uagb-buttons uagb-buttons__outer-wrap uagb-btn__default-btn uagb-btn-tablet__default-btn uagb-btn-mobile__default-btn uagb-block-42ee35f0\"><div class=\"uagb-buttons__wrap uagb-buttons-layout-wrap \">\n<div class=\"wp-block-uagb-buttons-child uagb-buttons__outer-wrap uagb-block-9ac3f057 wp-block-button\"><div class=\"uagb-button__wrapper\"><a class=\"uagb-buttons-repeater wp-block-button__link\" aria-label=\"\" href=\"https:\/\/erasmusmoocs.thinkific.com\/courses\/dk-evtech\" rel=\"follow noopener\" target=\"_blank\" role=\"button\"><div class=\"uagb-button__link\">Tilmeld dig nu!<\/div><\/a><\/div><\/div>\n<\/div><\/div>\n\n\n\n<div style=\"height:10px\" aria-hidden=\"true\" class=\"wp-block-spacer\"><\/div>\n\n\n\n<div class=\"wp-block-uagb-buttons uagb-buttons__outer-wrap uagb-btn__default-btn uagb-btn-tablet__default-btn uagb-btn-mobile__default-btn uagb-block-0b01e9b4\"><div class=\"uagb-buttons__wrap uagb-buttons-layout-wrap \">\n<div class=\"wp-block-uagb-buttons-child uagb-buttons__outer-wrap uagb-block-4db3c2a6 wp-block-button\"><div class=\"uagb-button__wrapper\"><a class=\"uagb-buttons-repeater wp-block-button__link\" aria-label=\"\" href=\"https:\/\/evtech-project.eu\/wp-content\/uploads\/2025\/01\/D2.3.1-EDUCATIONAL-RESOURCES_DA.pdf\" rel=\"follow noopener\" target=\"_blank\" role=\"button\"><div class=\"uagb-button__link\">DOWNLOAD DE \u00c5BNE UDDANNELSESRESSOURCER<\/div><\/a><\/div><\/div>\n<\/div><\/div>\n\n\n\n<div style=\"height:207px\" aria-hidden=\"true\" class=\"wp-block-spacer\"><\/div>\n<\/div>\n\n\n\n<div class=\"wp-block-uagb-container uagb-block-81566fbc\">\n<div class=\"wp-block-uagb-advanced-heading uagb-block-aa932934\"><div class=\"uagb-heading-text\">2. E-BOG<\/div><\/div>\n\n\n\n<div class=\"wp-block-uagb-advanced-heading uagb-block-6ed8931a\"><p class=\"uagb-heading-text\">EVTECHs e-bog fungerer som en omfattende guide for elever, da den opsummerer n\u00f8glebegreber og giver yderligere vidensressourcer. Denne e-bog indeholder grundl\u00e6ggende forklaringer af EV-komponenter, vedligeholdelsesprocedure og sikkerhedspraksis, der sikrer, at mekanikere har de v\u00e6rkt\u00f8jer, de skal bruge for at udm\u00e6rke sig. Det bedste af det hele er, at e-bogen er \u00e5bent tilg\u00e6ngelig og gratis for alle, hvilket g\u00f8r denne vitale tr\u00e6ning tilg\u00e6ngelig for alle.<\/p><\/div>\n\n\n\n<div class=\"wp-block-uagb-buttons uagb-buttons__outer-wrap uagb-btn__default-btn uagb-btn-tablet__default-btn uagb-btn-mobile__default-btn uagb-block-cf8e2c6e\"><div class=\"uagb-buttons__wrap uagb-buttons-layout-wrap \">\n<div class=\"wp-block-uagb-buttons-child uagb-buttons__outer-wrap uagb-block-97bf8f6b wp-block-button\"><div class=\"uagb-button__wrapper\"><a class=\"uagb-buttons-repeater wp-block-button__link\" aria-label=\"\" href=\"https:\/\/evtech-project.eu\/wp-content\/uploads\/2024\/11\/Danish_EVTECH_A.3.3_Learners_E-book.pdf\" rel=\"follow noopener\" target=\"_blank\" role=\"button\"><div class=\"uagb-button__link\">Download EVTECH e-bogen<\/div><\/a><\/div><\/div>\n<\/div><\/div>\n\n\n\n<div style=\"height:396px\" aria-hidden=\"true\" class=\"wp-block-spacer\"><\/div>\n<\/div>\n\n\n\n<div class=\"wp-block-uagb-container uagb-block-2fd45fb5\">\n<div style=\"height:5px\" aria-hidden=\"true\" class=\"wp-block-spacer\"><\/div>\n\n\n\n<div class=\"wp-block-uagb-advanced-heading uagb-block-93c19d44\"><div class=\"uagb-heading-text\">3. ST\u00d8TTEERKL\u00c6RING<\/div><\/div>\n\n\n\n<div class=\"wp-block-uagb-advanced-heading uagb-block-152e5268\"><p class=\"uagb-heading-text\">Vi inviterer dig til at deltage i en voksende koalition af interessenter i bil- og uddannelsessektoren ved at underskrive EVTECH-st\u00f8tteerkl\u00e6ringen. Dette initiativ er et vigtigt skridt i retning af at im\u00f8dekomme den stigende eftersp\u00f8rgsel efter kvalificerede teknikere i det hurtigt udviklende EV-landskab. Ved at godkende denne erkl\u00e6ring bekr\u00e6fter du vigtigheden af projektets resultater, herunder Vocational Open Online Course (VOOC) og tilh\u00f8rende e-bog, som vitale ressourcer for b\u00e5de nuv\u00e6rende mekanikere og den fremtidige arbejdsstyrke. Din st\u00f8tte vil g\u00e5 ind for en forts\u00e6ttelse af projektets resultater og sikre, at mekanikerne er rustet til at h\u00e5ndtere udfordringerne i bilindustriens fremtid.<br><em>BEM\u00c6RK: At underskrive denne supporterkl\u00e6ring skaber ingen juridiske eller \u00f8konomiske forpligtelser.<\/em><\/p><\/div>\n\n\n\n<div style=\"height:0px\" aria-hidden=\"true\" class=\"wp-block-spacer\"><\/div>\n\n\n\n<div class=\"wp-block-uagb-buttons uagb-buttons__outer-wrap uagb-btn__default-btn uagb-btn-tablet__default-btn uagb-btn-mobile__default-btn uagb-block-ac05b946\"><div class=\"uagb-buttons__wrap uagb-buttons-layout-wrap \">\n<div class=\"wp-block-uagb-buttons-child uagb-buttons__outer-wrap uagb-block-84d61ec1 wp-block-button\"><div class=\"uagb-button__wrapper\"><a class=\"uagb-buttons-repeater wp-block-button__link\" aria-label=\"\" href=\"https:\/\/evtech-project.eu\/da\/erklaering-om-stoette\/\" rel=\"follow noopener\" target=\"_blank\" role=\"button\"><div class=\"uagb-button__link\">Underskriv st\u00f8tteerkl\u00e6ringen<\/div><\/a><\/div><\/div>\n<\/div><\/div>\n\n\n\n<div style=\"height:234px\" aria-hidden=\"true\" class=\"wp-block-spacer\"><\/div>\n<\/div>\n<\/div>\n\n\n\n<div class=\"wp-block-uagb-container uagb-block-b6f2901e alignfull uagb-is-root-container\">\n<div class=\"wp-block-uagb-container uagb-block-231e9033\">\n<div class=\"wp-block-uagb-advanced-heading uagb-block-60e12100\"><div class=\"uagb-heading-text\">4. CERTIFIKATTILL\u00c6G<\/div><\/div>\n\n\n\n<div class=\"wp-block-uagb-advanced-heading uagb-block-fd8ed5a4\"><p class=\"uagb-heading-text\">Som en del af EVTECH-projektet har konsortiet oprettet et officielt Europass- certifikattill\u00e6g. Dette till\u00e6g er designet til at lette erhvervsuddannelsesudbydere med at inkorporere tr\u00e6ningsmaterialer fra vores projekt i deres certificerede l\u00e6seplaner. Ved at tilbyde et officielt kvalifikationsbevis, sigter vi mod at \u00f8ge anerkendelsen af de f\u00e6rdigheder opn\u00e5et gennem vores Vocational Open Online Course (VOOC) og e-bog. Dette initiativ str\u00f8mliner ikke kun certificeringsprocessen for VET-udbydere, men sikrer ogs\u00e5, at eleverne f\u00e5r en formel anerkendelse af deres pr\u00e6stationer inden for sikkerhed og vedligeholdelse af elektriske k\u00f8ret\u00f8jer, hvilket underst\u00f8tter deres karriereudvikling i den voksende bilsektor.<\/p><\/div>\n\n\n\n<div class=\"wp-block-uagb-buttons uagb-buttons__outer-wrap uagb-btn__default-btn uagb-btn-tablet__default-btn uagb-btn-mobile__default-btn uagb-block-244c75f6\"><div class=\"uagb-buttons__wrap uagb-buttons-layout-wrap \">\n<div class=\"wp-block-uagb-buttons-child uagb-buttons__outer-wrap uagb-block-68e287f9 wp-block-button\"><div class=\"uagb-button__wrapper\"><a class=\"uagb-buttons-repeater wp-block-button__link\" aria-label=\"\" href=\"https:\/\/evtech-project.eu\/wp-content\/uploads\/2024\/11\/EVTECH_Certificate-supplement-Template-EN.docx\" rel=\"follow noopener\" target=\"_blank\" role=\"button\"><div class=\"uagb-button__link\">Download certifikatet<\/div><\/a><\/div><\/div>\n<\/div><\/div>\n\n\n\n<div style=\"height:252px\" aria-hidden=\"true\" class=\"wp-block-spacer\"><\/div>\n\n\n\n<div style=\"height:18px\" aria-hidden=\"true\" class=\"wp-block-spacer\"><\/div>\n<\/div>\n\n\n\n<div class=\"wp-block-uagb-container uagb-block-031f30c7\">\n<div class=\"wp-block-uagb-advanced-heading uagb-block-082b3b36\"><div class=\"uagb-heading-text\">5. SPECIFIKATIONER FOR EN EU-D\u00c6KKENDE ERHVERVSKVALIFIKATION<\/div><\/div>\n\n\n\n<div class=\"wp-block-group is-vertical is-content-justification-left is-layout-flex wp-container-core-group-is-layout-7666da4f wp-block-group-is-layout-flex\">\n<div class=\"wp-block-uagb-advanced-heading uagb-block-910caf56\"><p class=\"uagb-heading-text\">Konsortiet har udviklet en omfattende plan, der a) skitserer almindelige erhvervsm\u00e6ssige krav og b) giver opdaterede beskrivelser af relevante erhvervsprofiler inden for vedligeholdelse og sikkerhed af elektriske k\u00f8ret\u00f8jer (EV). Denne plan er designet til at blive anerkendt og integreret i nationale certificeringsordninger og det europ\u00e6iske klassifikationssystem for f\u00e6rdigheder, kompetencer, kvalifikationer og erhverv (ESCO). Ved at tilpasse EVTECHs tr\u00e6ningsresultater til etablerede erhvervsm\u00e6ssige standarder, sigter vi mod at \u00f8ge anerkendelsen af f\u00e6rdigheder inden for bilsektoren og lette st\u00f8rre mobilitet for fagfolk i hele Europa. Dette initiativ styrker ikke kun kvaliteten af erhvervsuddannelsen, men underst\u00f8tter ogs\u00e5 overgangen til en b\u00e6redygtig autoarbejdsstyrke, der er rustet til fremtidens udfordringer.<\/p><\/div>\n<\/div>\n\n\n\n<div class=\"wp-block-uagb-buttons uagb-buttons__outer-wrap uagb-btn__default-btn uagb-btn-tablet__default-btn uagb-btn-mobile__default-btn uagb-block-b1de5ed6\"><div class=\"uagb-buttons__wrap uagb-buttons-layout-wrap \">\n<div class=\"wp-block-uagb-buttons-child uagb-buttons__outer-wrap uagb-block-f47e3c55 wp-block-button\"><div class=\"uagb-button__wrapper\"><a class=\"uagb-buttons-repeater wp-block-button__link\" aria-label=\"\" href=\"https:\/\/evtech-project.eu\/wp-content\/uploads\/2025\/01\/EVTECH_A4.3_report_FINAL.pdf\" rel=\"follow noopener\" target=\"_blank\" role=\"button\"><div class=\"uagb-button__link\">Download Action Plan Report<\/div><\/a><\/div><\/div>\n<\/div><\/div>\n\n\n\n<div style=\"height:10px\" aria-hidden=\"true\" class=\"wp-block-spacer\"><\/div>\n\n\n\n<div class=\"wp-block-uagb-buttons uagb-buttons__outer-wrap uagb-btn__default-btn uagb-btn-tablet__default-btn uagb-btn-mobile__default-btn uagb-block-0bf3e731\"><div class=\"uagb-buttons__wrap uagb-buttons-layout-wrap \">\n<div class=\"wp-block-uagb-buttons-child uagb-buttons__outer-wrap uagb-block-639fe67b wp-block-button\"><div class=\"uagb-button__wrapper\"><a class=\"uagb-buttons-repeater wp-block-button__link\" aria-label=\"\" href=\"https:\/\/evtech-project.eu\/wp-content\/uploads\/2025\/01\/Blueprint-of-an-EU-wide-qualification-for-EV-technicians.pdf\" rel=\"follow noopener\" target=\"_blank\" role=\"button\"><div class=\"uagb-button__link\">Download plantegning<\/div><\/a><\/div><\/div>\n<\/div><\/div>\n\n\n\n<div style=\"height:189px\" aria-hidden=\"true\" class=\"wp-block-spacer\"><\/div>\n<\/div>\n<\/div>\n","protected":false},"excerpt":{"rendered":"<p>Resultater 1. VOOC EVTECHs Vocational Open Online Course (VOOC) designet specifikt til tr\u00e6ning af mekanikere i vedligeholdelse og sikkerhed ift. elektriske k\u00f8ret\u00f8jer (EV&#8217;er). Dette omfattende kursus udstyrer deltagerne med v\u00e6sentlig viden og praktiske f\u00e6rdigheder til at navigere i de unikke udfordringer ved EV-teknologi. Gennem engagerende moduler og interaktive vurderinger f\u00e5r eleverne selvtillid til at servicere [&hellip;]<\/p>\n","protected":false},"author":1,"featured_media":0,"parent":0,"menu_order":0,"comment_status":"closed","ping_status":"closed","template":"","meta":{"_uag_custom_page_level_css":"","site-sidebar-layout":"no-sidebar","site-content-layout":"plain-container","ast-site-content-layout":"normal-width-container","site-content-style":"unboxed","site-sidebar-style":"unboxed","ast-global-header-display":"","ast-banner-title-visibility":"","ast-main-header-display":"","ast-hfb-above-header-display":"","ast-hfb-below-header-display":"","ast-hfb-mobile-header-display":"","site-post-title":"disabled","ast-breadcrumbs-content":"","ast-featured-img":"","footer-sml-layout":"","ast-disable-related-posts":"","theme-transparent-header-meta":"enabled","adv-header-id-meta":"","stick-header-meta":"","header-above-stick-meta":"","header-main-stick-meta":"","header-below-stick-meta":"","astra-migrate-meta-layouts":"set","ast-page-background-enabled":"default","ast-page-background-meta":{"desktop":{"background-color":"","background-image":"","background-repeat":"repeat","background-position":"center center","background-size":"auto","background-attachment":"scroll","background-type":"","background-media":"","overlay-type":"","overlay-color":"","overlay-opacity":"","overlay-gradient":""},"tablet":{"background-color":"","background-image":"","background-repeat":"repeat","background-position":"center center","background-size":"auto","background-attachment":"scroll","background-type":"","background-media":"","overlay-type":"","overlay-color":"","overlay-opacity":"","overlay-gradient":""},"mobile":{"background-color":"","background-image":"","background-repeat":"repeat","background-position":"center center","background-size":"auto","background-attachment":"scroll","background-type":"","background-media":"","overlay-type":"","overlay-color":"","overlay-opacity":"","overlay-gradient":""}},"ast-content-background-meta":{"desktop":{"background-color":"var(--ast-global-color-5)","background-image":"","background-repeat":"repeat","background-position":"center center","background-size":"auto","background-attachment":"scroll","background-type":"","background-media":"","overlay-type":"","overlay-color":"","overlay-opacity":"","overlay-gradient":""},"tablet":{"background-color":"var(--ast-global-color-5)","background-image":"","background-repeat":"repeat","background-position":"center center","background-size":"auto","background-attachment":"scroll","background-type":"","background-media":"","overlay-type":"","overlay-color":"","overlay-opacity":"","overlay-gradient":""},"mobile":{"background-color":"var(--ast-global-color-5)","background-image":"","background-repeat":"repeat","background-position":"center center","background-size":"auto","background-attachment":"scroll","background-type":"","background-media":"","overlay-type":"","overlay-color":"","overlay-opacity":"","overlay-gradient":""}},"footnotes":""},"class_list":["post-2199","page","type-page","status-publish","hentry"],"yoast_head":"<!-- This site is optimized with the Yoast SEO plugin v27.4 - https:\/\/yoast.com\/product\/yoast-seo-wordpress\/ -->\n<title>Resultater - EVTECH project<\/title>\n<meta name=\"robots\" content=\"index, follow, max-snippet:-1, max-image-preview:large, max-video-preview:-1\" \/>\n<link rel=\"canonical\" href=\"https:\/\/evtech-project.eu\/da\/resultater\/\" \/>\n<meta property=\"og:locale\" content=\"da_DK\" \/>\n<meta property=\"og:type\" content=\"article\" \/>\n<meta property=\"og:title\" content=\"Resultater - EVTECH project\" \/>\n<meta property=\"og:description\" content=\"Resultater 1. VOOC EVTECHs Vocational Open Online Course (VOOC) designet specifikt til tr\u00e6ning af mekanikere i vedligeholdelse og sikkerhed ift. elektriske k\u00f8ret\u00f8jer (EV&#8217;er). Dette omfattende kursus udstyrer deltagerne med v\u00e6sentlig viden og praktiske f\u00e6rdigheder til at navigere i de unikke udfordringer ved EV-teknologi. Gennem engagerende moduler og interaktive vurderinger f\u00e5r eleverne selvtillid til at servicere [&hellip;]\" \/>\n<meta property=\"og:url\" content=\"https:\/\/evtech-project.eu\/da\/resultater\/\" \/>\n<meta property=\"og:site_name\" content=\"EVTECH project\" \/>\n<meta property=\"article:modified_time\" content=\"2025-03-05T11:07:34+00:00\" \/>\n<meta name=\"twitter:card\" content=\"summary_large_image\" \/>\n<meta name=\"twitter:label1\" content=\"Estimeret l\u00e6setid\" \/>\n\t<meta name=\"twitter:data1\" content=\"3 minutter\" \/>\n<script type=\"application\/ld+json\" class=\"yoast-schema-graph\">{\"@context\":\"https:\\\/\\\/schema.org\",\"@graph\":[{\"@type\":\"WebPage\",\"@id\":\"https:\\\/\\\/evtech-project.eu\\\/da\\\/resultater\\\/\",\"url\":\"https:\\\/\\\/evtech-project.eu\\\/da\\\/resultater\\\/\",\"name\":\"Resultater - EVTECH project\",\"isPartOf\":{\"@id\":\"https:\\\/\\\/evtech-project.eu\\\/da\\\/#website\"},\"datePublished\":\"2023-02-02T11:10:37+00:00\",\"dateModified\":\"2025-03-05T11:07:34+00:00\",\"breadcrumb\":{\"@id\":\"https:\\\/\\\/evtech-project.eu\\\/da\\\/resultater\\\/#breadcrumb\"},\"inLanguage\":\"da-DK\",\"potentialAction\":[{\"@type\":\"ReadAction\",\"target\":[\"https:\\\/\\\/evtech-project.eu\\\/da\\\/resultater\\\/\"]}]},{\"@type\":\"BreadcrumbList\",\"@id\":\"https:\\\/\\\/evtech-project.eu\\\/da\\\/resultater\\\/#breadcrumb\",\"itemListElement\":[{\"@type\":\"ListItem\",\"position\":1,\"name\":\"Home\",\"item\":\"https:\\\/\\\/evtech-project.eu\\\/da\\\/\"},{\"@type\":\"ListItem\",\"position\":2,\"name\":\"Resultater\"}]},{\"@type\":\"WebSite\",\"@id\":\"https:\\\/\\\/evtech-project.eu\\\/da\\\/#website\",\"url\":\"https:\\\/\\\/evtech-project.eu\\\/da\\\/\",\"name\":\"EVTECH project\",\"description\":\"\",\"publisher\":{\"@id\":\"https:\\\/\\\/evtech-project.eu\\\/da\\\/#organization\"},\"potentialAction\":[{\"@type\":\"SearchAction\",\"target\":{\"@type\":\"EntryPoint\",\"urlTemplate\":\"https:\\\/\\\/evtech-project.eu\\\/da\\\/?s={search_term_string}\"},\"query-input\":{\"@type\":\"PropertyValueSpecification\",\"valueRequired\":true,\"valueName\":\"search_term_string\"}}],\"inLanguage\":\"da-DK\"},{\"@type\":\"Organization\",\"@id\":\"https:\\\/\\\/evtech-project.eu\\\/da\\\/#organization\",\"name\":\"EVTECH project\",\"url\":\"https:\\\/\\\/evtech-project.eu\\\/da\\\/\",\"logo\":{\"@type\":\"ImageObject\",\"inLanguage\":\"da-DK\",\"@id\":\"https:\\\/\\\/evtech-project.eu\\\/da\\\/#\\\/schema\\\/logo\\\/image\\\/\",\"url\":\"https:\\\/\\\/evtech-project.eu\\\/wp-content\\\/uploads\\\/2023\\\/02\\\/cropped-cropped-cropped-EVTECH-logo-transparent-1-1-1.png\",\"contentUrl\":\"https:\\\/\\\/evtech-project.eu\\\/wp-content\\\/uploads\\\/2023\\\/02\\\/cropped-cropped-cropped-EVTECH-logo-transparent-1-1-1.png\",\"width\":999,\"height\":333,\"caption\":\"EVTECH project\"},\"image\":{\"@id\":\"https:\\\/\\\/evtech-project.eu\\\/da\\\/#\\\/schema\\\/logo\\\/image\\\/\"}}]}<\/script>\n<!-- \/ Yoast SEO plugin. -->","yoast_head_json":{"title":"Resultater - EVTECH project","robots":{"index":"index","follow":"follow","max-snippet":"max-snippet:-1","max-image-preview":"max-image-preview:large","max-video-preview":"max-video-preview:-1"},"canonical":"https:\/\/evtech-project.eu\/da\/resultater\/","og_locale":"da_DK","og_type":"article","og_title":"Resultater - EVTECH project","og_description":"Resultater 1. VOOC EVTECHs Vocational Open Online Course (VOOC) designet specifikt til tr\u00e6ning af mekanikere i vedligeholdelse og sikkerhed ift. elektriske k\u00f8ret\u00f8jer (EV&#8217;er). Dette omfattende kursus udstyrer deltagerne med v\u00e6sentlig viden og praktiske f\u00e6rdigheder til at navigere i de unikke udfordringer ved EV-teknologi. Gennem engagerende moduler og interaktive vurderinger f\u00e5r eleverne selvtillid til at servicere [&hellip;]","og_url":"https:\/\/evtech-project.eu\/da\/resultater\/","og_site_name":"EVTECH project","article_modified_time":"2025-03-05T11:07:34+00:00","twitter_card":"summary_large_image","twitter_misc":{"Estimeret l\u00e6setid":"3 minutter"},"schema":{"@context":"https:\/\/schema.org","@graph":[{"@type":"WebPage","@id":"https:\/\/evtech-project.eu\/da\/resultater\/","url":"https:\/\/evtech-project.eu\/da\/resultater\/","name":"Resultater - EVTECH project","isPartOf":{"@id":"https:\/\/evtech-project.eu\/da\/#website"},"datePublished":"2023-02-02T11:10:37+00:00","dateModified":"2025-03-05T11:07:34+00:00","breadcrumb":{"@id":"https:\/\/evtech-project.eu\/da\/resultater\/#breadcrumb"},"inLanguage":"da-DK","potentialAction":[{"@type":"ReadAction","target":["https:\/\/evtech-project.eu\/da\/resultater\/"]}]},{"@type":"BreadcrumbList","@id":"https:\/\/evtech-project.eu\/da\/resultater\/#breadcrumb","itemListElement":[{"@type":"ListItem","position":1,"name":"Home","item":"https:\/\/evtech-project.eu\/da\/"},{"@type":"ListItem","position":2,"name":"Resultater"}]},{"@type":"WebSite","@id":"https:\/\/evtech-project.eu\/da\/#website","url":"https:\/\/evtech-project.eu\/da\/","name":"EVTECH project","description":"","publisher":{"@id":"https:\/\/evtech-project.eu\/da\/#organization"},"potentialAction":[{"@type":"SearchAction","target":{"@type":"EntryPoint","urlTemplate":"https:\/\/evtech-project.eu\/da\/?s={search_term_string}"},"query-input":{"@type":"PropertyValueSpecification","valueRequired":true,"valueName":"search_term_string"}}],"inLanguage":"da-DK"},{"@type":"Organization","@id":"https:\/\/evtech-project.eu\/da\/#organization","name":"EVTECH project","url":"https:\/\/evtech-project.eu\/da\/","logo":{"@type":"ImageObject","inLanguage":"da-DK","@id":"https:\/\/evtech-project.eu\/da\/#\/schema\/logo\/image\/","url":"https:\/\/evtech-project.eu\/wp-content\/uploads\/2023\/02\/cropped-cropped-cropped-EVTECH-logo-transparent-1-1-1.png","contentUrl":"https:\/\/evtech-project.eu\/wp-content\/uploads\/2023\/02\/cropped-cropped-cropped-EVTECH-logo-transparent-1-1-1.png","width":999,"height":333,"caption":"EVTECH project"},"image":{"@id":"https:\/\/evtech-project.eu\/da\/#\/schema\/logo\/image\/"}}]}},"uagb_featured_image_src":{"full":false,"thumbnail":false,"medium":false,"medium_large":false,"large":false,"1536x1536":false,"2048x2048":false},"uagb_author_info":{"display_name":"admin","author_link":"https:\/\/evtech-project.eu\/da\/author\/info_0uxcc8vv\/"},"uagb_comment_info":0,"uagb_excerpt":"Resultater 1. VOOC EVTECHs Vocational Open Online Course (VOOC) designet specifikt til tr\u00e6ning af mekanikere i vedligeholdelse og sikkerhed ift. elektriske k\u00f8ret\u00f8jer (EV&#8217;er). Dette omfattende kursus udstyrer deltagerne med v\u00e6sentlig viden og praktiske f\u00e6rdigheder til at navigere i de unikke udfordringer ved EV-teknologi. Gennem engagerende moduler og interaktive vurderinger f\u00e5r eleverne selvtillid til at servicere&hellip;","_links":{"self":[{"href":"https:\/\/evtech-project.eu\/da\/wp-json\/wp\/v2\/pages\/2199","targetHints":{"allow":["GET"]}}],"collection":[{"href":"https:\/\/evtech-project.eu\/da\/wp-json\/wp\/v2\/pages"}],"about":[{"href":"https:\/\/evtech-project.eu\/da\/wp-json\/wp\/v2\/types\/page"}],"author":[{"embeddable":true,"href":"https:\/\/evtech-project.eu\/da\/wp-json\/wp\/v2\/users\/1"}],"replies":[{"embeddable":true,"href":"https:\/\/evtech-project.eu\/da\/wp-json\/wp\/v2\/comments?post=2199"}],"version-history":[{"count":55,"href":"https:\/\/evtech-project.eu\/da\/wp-json\/wp\/v2\/pages\/2199\/revisions"}],"predecessor-version":[{"id":2803,"href":"https:\/\/evtech-project.eu\/da\/wp-json\/wp\/v2\/pages\/2199\/revisions\/2803"}],"wp:attachment":[{"href":"https:\/\/evtech-project.eu\/da\/wp-json\/wp\/v2\/media?parent=2199"}],"curies":[{"name":"wp","href":"https:\/\/api.w.org\/{rel}","templated":true}]}}