{"id":1597,"date":"2020-05-12T03:43:03","date_gmt":"2020-05-12T03:43:03","guid":{"rendered":"https:\/\/evtech-project.eu\/pagina-de-inicio\/"},"modified":"2025-01-27T11:16:47","modified_gmt":"2025-01-27T11:16:47","slug":"pagina-de-inicio","status":"publish","type":"page","link":"https:\/\/evtech-project.eu\/es\/","title":{"rendered":"P\u00e1gina de inicio"},"content":{"rendered":"\n<div class=\"wp-block-uagb-container uagb-block-53392e73 alignfull uagb-is-root-container\"><div class=\"uagb-container-inner-blocks-wrap\">\n<div class=\"wp-block-uagb-info-box uagb-block-e398169b uagb-infobox__content-wrap  uagb-infobox-icon-above-title uagb-infobox-image-valign-top\"><div class=\"uagb-ifb-content\"><div class=\"uagb-ifb-title-wrap\"><p class=\"uagb-ifb-title\">EVTECH\u200b<\/p><\/div><p class=\"uagb-ifb-desc\">Competencias en mantenimiento y seguridad sobre veh\u00edculos el\u00e9ctricos para t\u00e9cnicos de autom\u00f3viles<\/p><\/div><\/div>\n\n\n\n<div class=\"wp-block-uagb-buttons uagb-buttons__outer-wrap uagb-btn__default-btn uagb-btn-tablet__default-btn uagb-btn-mobile__default-btn uagb-block-3b17dcca\"><div class=\"uagb-buttons__wrap uagb-buttons-layout-wrap \">\n<div class=\"wp-block-uagb-buttons-child uagb-buttons__outer-wrap uagb-block-816f9b14 wp-block-button\"><div class=\"uagb-button__wrapper\"><a class=\"uagb-buttons-repeater wp-block-button__link\" aria-label=\"\" href=\"https:\/\/www.facebook.com\/evtech.project\/\" rel=\"follow noopener\" target=\"_blank\" role=\"button\"><div class=\"uagb-button__link\">Actualizaciones y noticias<\/div><\/a><\/div><\/div>\n<\/div><\/div>\n<\/div><\/div>\n\n\n\n<div style=\"height:100px\" aria-hidden=\"true\" class=\"wp-block-spacer\"><\/div>\n\n\n\n<div class=\"wp-block-uagb-container uagb-block-e62371ff alignfull uagb-is-root-container\"><div class=\"uagb-container-inner-blocks-wrap\">\n<div class=\"wp-block-uagb-container uagb-block-4e305ba0\">\n<p class=\"has-x-large-font-size\"><strong>Objetivos<\/strong><\/p>\n<\/div>\n\n\n\n<div class=\"wp-block-uagb-container uagb-block-13a1163c\">\n<p>EVTECH busca aumentar la oferta, calidad y relevancia de la formaci\u00f3n profesional en la industria de los veh\u00edculos el\u00e9ctricos, para hacer frente a las nuevas necesidades profesionales y la inadecuaci\u00f3n de las cualificaciones, derivados de la creciente adopci\u00f3n de veh\u00edculos el\u00e9ctricos. El proyecto se basar\u00e1 en informaci\u00f3n existente sobre el mercado laboral y las cualificaciones, para crear un plan de estudios con oportunidades de aprendizaje basadas en el trabajo sobre el servicio, mantenimiento y reparaci\u00f3n de veh\u00edculos el\u00e9ctricos.<\/p>\n<\/div>\n<\/div><\/div>\n\n\n\n<div class=\"wp-block-uagb-container uagb-block-c580baa8 alignfull uagb-is-root-container\"><div class=\"uagb-container-inner-blocks-wrap\">\n<div style=\"height:30px\" aria-hidden=\"true\" class=\"wp-block-spacer\"><\/div>\n\n\n\n<h1 class=\"wp-block-heading has-text-align-center has-ast-global-color-5-background-color has-background has-large-font-size\" style=\"font-style:normal;font-weight:300;text-transform:none\">Ayudamos a los t\u00e9cnicos de veh\u00edculos electr\u00f3nicos creando:<\/h1>\n<\/div><\/div>\n\n\n\n<div class=\"wp-block-uagb-container uagb-block-33a24c14 alignfull uagb-is-root-container\">\n<div class=\"wp-block-uagb-container uagb-block-4e6f3329\">\n<div class=\"wp-block-uagb-advanced-heading uagb-block-aeb0fc58\"><p class=\"uagb-heading-text\">1. Resultados de aprendizaje basados en evidencia para la impartici\u00f3n de formaci\u00f3n profesional, a trav\u00e9s de consultas con expertos del el sector,<br>formaci\u00f3n y academicos.<\/p><\/div>\n<\/div>\n\n\n\n<div class=\"wp-block-uagb-container uagb-block-6f4a2117\">\n<div class=\"wp-block-uagb-advanced-heading uagb-block-64edb59b\"><p class=\"uagb-heading-text\">2. M\u00f3dulos de aprendizaje para FP formal, formaci\u00f3n y materiales de evaluaci\u00f3n y herramientas para formadores para impartir los cursos.<\/p><\/div>\n<\/div>\n\n\n\n<div class=\"wp-block-uagb-container uagb-block-379917c9\">\n<div class=\"wp-block-uagb-advanced-heading uagb-block-8e2e44f5\"><p class=\"uagb-heading-text\">3. REA (Recursos Educativos Abiertos), Curso Profesional Abierto Online (VOOC) y un libro electr\u00f3nico para el alumno para facilitar el autoaprendizaje.<\/p><\/div>\n<\/div>\n<\/div>\n\n\n\n<div class=\"wp-block-uagb-container uagb-block-2257aeb2 alignfull uagb-is-root-container\">\n<div class=\"wp-block-uagb-container uagb-block-74b94eb2\">\n<div class=\"wp-block-uagb-advanced-heading uagb-block-8e2dc5fe\"><p class=\"uagb-heading-text\">4. 5 seminarios presenciales (1\/modulo) y 1 prueba piloto del VOOC, con el objetivo de mejorar las cualificaciones de 800 t\u00e9cnicos de veh\u00edculos.<\/p><\/div>\n<\/div>\n\n\n\n<div class=\"wp-block-uagb-container uagb-block-63e5e7fe\">\n<div class=\"wp-block-uagb-advanced-heading uagb-block-d1f30792\"><p class=\"uagb-heading-text\">5. Esquema de requerimientos ocupacionales comunes y descripciones actualizadas de perfiles acupacionales relevantes,<br>para ser reconocido e incorporado en los programas nacionales de certificaci\u00f3n y el sistema de clasificaciones ESCO.<\/p><\/div>\n<\/div>\n<\/div>\n\n\n\n<div class=\"wp-block-uagb-container uagb-block-222847f6 alignfull uagb-is-root-container\"><div class=\"uagb-container-inner-blocks-wrap\">\n<div class=\"wp-block-uagb-info-box uagb-block-48298200 uagb-infobox__content-wrap  uagb-infobox-icon-above-title uagb-infobox-image-valign-top\"><div class=\"uagb-ifb-content\"><div class=\"uagb-ifb-title-wrap\"><h2 class=\"uagb-ifb-title\">Curso Profesional Abierto Online<\/h2><\/div><p class=\"uagb-ifb-desc\">El proyecto EVTECH crear\u00e1 un Curso Profesional Abierto Online para apoyar el autoaprendizaje de los tecnicos de autom\u00f3viles. Este curso online proporcionar\u00e1 m\u00f3dulos de aprendizaje para Formaci\u00f3n Profesional formal y materiales de evaluaci\u00f3n para trabajos de revisi\u00f3n, mantenimiento y reparaci\u00f3n de veh\u00edculos el\u00e9ctricos. EL VOOC ser\u00e1 accesible de forma online y fomentar\u00e1 el autoaprendizaje, permitiendo a los mec\u00e1nicos mejorar sus cualificacines a su propio ritmo y conveniencia. El curso online tambien incluir\u00e1 recursos abiertos de libre acceso y un libro electr\u00f3nico para el estudiante para ayudar en el aprendizaje y comprensi\u00f3n. Se realizar\u00e1 una prueba piloto del VOOC para evaluar su efectividad en mejorar las cualifiaciones de los t\u00e9cnicos de autom\u00f3viles.<\/p><div class=\"uagb-ifb-button-wrapper wp-block-button\"><a href=\"https:\/\/erasmusmoocs.thinkific.com\/courses\/es-evtech\" class=\"uagb-infobox-cta-link wp-block-button__link\" target=\"_blank\" rel=\"noopener noreferrer\" onclick=\"return true;\"><span class=\"uagb-inline-editing\">Acceder al VOOC <\/span><\/a><\/div><\/div><\/div>\n<\/div><\/div>\n\n\n\n<div style=\"height:100px\" aria-hidden=\"true\" class=\"wp-block-spacer\"><\/div>\n\n\n\n<div class=\"wp-block-uagb-container uagb-block-e711df2e alignfull uagb-is-root-container\"><div class=\"uagb-container-inner-blocks-wrap\"><\/div><\/div>\n","protected":false},"excerpt":{"rendered":"<p>Objetivos EVTECH busca aumentar la oferta, calidad y relevancia de la formaci\u00f3n profesional en la industria de los veh\u00edculos el\u00e9ctricos, para hacer frente a las nuevas necesidades profesionales y la inadecuaci\u00f3n de las cualificaciones, derivados de la creciente adopci\u00f3n de veh\u00edculos el\u00e9ctricos. El proyecto se basar\u00e1 en informaci\u00f3n existente sobre el mercado laboral y las [&hellip;]<\/p>\n","protected":false},"author":1,"featured_media":0,"parent":0,"menu_order":0,"comment_status":"closed","ping_status":"closed","template":"","meta":{"_uag_custom_page_level_css":"","site-sidebar-layout":"no-sidebar","site-content-layout":"plain-container","ast-site-content-layout":"normal-width-container","site-content-style":"unboxed","site-sidebar-style":"unboxed","ast-global-header-display":"","ast-banner-title-visibility":"","ast-main-header-display":"","ast-hfb-above-header-display":"","ast-hfb-below-header-display":"","ast-hfb-mobile-header-display":"","site-post-title":"disabled","ast-breadcrumbs-content":"","ast-featured-img":"disabled","footer-sml-layout":"","ast-disable-related-posts":"","theme-transparent-header-meta":"enabled","adv-header-id-meta":"","stick-header-meta":"","header-above-stick-meta":"","header-main-stick-meta":"","header-below-stick-meta":"","astra-migrate-meta-layouts":"set","ast-page-background-enabled":"default","ast-page-background-meta":{"desktop":{"background-color":"","background-image":"","background-repeat":"repeat","background-position":"center center","background-size":"auto","background-attachment":"scroll","background-type":"","background-media":"","overlay-type":"","overlay-color":"","overlay-opacity":"","overlay-gradient":""},"tablet":{"background-color":"","background-image":"","background-repeat":"repeat","background-position":"center center","background-size":"auto","background-attachment":"scroll","background-type":"","background-media":"","overlay-type":"","overlay-color":"","overlay-opacity":"","overlay-gradient":""},"mobile":{"background-color":"","background-image":"","background-repeat":"repeat","background-position":"center center","background-size":"auto","background-attachment":"scroll","background-type":"","background-media":"","overlay-type":"","overlay-color":"","overlay-opacity":"","overlay-gradient":""}},"ast-content-background-meta":{"desktop":{"background-color":"var(--ast-global-color-5)","background-image":"","background-repeat":"repeat","background-position":"center center","background-size":"auto","background-attachment":"scroll","background-type":"","background-media":"","overlay-type":"","overlay-color":"","overlay-opacity":"","overlay-gradient":""},"tablet":{"background-color":"var(--ast-global-color-5)","background-image":"","background-repeat":"repeat","background-position":"center center","background-size":"auto","background-attachment":"scroll","background-type":"","background-media":"","overlay-type":"","overlay-color":"","overlay-opacity":"","overlay-gradient":""},"mobile":{"background-color":"var(--ast-global-color-5)","background-image":"","background-repeat":"repeat","background-position":"center center","background-size":"auto","background-attachment":"scroll","background-type":"","background-media":"","overlay-type":"","overlay-color":"","overlay-opacity":"","overlay-gradient":""}},"footnotes":""},"class_list":["post-1597","page","type-page","status-publish","hentry"],"yoast_head":"<!-- This site is optimized with the Yoast SEO plugin v27.4 - https:\/\/yoast.com\/product\/yoast-seo-wordpress\/ -->\n<title>EVTECH - Competencias en mantenimiento y seguridad sobre veh\u00edculos el\u00e9ctricos para t\u00e9cnicos de autom\u00f3viles<\/title>\n<meta name=\"description\" content=\"Aumentar la oferta, la calidad y la pertinencia de la oferta de EFP en la industria del autom\u00f3vil, adquirir nuevas competencias, necesarias en la nueva era del VE.\" \/>\n<meta name=\"robots\" content=\"index, follow, max-snippet:-1, max-image-preview:large, max-video-preview:-1\" \/>\n<link rel=\"canonical\" href=\"https:\/\/evtech-project.eu\/es\/\" \/>\n<meta property=\"og:locale\" content=\"es_ES\" \/>\n<meta property=\"og:type\" content=\"article\" \/>\n<meta property=\"og:title\" content=\"EVTECH - Competencias en mantenimiento y seguridad sobre veh\u00edculos el\u00e9ctricos para t\u00e9cnicos de autom\u00f3viles\" \/>\n<meta property=\"og:description\" content=\"Aumentar la oferta, la calidad y la pertinencia de la oferta de EFP en la industria del autom\u00f3vil, adquirir nuevas competencias, necesarias en la nueva era del VE.\" \/>\n<meta property=\"og:url\" content=\"https:\/\/evtech-project.eu\/es\/\" \/>\n<meta property=\"og:site_name\" content=\"EVTECH project\" \/>\n<meta property=\"article:modified_time\" content=\"2025-01-27T11:16:47+00:00\" \/>\n<meta name=\"twitter:card\" content=\"summary_large_image\" \/>\n<meta name=\"twitter:label1\" content=\"Tiempo de lectura\" \/>\n\t<meta name=\"twitter:data1\" content=\"2 minutos\" \/>\n<script type=\"application\/ld+json\" class=\"yoast-schema-graph\">{\"@context\":\"https:\\\/\\\/schema.org\",\"@graph\":[{\"@type\":\"WebPage\",\"@id\":\"https:\\\/\\\/evtech-project.eu\\\/es\\\/\",\"url\":\"https:\\\/\\\/evtech-project.eu\\\/es\\\/\",\"name\":\"EVTECH - Competencias en mantenimiento y seguridad sobre veh\u00edculos el\u00e9ctricos para t\u00e9cnicos de autom\u00f3viles\",\"isPartOf\":{\"@id\":\"https:\\\/\\\/evtech-project.eu\\\/es\\\/#website\"},\"datePublished\":\"2020-05-12T03:43:03+00:00\",\"dateModified\":\"2025-01-27T11:16:47+00:00\",\"description\":\"Aumentar la oferta, la calidad y la pertinencia de la oferta de EFP en la industria del autom\u00f3vil, adquirir nuevas competencias, necesarias en la nueva era del VE.\",\"breadcrumb\":{\"@id\":\"https:\\\/\\\/evtech-project.eu\\\/es\\\/#breadcrumb\"},\"inLanguage\":\"es\",\"potentialAction\":[{\"@type\":\"ReadAction\",\"target\":[\"https:\\\/\\\/evtech-project.eu\\\/es\\\/\"]}]},{\"@type\":\"BreadcrumbList\",\"@id\":\"https:\\\/\\\/evtech-project.eu\\\/es\\\/#breadcrumb\",\"itemListElement\":[{\"@type\":\"ListItem\",\"position\":1,\"name\":\"Home\",\"item\":\"https:\\\/\\\/evtech-project.eu\\\/es\\\/\"},{\"@type\":\"ListItem\",\"position\":2,\"name\":\"P\u00e1gina de inicio\"}]},{\"@type\":\"WebSite\",\"@id\":\"https:\\\/\\\/evtech-project.eu\\\/es\\\/#website\",\"url\":\"https:\\\/\\\/evtech-project.eu\\\/es\\\/\",\"name\":\"EVTECH project\",\"description\":\"\",\"publisher\":{\"@id\":\"https:\\\/\\\/evtech-project.eu\\\/es\\\/#organization\"},\"potentialAction\":[{\"@type\":\"SearchAction\",\"target\":{\"@type\":\"EntryPoint\",\"urlTemplate\":\"https:\\\/\\\/evtech-project.eu\\\/es\\\/?s={search_term_string}\"},\"query-input\":{\"@type\":\"PropertyValueSpecification\",\"valueRequired\":true,\"valueName\":\"search_term_string\"}}],\"inLanguage\":\"es\"},{\"@type\":\"Organization\",\"@id\":\"https:\\\/\\\/evtech-project.eu\\\/es\\\/#organization\",\"name\":\"EVTECH project\",\"url\":\"https:\\\/\\\/evtech-project.eu\\\/es\\\/\",\"logo\":{\"@type\":\"ImageObject\",\"inLanguage\":\"es\",\"@id\":\"https:\\\/\\\/evtech-project.eu\\\/es\\\/#\\\/schema\\\/logo\\\/image\\\/\",\"url\":\"https:\\\/\\\/evtech-project.eu\\\/wp-content\\\/uploads\\\/2023\\\/02\\\/cropped-cropped-cropped-EVTECH-logo-transparent-1-1-1.png\",\"contentUrl\":\"https:\\\/\\\/evtech-project.eu\\\/wp-content\\\/uploads\\\/2023\\\/02\\\/cropped-cropped-cropped-EVTECH-logo-transparent-1-1-1.png\",\"width\":999,\"height\":333,\"caption\":\"EVTECH project\"},\"image\":{\"@id\":\"https:\\\/\\\/evtech-project.eu\\\/es\\\/#\\\/schema\\\/logo\\\/image\\\/\"}}]}<\/script>\n<!-- \/ Yoast SEO plugin. -->","yoast_head_json":{"title":"EVTECH - Competencias en mantenimiento y seguridad sobre veh\u00edculos el\u00e9ctricos para t\u00e9cnicos de autom\u00f3viles","description":"Aumentar la oferta, la calidad y la pertinencia de la oferta de EFP en la industria del autom\u00f3vil, adquirir nuevas competencias, necesarias en la nueva era del VE.","robots":{"index":"index","follow":"follow","max-snippet":"max-snippet:-1","max-image-preview":"max-image-preview:large","max-video-preview":"max-video-preview:-1"},"canonical":"https:\/\/evtech-project.eu\/es\/","og_locale":"es_ES","og_type":"article","og_title":"EVTECH - Competencias en mantenimiento y seguridad sobre veh\u00edculos el\u00e9ctricos para t\u00e9cnicos de autom\u00f3viles","og_description":"Aumentar la oferta, la calidad y la pertinencia de la oferta de EFP en la industria del autom\u00f3vil, adquirir nuevas competencias, necesarias en la nueva era del VE.","og_url":"https:\/\/evtech-project.eu\/es\/","og_site_name":"EVTECH project","article_modified_time":"2025-01-27T11:16:47+00:00","twitter_card":"summary_large_image","twitter_misc":{"Tiempo de lectura":"2 minutos"},"schema":{"@context":"https:\/\/schema.org","@graph":[{"@type":"WebPage","@id":"https:\/\/evtech-project.eu\/es\/","url":"https:\/\/evtech-project.eu\/es\/","name":"EVTECH - Competencias en mantenimiento y seguridad sobre veh\u00edculos el\u00e9ctricos para t\u00e9cnicos de autom\u00f3viles","isPartOf":{"@id":"https:\/\/evtech-project.eu\/es\/#website"},"datePublished":"2020-05-12T03:43:03+00:00","dateModified":"2025-01-27T11:16:47+00:00","description":"Aumentar la oferta, la calidad y la pertinencia de la oferta de EFP en la industria del autom\u00f3vil, adquirir nuevas competencias, necesarias en la nueva era del VE.","breadcrumb":{"@id":"https:\/\/evtech-project.eu\/es\/#breadcrumb"},"inLanguage":"es","potentialAction":[{"@type":"ReadAction","target":["https:\/\/evtech-project.eu\/es\/"]}]},{"@type":"BreadcrumbList","@id":"https:\/\/evtech-project.eu\/es\/#breadcrumb","itemListElement":[{"@type":"ListItem","position":1,"name":"Home","item":"https:\/\/evtech-project.eu\/es\/"},{"@type":"ListItem","position":2,"name":"P\u00e1gina de inicio"}]},{"@type":"WebSite","@id":"https:\/\/evtech-project.eu\/es\/#website","url":"https:\/\/evtech-project.eu\/es\/","name":"EVTECH project","description":"","publisher":{"@id":"https:\/\/evtech-project.eu\/es\/#organization"},"potentialAction":[{"@type":"SearchAction","target":{"@type":"EntryPoint","urlTemplate":"https:\/\/evtech-project.eu\/es\/?s={search_term_string}"},"query-input":{"@type":"PropertyValueSpecification","valueRequired":true,"valueName":"search_term_string"}}],"inLanguage":"es"},{"@type":"Organization","@id":"https:\/\/evtech-project.eu\/es\/#organization","name":"EVTECH project","url":"https:\/\/evtech-project.eu\/es\/","logo":{"@type":"ImageObject","inLanguage":"es","@id":"https:\/\/evtech-project.eu\/es\/#\/schema\/logo\/image\/","url":"https:\/\/evtech-project.eu\/wp-content\/uploads\/2023\/02\/cropped-cropped-cropped-EVTECH-logo-transparent-1-1-1.png","contentUrl":"https:\/\/evtech-project.eu\/wp-content\/uploads\/2023\/02\/cropped-cropped-cropped-EVTECH-logo-transparent-1-1-1.png","width":999,"height":333,"caption":"EVTECH project"},"image":{"@id":"https:\/\/evtech-project.eu\/es\/#\/schema\/logo\/image\/"}}]}},"uagb_featured_image_src":{"full":false,"thumbnail":false,"medium":false,"medium_large":false,"large":false,"1536x1536":false,"2048x2048":false},"uagb_author_info":{"display_name":"admin","author_link":"https:\/\/evtech-project.eu\/es\/author\/info_0uxcc8vv\/"},"uagb_comment_info":0,"uagb_excerpt":"Objetivos EVTECH busca aumentar la oferta, calidad y relevancia de la formaci\u00f3n profesional en la industria de los veh\u00edculos el\u00e9ctricos, para hacer frente a las nuevas necesidades profesionales y la inadecuaci\u00f3n de las cualificaciones, derivados de la creciente adopci\u00f3n de veh\u00edculos el\u00e9ctricos. El proyecto se basar\u00e1 en informaci\u00f3n existente sobre el mercado laboral y las&hellip;","_links":{"self":[{"href":"https:\/\/evtech-project.eu\/es\/wp-json\/wp\/v2\/pages\/1597","targetHints":{"allow":["GET"]}}],"collection":[{"href":"https:\/\/evtech-project.eu\/es\/wp-json\/wp\/v2\/pages"}],"about":[{"href":"https:\/\/evtech-project.eu\/es\/wp-json\/wp\/v2\/types\/page"}],"author":[{"embeddable":true,"href":"https:\/\/evtech-project.eu\/es\/wp-json\/wp\/v2\/users\/1"}],"replies":[{"embeddable":true,"href":"https:\/\/evtech-project.eu\/es\/wp-json\/wp\/v2\/comments?post=1597"}],"version-history":[{"count":8,"href":"https:\/\/evtech-project.eu\/es\/wp-json\/wp\/v2\/pages\/1597\/revisions"}],"predecessor-version":[{"id":2766,"href":"https:\/\/evtech-project.eu\/es\/wp-json\/wp\/v2\/pages\/1597\/revisions\/2766"}],"wp:attachment":[{"href":"https:\/\/evtech-project.eu\/es\/wp-json\/wp\/v2\/media?parent=1597"}],"curies":[{"name":"wp","href":"https:\/\/api.w.org\/{rel}","templated":true}]}}