{"id":2170,"date":"2023-02-02T11:10:37","date_gmt":"2023-02-02T11:10:37","guid":{"rendered":"https:\/\/evtech-project.eu\/resultados\/"},"modified":"2025-03-05T11:28:50","modified_gmt":"2025-03-05T11:28:50","slug":"resultados","status":"publish","type":"page","link":"https:\/\/evtech-project.eu\/es\/resultados\/","title":{"rendered":"Resultados"},"content":{"rendered":"\n<div class=\"wp-block-uagb-container uagb-block-76e42a57 alignfull uagb-is-root-container\"><div class=\"uagb-container-inner-blocks-wrap\">\n<div class=\"wp-block-uagb-advanced-heading uagb-block-4db2dce8\"><p class=\"uagb-heading-text\">Resultados<\/p><\/div>\n<\/div><\/div>\n\n\n\n<div class=\"wp-block-uagb-container uagb-block-91635d71 alignfull uagb-is-root-container\">\n<div class=\"wp-block-uagb-container uagb-block-9734c49e\">\n<div class=\"wp-block-uagb-advanced-heading uagb-block-65b9150d\"><div class=\"uagb-heading-text\">1. VOOC<\/div><\/div>\n\n\n\n<div class=\"wp-block-uagb-advanced-heading uagb-block-6381f3ed\"><p class=\"uagb-heading-text\">El curso vocacional abierto on l\u00ednea (VOOC) de EVTECH est\u00e1 dise\u00f1ado espec\u00edficamente para capacitar a mec\u00e1nicos en el mantenimiento y la seguridad de veh\u00edculos el\u00e9ctricos (VE). Este curso integral proporciona a los participantes conocimientos esenciales y habilidades pr\u00e1cticas para afrontar los desaf\u00edos \u00fanicos de la tecnolog\u00eda de los VE. A trav\u00e9s de m\u00f3dulos atractivos y evaluaciones interactivas, los alumnos adquieren confianza en el mantenimiento de veh\u00edculos el\u00e9ctricos, al tiempo que priorizan la seguridad y la eficiencia. El VOOC no solo mejora el conjunto de habilidades de los mec\u00e1nicos, sino que tambi\u00e9n contribuye al objetivo m\u00e1s amplio de fomentar un futuro automotriz sostenible. Lo mejor de todo es que este valioso recurso en l\u00ednea est\u00e1 disponible de forma abierta y gratuita para todos, lo que garantiza que cualquier persona pueda acceder a la capacitaci\u00f3n necesaria para mejorar sus habilidades.<\/p><\/div>\n\n\n\n<div class=\"wp-block-uagb-buttons uagb-buttons__outer-wrap uagb-btn__default-btn uagb-btn-tablet__default-btn uagb-btn-mobile__default-btn uagb-block-42ee35f0\"><div class=\"uagb-buttons__wrap uagb-buttons-layout-wrap \">\n<div class=\"wp-block-uagb-buttons-child uagb-buttons__outer-wrap uagb-block-9ac3f057 wp-block-button\"><div class=\"uagb-button__wrapper\"><a class=\"uagb-buttons-repeater wp-block-button__link\" aria-label=\"\" href=\"https:\/\/erasmusmoocs.thinkific.com\/courses\/es-evtech\" rel=\"follow noopener\" target=\"_blank\" role=\"button\"><div class=\"uagb-button__link\">\u00a1Inscr\u00edbete ahora!<\/div><\/a><\/div><\/div>\n<\/div><\/div>\n\n\n\n<div style=\"height:10px\" aria-hidden=\"true\" class=\"wp-block-spacer\"><\/div>\n\n\n\n<div class=\"wp-block-uagb-buttons uagb-buttons__outer-wrap uagb-btn__default-btn uagb-btn-tablet__default-btn uagb-btn-mobile__default-btn uagb-block-a9822247\"><div class=\"uagb-buttons__wrap uagb-buttons-layout-wrap \">\n<div class=\"wp-block-uagb-buttons-child uagb-buttons__outer-wrap uagb-block-bdc7ab63 wp-block-button\"><div class=\"uagb-button__wrapper\"><a class=\"uagb-buttons-repeater wp-block-button__link\" aria-label=\"\" href=\"https:\/\/evtech-project.eu\/wp-content\/uploads\/2025\/01\/D2.3.1-EDUCATIONAL-RESOURCES_ES.pdf\" rel=\"follow noopener\" target=\"_blank\" role=\"button\"><div class=\"uagb-button__link\">DESCARGAR LOS RECURSOS EDUCATIVOS ABIERTOS<\/div><\/a><\/div><\/div>\n<\/div><\/div>\n\n\n\n<div style=\"height:252px\" aria-hidden=\"true\" class=\"wp-block-spacer\"><\/div>\n<\/div>\n\n\n\n<div class=\"wp-block-uagb-container uagb-block-81566fbc\">\n<div class=\"wp-block-uagb-advanced-heading uagb-block-aa932934\"><div class=\"uagb-heading-text\">2. LIBRO ELECTR\u00d3NICO<\/div><\/div>\n\n\n\n<div class=\"wp-block-uagb-advanced-heading uagb-block-6ed8931a\"><p class=\"uagb-heading-text\">El libro electr\u00f3nico de EVTECH sirve como una gu\u00eda completa para los estudiantes, ya que resume los conceptos clave y proporciona recursos adicionales. Este libro electr\u00f3nico incluye explicaciones b\u00e1sicas de los componentes de los veh\u00edculos el\u00e9ctricos, los protocolos de mantenimiento y las pr\u00e1cticas de seguridad, lo que garantiza que los mec\u00e1nicos tengan las herramientas que necesitan para destacar. Lo mejor de todo es que el libro electr\u00f3nico est\u00e1 disponible de forma gratuita para todos, lo que hace que esta capacitaci\u00f3n vital sea accesible para todos.<\/p><\/div>\n\n\n\n<div class=\"wp-block-uagb-buttons uagb-buttons__outer-wrap uagb-btn__default-btn uagb-btn-tablet__default-btn uagb-btn-mobile__default-btn uagb-block-cf8e2c6e\"><div class=\"uagb-buttons__wrap uagb-buttons-layout-wrap \">\n<div class=\"wp-block-uagb-buttons-child uagb-buttons__outer-wrap uagb-block-97bf8f6b wp-block-button\"><div class=\"uagb-button__wrapper\"><a class=\"uagb-buttons-repeater wp-block-button__link\" aria-label=\"\" href=\"https:\/\/evtech-project.eu\/wp-content\/uploads\/2024\/11\/EVTECH_A.3.3_Learners_E-book_ES.pdf\" rel=\"follow noopener\" target=\"_blank\" role=\"button\"><div class=\"uagb-button__link\">Descargar el libro electr\u00f3nico EVTECH<\/div><\/a><\/div><\/div>\n<\/div><\/div>\n\n\n\n<div style=\"height:432px\" aria-hidden=\"true\" class=\"wp-block-spacer\"><\/div>\n<\/div>\n\n\n\n<div class=\"wp-block-uagb-container uagb-block-2fd45fb5\">\n<div style=\"height:5px\" aria-hidden=\"true\" class=\"wp-block-spacer\"><\/div>\n\n\n\n<div class=\"wp-block-uagb-advanced-heading uagb-block-93c19d44\"><div class=\"uagb-heading-text\">3. DECLARACI\u00d3N DE APOYO<\/div><\/div>\n\n\n\n<div class=\"wp-block-uagb-advanced-heading uagb-block-152e5268\"><p class=\"uagb-heading-text\">Le invitamos a unirse a una creciente coalici\u00f3n de partes interesadas en los sectores automotriz y educativo firmando la Declaraci\u00f3n de apoyo de EVTECH. Esta iniciativa es un paso vital para satisfacer la creciente demanda de t\u00e9cnicos calificados en el panorama de los veh\u00edculos el\u00e9ctricos en r\u00e1pida evoluci\u00f3n. Al respaldar esta declaraci\u00f3n, usted afirma la importancia de los resultados del proyecto, incluido el Curso on l\u00ednea abierto vocacional (VOOC) y el libro electr\u00f3nico que lo acompa\u00f1a, as\u00ed como recursos vitales tanto para los mec\u00e1nicos actuales como para la fuerza laboral futura. Su apoyo abogar\u00e1 por la continuidad de los resultados del proyecto, asegurando que los mec\u00e1nicos est\u00e9n preparados para enfrentarse a los desaf\u00edos del futuro de la industria automotriz.<\/p><\/div>\n\n\n\n<div style=\"height:0px\" aria-hidden=\"true\" class=\"wp-block-spacer\"><\/div>\n\n\n\n<div class=\"wp-block-uagb-buttons uagb-buttons__outer-wrap uagb-btn__default-btn uagb-btn-tablet__default-btn uagb-btn-mobile__default-btn uagb-block-ac05b946\"><div class=\"uagb-buttons__wrap uagb-buttons-layout-wrap \">\n<div class=\"wp-block-uagb-buttons-child uagb-buttons__outer-wrap uagb-block-f516f465 wp-block-button\"><div class=\"uagb-button__wrapper\"><a class=\"uagb-buttons-repeater wp-block-button__link\" aria-label=\"\" href=\"https:\/\/evtech-project.eu\/es\/declaracion-de-apoyo\/\" rel=\"follow noopener\" target=\"_blank\" role=\"button\"><div class=\"uagb-button__link\">Firma la Declaraci\u00f3n de Apoyo<\/div><\/a><\/div><\/div>\n<\/div><\/div>\n\n\n\n<div style=\"height:351px\" aria-hidden=\"true\" class=\"wp-block-spacer\"><\/div>\n<\/div>\n<\/div>\n\n\n\n<div class=\"wp-block-uagb-container uagb-block-b6f2901e alignfull uagb-is-root-container\">\n<div class=\"wp-block-uagb-container uagb-block-231e9033\">\n<div class=\"wp-block-uagb-advanced-heading uagb-block-60e12100\"><div class=\"uagb-heading-text\">4. SUPLEMENTO AL CERTIFICADO<\/div><\/div>\n\n\n\n<div class=\"wp-block-uagb-advanced-heading uagb-block-fd8ed5a4\"><p class=\"uagb-heading-text\">Como parte del proyecto EVTECH, el consorcio ha creado un Suplemento oficial al Certificado Europass. Este suplemento est\u00e1 dise\u00f1ado para facilitar a los proveedores de Educaci\u00f3n y Formaci\u00f3n Profesional (EFP) la incorporaci\u00f3n de los materiales de formaci\u00f3n de nuestro proyecto en sus planes de estudio certificados. Al ofrecer un certificado oficial de cualificaci\u00f3n, pretendemos mejorar el reconocimiento de las habilidades adquiridas a trav\u00e9s de nuestro Curso en l\u00ednea abierto de formaci\u00f3n profesional (VOOC) y nuestro libro electr\u00f3nico. Esta iniciativa no solo agiliza el proceso de certificaci\u00f3n para los proveedores de FP, sino que tambi\u00e9n garantiza que los alumnos reciban un reconocimiento formal de sus logros en seguridad y mantenimiento de veh\u00edculos el\u00e9ctricos, lo que respalda su desarrollo profesional en este creciente sector de la automoci\u00f3n.<\/p><\/div>\n\n\n\n<div class=\"wp-block-uagb-buttons uagb-buttons__outer-wrap uagb-btn__default-btn uagb-btn-tablet__default-btn uagb-btn-mobile__default-btn uagb-block-244c75f6\"><div class=\"uagb-buttons__wrap uagb-buttons-layout-wrap \">\n<div class=\"wp-block-uagb-buttons-child uagb-buttons__outer-wrap uagb-block-8c14810c wp-block-button\"><div class=\"uagb-button__wrapper\"><a class=\"uagb-buttons-repeater wp-block-button__link\" aria-label=\"\" href=\"https:\/\/evtech-project.eu\/wp-content\/uploads\/2024\/11\/EVTECH_Certificate-supplement-Template-EN.docx\" rel=\"follow noopener\" target=\"_blank\" role=\"button\"><div class=\"uagb-button__link\">Descargar el certificado<\/div><\/a><\/div><\/div>\n<\/div><\/div>\n\n\n\n<div style=\"height:189px\" aria-hidden=\"true\" class=\"wp-block-spacer\"><\/div>\n\n\n\n<div style=\"height:18px\" aria-hidden=\"true\" class=\"wp-block-spacer\"><\/div>\n<\/div>\n\n\n\n<div class=\"wp-block-uagb-container uagb-block-031f30c7\">\n<div class=\"wp-block-uagb-advanced-heading uagb-block-082b3b36\"><div class=\"uagb-heading-text\">5. ESPECIFICACIONES PARA UNA CUALIFICACI\u00d3N PROFESIONAL A ESCALA DE LA UE<\/div><\/div>\n\n\n\n<div class=\"wp-block-group is-vertical is-content-justification-left is-layout-flex wp-container-core-group-is-layout-7666da4f wp-block-group-is-layout-flex\">\n<div class=\"wp-block-uagb-advanced-heading uagb-block-910caf56\"><p class=\"uagb-heading-text\">El consorcio ha desarrollado un plan integral que describe los requisitos ocupacionales comunes y proporciona descripciones actualizadas de los perfiles ocupacionales relevantes en el campo del mantenimiento y la seguridad de los veh\u00edculos el\u00e9ctricos (VE). Este plan est\u00e1 dise\u00f1ado para ser reconocido e integrado en los esquemas de certificaci\u00f3n nacionales y en el sistema de clasificaci\u00f3n de Habilidades, Competencias, Cualificaciones y Ocupaciones Europeas (ESCO). Al alinear los resultados de capacitaci\u00f3n de EVTECH con los est\u00e1ndares ocupacionales establecidos, nuestro objetivo es mejorar el reconocimiento de las habilidades dentro del sector automotriz y facilitar una mayor movilidad para los profesionales en toda Europa. Esta iniciativa no solo fortalece la calidad de la capacitaci\u00f3n vocacional, sino que tambi\u00e9n apoya la transici\u00f3n hacia una fuerza laboral automotriz sostenible preparada para los desaf\u00edos del futuro.<\/p><\/div>\n<\/div>\n\n\n\n<div class=\"wp-block-uagb-buttons uagb-buttons__outer-wrap uagb-btn__default-btn uagb-btn-tablet__default-btn uagb-btn-mobile__default-btn uagb-block-b1de5ed6\"><div class=\"uagb-buttons__wrap uagb-buttons-layout-wrap \">\n<div class=\"wp-block-uagb-buttons-child uagb-buttons__outer-wrap uagb-block-38968c3e wp-block-button\"><div class=\"uagb-button__wrapper\"><a class=\"uagb-buttons-repeater wp-block-button__link\" aria-label=\"\" href=\"https:\/\/evtech-project.eu\/wp-content\/uploads\/2025\/01\/EVTECH_A4.3_report_FINAL.pdf\" rel=\"follow noopener\" target=\"_blank\" role=\"button\"><div class=\"uagb-button__link\">DOWNLOAD ACTION PLAN REPORT<\/div><\/a><\/div><\/div>\n<\/div><\/div>\n\n\n\n<div style=\"height:10px\" aria-hidden=\"true\" class=\"wp-block-spacer\"><\/div>\n\n\n\n<div class=\"wp-block-uagb-buttons uagb-buttons__outer-wrap uagb-btn__default-btn uagb-btn-tablet__default-btn uagb-btn-mobile__default-btn uagb-block-792049ed\"><div class=\"uagb-buttons__wrap uagb-buttons-layout-wrap \">\n<div class=\"wp-block-uagb-buttons-child uagb-buttons__outer-wrap uagb-block-ff7cc2ae wp-block-button\"><div class=\"uagb-button__wrapper\"><a class=\"uagb-buttons-repeater wp-block-button__link\" aria-label=\"\" href=\"https:\/\/evtech-project.eu\/wp-content\/uploads\/2025\/01\/Blueprint-of-an-EU-wide-qualification-for-EV-technicians.pdf\" rel=\"follow noopener\" target=\"_blank\" role=\"button\"><div class=\"uagb-button__link\">Descargar proyecto<\/div><\/a><\/div><\/div>\n<\/div><\/div>\n\n\n\n<div style=\"height:117px\" aria-hidden=\"true\" class=\"wp-block-spacer\"><\/div>\n<\/div>\n<\/div>\n","protected":false},"excerpt":{"rendered":"<p>Resultados 1. VOOC El curso vocacional abierto on l\u00ednea (VOOC) de EVTECH est\u00e1 dise\u00f1ado espec\u00edficamente para capacitar a mec\u00e1nicos en el mantenimiento y la seguridad de veh\u00edculos el\u00e9ctricos (VE). Este curso integral proporciona a los participantes conocimientos esenciales y habilidades pr\u00e1cticas para afrontar los desaf\u00edos \u00fanicos de la tecnolog\u00eda de los VE. A trav\u00e9s de [&hellip;]<\/p>\n","protected":false},"author":1,"featured_media":0,"parent":0,"menu_order":0,"comment_status":"closed","ping_status":"closed","template":"","meta":{"_uag_custom_page_level_css":"","site-sidebar-layout":"no-sidebar","site-content-layout":"plain-container","ast-site-content-layout":"normal-width-container","site-content-style":"unboxed","site-sidebar-style":"unboxed","ast-global-header-display":"","ast-banner-title-visibility":"","ast-main-header-display":"","ast-hfb-above-header-display":"","ast-hfb-below-header-display":"","ast-hfb-mobile-header-display":"","site-post-title":"disabled","ast-breadcrumbs-content":"","ast-featured-img":"","footer-sml-layout":"","ast-disable-related-posts":"","theme-transparent-header-meta":"enabled","adv-header-id-meta":"","stick-header-meta":"","header-above-stick-meta":"","header-main-stick-meta":"","header-below-stick-meta":"","astra-migrate-meta-layouts":"set","ast-page-background-enabled":"default","ast-page-background-meta":{"desktop":{"background-color":"","background-image":"","background-repeat":"repeat","background-position":"center center","background-size":"auto","background-attachment":"scroll","background-type":"","background-media":"","overlay-type":"","overlay-color":"","overlay-opacity":"","overlay-gradient":""},"tablet":{"background-color":"","background-image":"","background-repeat":"repeat","background-position":"center center","background-size":"auto","background-attachment":"scroll","background-type":"","background-media":"","overlay-type":"","overlay-color":"","overlay-opacity":"","overlay-gradient":""},"mobile":{"background-color":"","background-image":"","background-repeat":"repeat","background-position":"center center","background-size":"auto","background-attachment":"scroll","background-type":"","background-media":"","overlay-type":"","overlay-color":"","overlay-opacity":"","overlay-gradient":""}},"ast-content-background-meta":{"desktop":{"background-color":"var(--ast-global-color-5)","background-image":"","background-repeat":"repeat","background-position":"center center","background-size":"auto","background-attachment":"scroll","background-type":"","background-media":"","overlay-type":"","overlay-color":"","overlay-opacity":"","overlay-gradient":""},"tablet":{"background-color":"var(--ast-global-color-5)","background-image":"","background-repeat":"repeat","background-position":"center center","background-size":"auto","background-attachment":"scroll","background-type":"","background-media":"","overlay-type":"","overlay-color":"","overlay-opacity":"","overlay-gradient":""},"mobile":{"background-color":"var(--ast-global-color-5)","background-image":"","background-repeat":"repeat","background-position":"center center","background-size":"auto","background-attachment":"scroll","background-type":"","background-media":"","overlay-type":"","overlay-color":"","overlay-opacity":"","overlay-gradient":""}},"footnotes":""},"class_list":["post-2170","page","type-page","status-publish","hentry"],"yoast_head":"<!-- This site is optimized with the Yoast SEO plugin v27.4 - https:\/\/yoast.com\/product\/yoast-seo-wordpress\/ -->\n<title>Resultados - EVTECH project<\/title>\n<meta name=\"robots\" content=\"index, follow, max-snippet:-1, max-image-preview:large, max-video-preview:-1\" \/>\n<link rel=\"canonical\" href=\"https:\/\/evtech-project.eu\/es\/resultados\/\" \/>\n<meta property=\"og:locale\" content=\"es_ES\" \/>\n<meta property=\"og:type\" content=\"article\" \/>\n<meta property=\"og:title\" content=\"Resultados - EVTECH project\" \/>\n<meta property=\"og:description\" content=\"Resultados 1. VOOC El curso vocacional abierto on l\u00ednea (VOOC) de EVTECH est\u00e1 dise\u00f1ado espec\u00edficamente para capacitar a mec\u00e1nicos en el mantenimiento y la seguridad de veh\u00edculos el\u00e9ctricos (VE). Este curso integral proporciona a los participantes conocimientos esenciales y habilidades pr\u00e1cticas para afrontar los desaf\u00edos \u00fanicos de la tecnolog\u00eda de los VE. A trav\u00e9s de [&hellip;]\" \/>\n<meta property=\"og:url\" content=\"https:\/\/evtech-project.eu\/es\/resultados\/\" \/>\n<meta property=\"og:site_name\" content=\"EVTECH project\" \/>\n<meta property=\"article:modified_time\" content=\"2025-03-05T11:28:50+00:00\" \/>\n<meta name=\"twitter:card\" content=\"summary_large_image\" \/>\n<meta name=\"twitter:label1\" content=\"Tiempo de lectura\" \/>\n\t<meta name=\"twitter:data1\" content=\"3 minutos\" \/>\n<script type=\"application\/ld+json\" class=\"yoast-schema-graph\">{\"@context\":\"https:\\\/\\\/schema.org\",\"@graph\":[{\"@type\":\"WebPage\",\"@id\":\"https:\\\/\\\/evtech-project.eu\\\/es\\\/resultados\\\/\",\"url\":\"https:\\\/\\\/evtech-project.eu\\\/es\\\/resultados\\\/\",\"name\":\"Resultados - EVTECH project\",\"isPartOf\":{\"@id\":\"https:\\\/\\\/evtech-project.eu\\\/es\\\/#website\"},\"datePublished\":\"2023-02-02T11:10:37+00:00\",\"dateModified\":\"2025-03-05T11:28:50+00:00\",\"breadcrumb\":{\"@id\":\"https:\\\/\\\/evtech-project.eu\\\/es\\\/resultados\\\/#breadcrumb\"},\"inLanguage\":\"es\",\"potentialAction\":[{\"@type\":\"ReadAction\",\"target\":[\"https:\\\/\\\/evtech-project.eu\\\/es\\\/resultados\\\/\"]}]},{\"@type\":\"BreadcrumbList\",\"@id\":\"https:\\\/\\\/evtech-project.eu\\\/es\\\/resultados\\\/#breadcrumb\",\"itemListElement\":[{\"@type\":\"ListItem\",\"position\":1,\"name\":\"Home\",\"item\":\"https:\\\/\\\/evtech-project.eu\\\/es\\\/\"},{\"@type\":\"ListItem\",\"position\":2,\"name\":\"Resultados\"}]},{\"@type\":\"WebSite\",\"@id\":\"https:\\\/\\\/evtech-project.eu\\\/es\\\/#website\",\"url\":\"https:\\\/\\\/evtech-project.eu\\\/es\\\/\",\"name\":\"EVTECH project\",\"description\":\"\",\"publisher\":{\"@id\":\"https:\\\/\\\/evtech-project.eu\\\/es\\\/#organization\"},\"potentialAction\":[{\"@type\":\"SearchAction\",\"target\":{\"@type\":\"EntryPoint\",\"urlTemplate\":\"https:\\\/\\\/evtech-project.eu\\\/es\\\/?s={search_term_string}\"},\"query-input\":{\"@type\":\"PropertyValueSpecification\",\"valueRequired\":true,\"valueName\":\"search_term_string\"}}],\"inLanguage\":\"es\"},{\"@type\":\"Organization\",\"@id\":\"https:\\\/\\\/evtech-project.eu\\\/es\\\/#organization\",\"name\":\"EVTECH project\",\"url\":\"https:\\\/\\\/evtech-project.eu\\\/es\\\/\",\"logo\":{\"@type\":\"ImageObject\",\"inLanguage\":\"es\",\"@id\":\"https:\\\/\\\/evtech-project.eu\\\/es\\\/#\\\/schema\\\/logo\\\/image\\\/\",\"url\":\"https:\\\/\\\/evtech-project.eu\\\/wp-content\\\/uploads\\\/2023\\\/02\\\/cropped-cropped-cropped-EVTECH-logo-transparent-1-1-1.png\",\"contentUrl\":\"https:\\\/\\\/evtech-project.eu\\\/wp-content\\\/uploads\\\/2023\\\/02\\\/cropped-cropped-cropped-EVTECH-logo-transparent-1-1-1.png\",\"width\":999,\"height\":333,\"caption\":\"EVTECH project\"},\"image\":{\"@id\":\"https:\\\/\\\/evtech-project.eu\\\/es\\\/#\\\/schema\\\/logo\\\/image\\\/\"}}]}<\/script>\n<!-- \/ Yoast SEO plugin. -->","yoast_head_json":{"title":"Resultados - EVTECH project","robots":{"index":"index","follow":"follow","max-snippet":"max-snippet:-1","max-image-preview":"max-image-preview:large","max-video-preview":"max-video-preview:-1"},"canonical":"https:\/\/evtech-project.eu\/es\/resultados\/","og_locale":"es_ES","og_type":"article","og_title":"Resultados - EVTECH project","og_description":"Resultados 1. VOOC El curso vocacional abierto on l\u00ednea (VOOC) de EVTECH est\u00e1 dise\u00f1ado espec\u00edficamente para capacitar a mec\u00e1nicos en el mantenimiento y la seguridad de veh\u00edculos el\u00e9ctricos (VE). Este curso integral proporciona a los participantes conocimientos esenciales y habilidades pr\u00e1cticas para afrontar los desaf\u00edos \u00fanicos de la tecnolog\u00eda de los VE. A trav\u00e9s de [&hellip;]","og_url":"https:\/\/evtech-project.eu\/es\/resultados\/","og_site_name":"EVTECH project","article_modified_time":"2025-03-05T11:28:50+00:00","twitter_card":"summary_large_image","twitter_misc":{"Tiempo de lectura":"3 minutos"},"schema":{"@context":"https:\/\/schema.org","@graph":[{"@type":"WebPage","@id":"https:\/\/evtech-project.eu\/es\/resultados\/","url":"https:\/\/evtech-project.eu\/es\/resultados\/","name":"Resultados - EVTECH project","isPartOf":{"@id":"https:\/\/evtech-project.eu\/es\/#website"},"datePublished":"2023-02-02T11:10:37+00:00","dateModified":"2025-03-05T11:28:50+00:00","breadcrumb":{"@id":"https:\/\/evtech-project.eu\/es\/resultados\/#breadcrumb"},"inLanguage":"es","potentialAction":[{"@type":"ReadAction","target":["https:\/\/evtech-project.eu\/es\/resultados\/"]}]},{"@type":"BreadcrumbList","@id":"https:\/\/evtech-project.eu\/es\/resultados\/#breadcrumb","itemListElement":[{"@type":"ListItem","position":1,"name":"Home","item":"https:\/\/evtech-project.eu\/es\/"},{"@type":"ListItem","position":2,"name":"Resultados"}]},{"@type":"WebSite","@id":"https:\/\/evtech-project.eu\/es\/#website","url":"https:\/\/evtech-project.eu\/es\/","name":"EVTECH project","description":"","publisher":{"@id":"https:\/\/evtech-project.eu\/es\/#organization"},"potentialAction":[{"@type":"SearchAction","target":{"@type":"EntryPoint","urlTemplate":"https:\/\/evtech-project.eu\/es\/?s={search_term_string}"},"query-input":{"@type":"PropertyValueSpecification","valueRequired":true,"valueName":"search_term_string"}}],"inLanguage":"es"},{"@type":"Organization","@id":"https:\/\/evtech-project.eu\/es\/#organization","name":"EVTECH project","url":"https:\/\/evtech-project.eu\/es\/","logo":{"@type":"ImageObject","inLanguage":"es","@id":"https:\/\/evtech-project.eu\/es\/#\/schema\/logo\/image\/","url":"https:\/\/evtech-project.eu\/wp-content\/uploads\/2023\/02\/cropped-cropped-cropped-EVTECH-logo-transparent-1-1-1.png","contentUrl":"https:\/\/evtech-project.eu\/wp-content\/uploads\/2023\/02\/cropped-cropped-cropped-EVTECH-logo-transparent-1-1-1.png","width":999,"height":333,"caption":"EVTECH project"},"image":{"@id":"https:\/\/evtech-project.eu\/es\/#\/schema\/logo\/image\/"}}]}},"uagb_featured_image_src":{"full":false,"thumbnail":false,"medium":false,"medium_large":false,"large":false,"1536x1536":false,"2048x2048":false},"uagb_author_info":{"display_name":"admin","author_link":"https:\/\/evtech-project.eu\/es\/author\/info_0uxcc8vv\/"},"uagb_comment_info":0,"uagb_excerpt":"Resultados 1. VOOC El curso vocacional abierto on l\u00ednea (VOOC) de EVTECH est\u00e1 dise\u00f1ado espec\u00edficamente para capacitar a mec\u00e1nicos en el mantenimiento y la seguridad de veh\u00edculos el\u00e9ctricos (VE). Este curso integral proporciona a los participantes conocimientos esenciales y habilidades pr\u00e1cticas para afrontar los desaf\u00edos \u00fanicos de la tecnolog\u00eda de los VE. A trav\u00e9s de&hellip;","_links":{"self":[{"href":"https:\/\/evtech-project.eu\/es\/wp-json\/wp\/v2\/pages\/2170","targetHints":{"allow":["GET"]}}],"collection":[{"href":"https:\/\/evtech-project.eu\/es\/wp-json\/wp\/v2\/pages"}],"about":[{"href":"https:\/\/evtech-project.eu\/es\/wp-json\/wp\/v2\/types\/page"}],"author":[{"embeddable":true,"href":"https:\/\/evtech-project.eu\/es\/wp-json\/wp\/v2\/users\/1"}],"replies":[{"embeddable":true,"href":"https:\/\/evtech-project.eu\/es\/wp-json\/wp\/v2\/comments?post=2170"}],"version-history":[{"count":38,"href":"https:\/\/evtech-project.eu\/es\/wp-json\/wp\/v2\/pages\/2170\/revisions"}],"predecessor-version":[{"id":2812,"href":"https:\/\/evtech-project.eu\/es\/wp-json\/wp\/v2\/pages\/2170\/revisions\/2812"}],"wp:attachment":[{"href":"https:\/\/evtech-project.eu\/es\/wp-json\/wp\/v2\/media?parent=2170"}],"curies":[{"name":"wp","href":"https:\/\/api.w.org\/{rel}","templated":true}]}}