{"id":2172,"date":"2024-11-19T13:21:55","date_gmt":"2024-11-19T13:21:55","guid":{"rendered":"https:\/\/evtech-project.eu\/declaracion-de-apoyo\/"},"modified":"2024-11-25T11:48:54","modified_gmt":"2024-11-25T11:48:54","slug":"declaracion-de-apoyo","status":"publish","type":"page","link":"https:\/\/evtech-project.eu\/es\/declaracion-de-apoyo\/","title":{"rendered":"Declaraci\u00f3n de apoyo"},"content":{"rendered":"\n<p>Por favor, complete su nombre completo y correo electr\u00f3nico a continuaci\u00f3n para firmar la Declaraci\u00f3n de Apoyo EVTECH.<\/p>\n\n\n\n<div class=\"wp-block-uagb-buttons uagb-buttons__outer-wrap uagb-btn__default-btn uagb-btn-tablet__default-btn uagb-btn-mobile__default-btn uagb-block-c33ca316\"><div class=\"uagb-buttons__wrap uagb-buttons-layout-wrap \">\n<div class=\"wp-block-uagb-buttons-child uagb-buttons__outer-wrap uagb-block-0895f8ec wp-block-button\"><div class=\"uagb-button__wrapper\"><a class=\"uagb-buttons-repeater wp-block-button__link\" aria-label=\"\" href=\"https:\/\/evtech-project.eu\/wp-content\/uploads\/2024\/11\/EVTECH_Statement_of_Support_SP.docx\" rel=\"follow noopener\" target=\"_blank\" role=\"button\"><div class=\"uagb-button__link\">Firma la Declaraci\u00f3n de Apoyo<\/div><\/a><\/div><\/div>\n<\/div><\/div>\n\n\n<p class=\"wpcf7-contact-form-not-found\"><strong>Error:<\/strong> Formulario de contacto no encontrado.<\/p>\n\n\n\n<p><\/p>\n","protected":false},"excerpt":{"rendered":"<p>Por favor, complete su nombre completo y correo electr\u00f3nico a continuaci\u00f3n para firmar la Declaraci\u00f3n de Apoyo EVTECH.<\/p>\n","protected":false},"author":1,"featured_media":0,"parent":0,"menu_order":0,"comment_status":"closed","ping_status":"closed","template":"","meta":{"_uag_custom_page_level_css":"","site-sidebar-layout":"default","site-content-layout":"","ast-site-content-layout":"default","site-content-style":"default","site-sidebar-style":"default","ast-global-header-display":"","ast-banner-title-visibility":"","ast-main-header-display":"","ast-hfb-above-header-display":"","ast-hfb-below-header-display":"","ast-hfb-mobile-header-display":"","site-post-title":"","ast-breadcrumbs-content":"","ast-featured-img":"","footer-sml-layout":"","ast-disable-related-posts":"","theme-transparent-header-meta":"","adv-header-id-meta":"","stick-header-meta":"","header-above-stick-meta":"","header-main-stick-meta":"","header-below-stick-meta":"","astra-migrate-meta-layouts":"set","ast-page-background-enabled":"default","ast-page-background-meta":{"desktop":{"background-color":"","background-image":"","background-repeat":"repeat","background-position":"center center","background-size":"auto","background-attachment":"scroll","background-type":"","background-media":"","overlay-type":"","overlay-color":"","overlay-opacity":"","overlay-gradient":""},"tablet":{"background-color":"","background-image":"","background-repeat":"repeat","background-position":"center center","background-size":"auto","background-attachment":"scroll","background-type":"","background-media":"","overlay-type":"","overlay-color":"","overlay-opacity":"","overlay-gradient":""},"mobile":{"background-color":"","background-image":"","background-repeat":"repeat","background-position":"center center","background-size":"auto","background-attachment":"scroll","background-type":"","background-media":"","overlay-type":"","overlay-color":"","overlay-opacity":"","overlay-gradient":""}},"ast-content-background-meta":{"desktop":{"background-color":"var(--ast-global-color-5)","background-image":"","background-repeat":"repeat","background-position":"center center","background-size":"auto","background-attachment":"scroll","background-type":"","background-media":"","overlay-type":"","overlay-color":"","overlay-opacity":"","overlay-gradient":""},"tablet":{"background-color":"var(--ast-global-color-5)","background-image":"","background-repeat":"repeat","background-position":"center center","background-size":"auto","background-attachment":"scroll","background-type":"","background-media":"","overlay-type":"","overlay-color":"","overlay-opacity":"","overlay-gradient":""},"mobile":{"background-color":"var(--ast-global-color-5)","background-image":"","background-repeat":"repeat","background-position":"center center","background-size":"auto","background-attachment":"scroll","background-type":"","background-media":"","overlay-type":"","overlay-color":"","overlay-opacity":"","overlay-gradient":""}},"footnotes":""},"class_list":["post-2172","page","type-page","status-publish","hentry"],"yoast_head":"<!-- This site is optimized with the Yoast SEO plugin v27.5 - https:\/\/yoast.com\/product\/yoast-seo-wordpress\/ -->\n<title>Declaraci\u00f3n de apoyo - EVTECH project<\/title>\n<meta name=\"robots\" content=\"index, follow, max-snippet:-1, max-image-preview:large, max-video-preview:-1\" \/>\n<link rel=\"canonical\" href=\"https:\/\/evtech-project.eu\/es\/declaracion-de-apoyo\/\" \/>\n<meta property=\"og:locale\" content=\"es_ES\" \/>\n<meta property=\"og:type\" content=\"article\" \/>\n<meta property=\"og:title\" content=\"Declaraci\u00f3n de apoyo - EVTECH project\" \/>\n<meta property=\"og:description\" content=\"Por favor, complete su nombre completo y correo electr\u00f3nico a continuaci\u00f3n para firmar la Declaraci\u00f3n de Apoyo EVTECH.\" \/>\n<meta property=\"og:url\" content=\"https:\/\/evtech-project.eu\/es\/declaracion-de-apoyo\/\" \/>\n<meta property=\"og:site_name\" content=\"EVTECH project\" \/>\n<meta property=\"article:modified_time\" content=\"2024-11-25T11:48:54+00:00\" \/>\n<meta name=\"twitter:card\" content=\"summary_large_image\" \/>\n<meta name=\"twitter:label1\" content=\"Tiempo de lectura\" \/>\n\t<meta name=\"twitter:data1\" content=\"1 minuto\" \/>\n<script type=\"application\/ld+json\" class=\"yoast-schema-graph\">{\"@context\":\"https:\\\/\\\/schema.org\",\"@graph\":[{\"@type\":\"WebPage\",\"@id\":\"https:\\\/\\\/evtech-project.eu\\\/es\\\/declaracion-de-apoyo\\\/\",\"url\":\"https:\\\/\\\/evtech-project.eu\\\/es\\\/declaracion-de-apoyo\\\/\",\"name\":\"Declaraci\u00f3n de apoyo - EVTECH project\",\"isPartOf\":{\"@id\":\"https:\\\/\\\/evtech-project.eu\\\/es\\\/#website\"},\"datePublished\":\"2024-11-19T13:21:55+00:00\",\"dateModified\":\"2024-11-25T11:48:54+00:00\",\"breadcrumb\":{\"@id\":\"https:\\\/\\\/evtech-project.eu\\\/es\\\/declaracion-de-apoyo\\\/#breadcrumb\"},\"inLanguage\":\"es\",\"potentialAction\":[{\"@type\":\"ReadAction\",\"target\":[\"https:\\\/\\\/evtech-project.eu\\\/es\\\/declaracion-de-apoyo\\\/\"]}]},{\"@type\":\"BreadcrumbList\",\"@id\":\"https:\\\/\\\/evtech-project.eu\\\/es\\\/declaracion-de-apoyo\\\/#breadcrumb\",\"itemListElement\":[{\"@type\":\"ListItem\",\"position\":1,\"name\":\"Home\",\"item\":\"https:\\\/\\\/evtech-project.eu\\\/es\\\/\"},{\"@type\":\"ListItem\",\"position\":2,\"name\":\"Declaraci\u00f3n de apoyo\"}]},{\"@type\":\"WebSite\",\"@id\":\"https:\\\/\\\/evtech-project.eu\\\/es\\\/#website\",\"url\":\"https:\\\/\\\/evtech-project.eu\\\/es\\\/\",\"name\":\"EVTECH project\",\"description\":\"\",\"publisher\":{\"@id\":\"https:\\\/\\\/evtech-project.eu\\\/es\\\/#organization\"},\"potentialAction\":[{\"@type\":\"SearchAction\",\"target\":{\"@type\":\"EntryPoint\",\"urlTemplate\":\"https:\\\/\\\/evtech-project.eu\\\/es\\\/?s={search_term_string}\"},\"query-input\":{\"@type\":\"PropertyValueSpecification\",\"valueRequired\":true,\"valueName\":\"search_term_string\"}}],\"inLanguage\":\"es\"},{\"@type\":\"Organization\",\"@id\":\"https:\\\/\\\/evtech-project.eu\\\/es\\\/#organization\",\"name\":\"EVTECH project\",\"url\":\"https:\\\/\\\/evtech-project.eu\\\/es\\\/\",\"logo\":{\"@type\":\"ImageObject\",\"inLanguage\":\"es\",\"@id\":\"https:\\\/\\\/evtech-project.eu\\\/es\\\/#\\\/schema\\\/logo\\\/image\\\/\",\"url\":\"https:\\\/\\\/evtech-project.eu\\\/wp-content\\\/uploads\\\/2023\\\/02\\\/cropped-cropped-cropped-EVTECH-logo-transparent-1-1-1.png\",\"contentUrl\":\"https:\\\/\\\/evtech-project.eu\\\/wp-content\\\/uploads\\\/2023\\\/02\\\/cropped-cropped-cropped-EVTECH-logo-transparent-1-1-1.png\",\"width\":999,\"height\":333,\"caption\":\"EVTECH project\"},\"image\":{\"@id\":\"https:\\\/\\\/evtech-project.eu\\\/es\\\/#\\\/schema\\\/logo\\\/image\\\/\"}}]}<\/script>\n<!-- \/ Yoast SEO plugin. -->","yoast_head_json":{"title":"Declaraci\u00f3n de apoyo - EVTECH project","robots":{"index":"index","follow":"follow","max-snippet":"max-snippet:-1","max-image-preview":"max-image-preview:large","max-video-preview":"max-video-preview:-1"},"canonical":"https:\/\/evtech-project.eu\/es\/declaracion-de-apoyo\/","og_locale":"es_ES","og_type":"article","og_title":"Declaraci\u00f3n de apoyo - EVTECH project","og_description":"Por favor, complete su nombre completo y correo electr\u00f3nico a continuaci\u00f3n para firmar la Declaraci\u00f3n de Apoyo EVTECH.","og_url":"https:\/\/evtech-project.eu\/es\/declaracion-de-apoyo\/","og_site_name":"EVTECH project","article_modified_time":"2024-11-25T11:48:54+00:00","twitter_card":"summary_large_image","twitter_misc":{"Tiempo de lectura":"1 minuto"},"schema":{"@context":"https:\/\/schema.org","@graph":[{"@type":"WebPage","@id":"https:\/\/evtech-project.eu\/es\/declaracion-de-apoyo\/","url":"https:\/\/evtech-project.eu\/es\/declaracion-de-apoyo\/","name":"Declaraci\u00f3n de apoyo - EVTECH project","isPartOf":{"@id":"https:\/\/evtech-project.eu\/es\/#website"},"datePublished":"2024-11-19T13:21:55+00:00","dateModified":"2024-11-25T11:48:54+00:00","breadcrumb":{"@id":"https:\/\/evtech-project.eu\/es\/declaracion-de-apoyo\/#breadcrumb"},"inLanguage":"es","potentialAction":[{"@type":"ReadAction","target":["https:\/\/evtech-project.eu\/es\/declaracion-de-apoyo\/"]}]},{"@type":"BreadcrumbList","@id":"https:\/\/evtech-project.eu\/es\/declaracion-de-apoyo\/#breadcrumb","itemListElement":[{"@type":"ListItem","position":1,"name":"Home","item":"https:\/\/evtech-project.eu\/es\/"},{"@type":"ListItem","position":2,"name":"Declaraci\u00f3n de apoyo"}]},{"@type":"WebSite","@id":"https:\/\/evtech-project.eu\/es\/#website","url":"https:\/\/evtech-project.eu\/es\/","name":"EVTECH project","description":"","publisher":{"@id":"https:\/\/evtech-project.eu\/es\/#organization"},"potentialAction":[{"@type":"SearchAction","target":{"@type":"EntryPoint","urlTemplate":"https:\/\/evtech-project.eu\/es\/?s={search_term_string}"},"query-input":{"@type":"PropertyValueSpecification","valueRequired":true,"valueName":"search_term_string"}}],"inLanguage":"es"},{"@type":"Organization","@id":"https:\/\/evtech-project.eu\/es\/#organization","name":"EVTECH project","url":"https:\/\/evtech-project.eu\/es\/","logo":{"@type":"ImageObject","inLanguage":"es","@id":"https:\/\/evtech-project.eu\/es\/#\/schema\/logo\/image\/","url":"https:\/\/evtech-project.eu\/wp-content\/uploads\/2023\/02\/cropped-cropped-cropped-EVTECH-logo-transparent-1-1-1.png","contentUrl":"https:\/\/evtech-project.eu\/wp-content\/uploads\/2023\/02\/cropped-cropped-cropped-EVTECH-logo-transparent-1-1-1.png","width":999,"height":333,"caption":"EVTECH project"},"image":{"@id":"https:\/\/evtech-project.eu\/es\/#\/schema\/logo\/image\/"}}]}},"uagb_featured_image_src":{"full":false,"thumbnail":false,"medium":false,"medium_large":false,"large":false,"1536x1536":false,"2048x2048":false},"uagb_author_info":{"display_name":"admin","author_link":"https:\/\/evtech-project.eu\/es\/author\/info_0uxcc8vv\/"},"uagb_comment_info":0,"uagb_excerpt":"Por favor, complete su nombre completo y correo electr\u00f3nico a continuaci\u00f3n para firmar la Declaraci\u00f3n de Apoyo EVTECH.","_links":{"self":[{"href":"https:\/\/evtech-project.eu\/es\/wp-json\/wp\/v2\/pages\/2172","targetHints":{"allow":["GET"]}}],"collection":[{"href":"https:\/\/evtech-project.eu\/es\/wp-json\/wp\/v2\/pages"}],"about":[{"href":"https:\/\/evtech-project.eu\/es\/wp-json\/wp\/v2\/types\/page"}],"author":[{"embeddable":true,"href":"https:\/\/evtech-project.eu\/es\/wp-json\/wp\/v2\/users\/1"}],"replies":[{"embeddable":true,"href":"https:\/\/evtech-project.eu\/es\/wp-json\/wp\/v2\/comments?post=2172"}],"version-history":[{"count":3,"href":"https:\/\/evtech-project.eu\/es\/wp-json\/wp\/v2\/pages\/2172\/revisions"}],"predecessor-version":[{"id":2186,"href":"https:\/\/evtech-project.eu\/es\/wp-json\/wp\/v2\/pages\/2172\/revisions\/2186"}],"wp:attachment":[{"href":"https:\/\/evtech-project.eu\/es\/wp-json\/wp\/v2\/media?parent=2172"}],"curies":[{"name":"wp","href":"https:\/\/api.w.org\/{rel}","templated":true}]}}