{"id":2027,"date":"2023-02-02T11:10:37","date_gmt":"2023-02-02T11:10:37","guid":{"rendered":"https:\/\/evtech-project.eu\/resultats\/"},"modified":"2025-03-05T11:12:33","modified_gmt":"2025-03-05T11:12:33","slug":"resultats","status":"publish","type":"page","link":"https:\/\/evtech-project.eu\/fr\/resultats\/","title":{"rendered":"R\u00e9sultats"},"content":{"rendered":"\n<div class=\"wp-block-uagb-container uagb-block-76e42a57 alignfull uagb-is-root-container\"><div class=\"uagb-container-inner-blocks-wrap\">\n<div class=\"wp-block-uagb-advanced-heading uagb-block-4db2dce8\"><p class=\"uagb-heading-text\">R\u00e9sultats<\/p><\/div>\n<\/div><\/div>\n\n\n\n<div class=\"wp-block-uagb-container uagb-block-91635d71 alignfull uagb-is-root-container\">\n<div class=\"wp-block-uagb-container uagb-block-9734c49e\">\n<div class=\"wp-block-uagb-advanced-heading uagb-block-65b9150d\"><div class=\"uagb-heading-text\">1. VOOC<\/div><\/div>\n\n\n\n<div class=\"wp-block-uagb-advanced-heading uagb-block-6381f3ed\"><p class=\"uagb-heading-text\">Le cours en ligne ouvert et professionnel (VOOC) d&rsquo;EVTECH est sp\u00e9cialement con\u00e7u pour former les ing\u00e9nieurs \u00e0 la maintenance et \u00e0 la s\u00e9curit\u00e9 des v\u00e9hicules \u00e9lectriques (VE). Ce programme complet offre aux participants les comp\u00e9tences pratiques et les connaissances essentielles pour relever les d\u00e9fis sp\u00e9cifiques de la technologie des v\u00e9hicules \u00e9lectriques. Gr\u00e2ce \u00e0 des modules de formation interactifs et des \u00e9valuations pratiques, les apprenants acqui\u00e8rent des connaissances approfondies sur la maintenance des v\u00e9hicules \u00e9lectriques, en mettant l&rsquo;accent sur la s\u00e9curit\u00e9 et l&rsquo;efficacit\u00e9. Le cours VOOC ne se contente pas d&rsquo;am\u00e9liorer les comp\u00e9tences des ing\u00e9nieurs ; il contribue \u00e9galement \u00e0 un objectif plus large : promouvoir un avenir durable dans le secteur automobile. De plus, cette pr\u00e9cieuse ressource en ligne est accessible gratuitement \u00e0 tous, permettant \u00e0 chacun d&rsquo;acc\u00e9der \u00e0 la formation n\u00e9cessaire pour am\u00e9liorer ses comp\u00e9tences.<\/p><\/div>\n\n\n\n<div class=\"wp-block-uagb-buttons uagb-buttons__outer-wrap uagb-btn__default-btn uagb-btn-tablet__default-btn uagb-btn-mobile__default-btn uagb-block-42ee35f0\"><div class=\"uagb-buttons__wrap uagb-buttons-layout-wrap \">\n<div class=\"wp-block-uagb-buttons-child uagb-buttons__outer-wrap uagb-block-9ac3f057 wp-block-button\"><div class=\"uagb-button__wrapper\"><a class=\"uagb-buttons-repeater wp-block-button__link\" aria-label=\"\" href=\"https:\/\/erasmusmoocs.thinkific.com\/courses\/fr-evtech\" rel=\"follow noopener\" target=\"_blank\" role=\"button\"><div class=\"uagb-button__link\">Inscrivez-vous ici!<\/div><\/a><\/div><\/div>\n<\/div><\/div>\n\n\n\n<div style=\"height:10px\" aria-hidden=\"true\" class=\"wp-block-spacer\"><\/div>\n\n\n\n<div class=\"wp-block-uagb-buttons uagb-buttons__outer-wrap uagb-btn__default-btn uagb-btn-tablet__default-btn uagb-btn-mobile__default-btn uagb-block-70e69778\"><div class=\"uagb-buttons__wrap uagb-buttons-layout-wrap \">\n<div class=\"wp-block-uagb-buttons-child uagb-buttons__outer-wrap uagb-block-e1645f0f wp-block-button\"><div class=\"uagb-button__wrapper\"><a class=\"uagb-buttons-repeater wp-block-button__link\" aria-label=\"\" href=\"https:\/\/evtech-project.eu\/wp-content\/uploads\/2025\/01\/D2.3.1-EDUCATIONAL-RESOURCES_FR.pdf\" rel=\"follow noopener\" target=\"_blank\" role=\"button\"><div class=\"uagb-button__link\">T\u00c9L\u00c9CHARGER LES RESSOURCES \u00c9DUCATIVES LIBRES<\/div><\/a><\/div><\/div>\n<\/div><\/div>\n\n\n\n<div style=\"height:279px\" aria-hidden=\"true\" class=\"wp-block-spacer\"><\/div>\n<\/div>\n\n\n\n<div class=\"wp-block-uagb-container uagb-block-81566fbc\">\n<div class=\"wp-block-uagb-advanced-heading uagb-block-aa932934\"><div class=\"uagb-heading-text\">2. \u0395-\u0392\u039f\u039f\u039a<\/div><\/div>\n\n\n\n<div class=\"wp-block-uagb-advanced-heading uagb-block-6ed8931a\"><p class=\"uagb-heading-text\">L&rsquo;e-book EVTECH est un guide complet destin\u00e9 aux apprenants, qui r\u00e9sume les concepts cl\u00e9s et offre des ressources suppl\u00e9mentaires. Il comprend des explications d\u00e9taill\u00e9es sur les composants des v\u00e9hicules \u00e9lectriques, les protocoles de maintenance et les pratiques de s\u00e9curit\u00e9, garantissant ainsi que les ing\u00e9nieurs disposent des outils n\u00e9cessaires pour r\u00e9ussir. Mieux encore, l&rsquo;e-book est disponible gratuitement pour tous, rendant cette formation essentielle accessible \u00e0 un large public.<\/p><\/div>\n\n\n\n<div class=\"wp-block-uagb-buttons uagb-buttons__outer-wrap uagb-btn__default-btn uagb-btn-tablet__default-btn uagb-btn-mobile__default-btn uagb-block-cf8e2c6e\"><div class=\"uagb-buttons__wrap uagb-buttons-layout-wrap \">\n<div class=\"wp-block-uagb-buttons-child uagb-buttons__outer-wrap uagb-block-97bf8f6b wp-block-button\"><div class=\"uagb-button__wrapper\"><a class=\"uagb-buttons-repeater wp-block-button__link\" aria-label=\"\" href=\"https:\/\/evtech-project.eu\/wp-content\/uploads\/2024\/11\/EVTECH_A.3.3_Learners_E-book_FR.pdf\" rel=\"follow noopener\" target=\"_blank\" role=\"button\"><div class=\"uagb-button__link\">T\u00e9l\u00e9charger l&rsquo;e-book d&rsquo;EVTECH<\/div><\/a><\/div><\/div>\n<\/div><\/div>\n\n\n\n<div style=\"height:522px\" aria-hidden=\"true\" class=\"wp-block-spacer\"><\/div>\n<\/div>\n\n\n\n<div class=\"wp-block-uagb-container uagb-block-2fd45fb5\">\n<div style=\"height:5px\" aria-hidden=\"true\" class=\"wp-block-spacer\"><\/div>\n\n\n\n<div class=\"wp-block-uagb-advanced-heading uagb-block-93c19d44\"><div class=\"uagb-heading-text\">3. D\u00c9CLARATION DE SOUTIEN<\/div><\/div>\n\n\n\n<div class=\"wp-block-uagb-advanced-heading uagb-block-152e5268\"><p class=\"uagb-heading-text\"><strong>Nous vous invitons \u00e0 rejoindre une coalition d&rsquo;acteurs de l&rsquo;automobile et de l&rsquo;\u00e9ducation en signant la d\u00e9claration de soutien d&rsquo;EVTECH. Cette initiative constitue une \u00e9tape essentielle pour r\u00e9pondre \u00e0 la demande croissante de techniciens qualifi\u00e9s dans le secteur des v\u00e9hicules \u00e9lectriques, en pleine \u00e9volution. En soutenant cette d\u00e9claration, vous affirmez l&rsquo;importance des r\u00e9sultats du projet, notamment le cours en ligne ouvert (VOOC) et le livre \u00e9lectronique qui l&rsquo;accompagne, en tant que ressources cl\u00e9s pour les ing\u00e9nieurs actuels et la future main-d&rsquo;\u0153uvre. Votre soutien sera un argument de poids pour la poursuite des r\u00e9sultats du projet, garantissant que les ing\u00e9nieurs soient \u00e9quip\u00e9s pour relever les d\u00e9fis de l&rsquo;avenir de l&rsquo;industrie automobile.<\/strong><br><strong>NOTE : La signature de cette d\u00e9claration de soutien ne cr\u00e9e aucune obligation l\u00e9gale ou financi\u00e8re.<\/strong><\/p><\/div>\n\n\n\n<div style=\"height:0px\" aria-hidden=\"true\" class=\"wp-block-spacer\"><\/div>\n\n\n\n<div class=\"wp-block-uagb-buttons uagb-buttons__outer-wrap uagb-btn__default-btn uagb-btn-tablet__default-btn uagb-btn-mobile__default-btn uagb-block-ac05b946\"><div class=\"uagb-buttons__wrap uagb-buttons-layout-wrap \">\n<div class=\"wp-block-uagb-buttons-child uagb-buttons__outer-wrap uagb-block-f516f465 wp-block-button\"><div class=\"uagb-button__wrapper\"><a class=\"uagb-buttons-repeater wp-block-button__link\" aria-label=\"\" href=\"https:\/\/evtech-project.eu\/fr\/declaration-de-soutien\/\" rel=\"follow noopener\" target=\"_blank\" role=\"button\"><div class=\"uagb-button__link\">Signer la d\u00e9claration de soutien<\/div><\/a><\/div><\/div>\n<\/div><\/div>\n\n\n\n<div style=\"height:369px\" aria-hidden=\"true\" class=\"wp-block-spacer\"><\/div>\n<\/div>\n<\/div>\n\n\n\n<div class=\"wp-block-uagb-container uagb-block-b6f2901e alignfull uagb-is-root-container\">\n<div class=\"wp-block-uagb-container uagb-block-231e9033\">\n<div class=\"wp-block-uagb-advanced-heading uagb-block-60e12100\"><div class=\"uagb-heading-text\">4. SUPPL\u00c9MENT AU CERTIFICAT<\/div><\/div>\n\n\n\n<div class=\"wp-block-uagb-advanced-heading uagb-block-fd8ed5a4\"><p class=\"uagb-heading-text\">Dans le cadre du projet EVTECH, le consortium a cr\u00e9\u00e9 un compl\u00e9ment officiel au certificat Europass. Ce suppl\u00e9ment vise \u00e0 aider les fournisseurs de formation professionnelle \u00e0 int\u00e9grer le mat\u00e9riel de formation de notre projet dans leurs programmes accr\u00e9dit\u00e9s. En proposant un certificat de qualification officiel, nous esp\u00e9rons am\u00e9liorer la reconnaissance des comp\u00e9tences acquises gr\u00e2ce \u00e0 notre cours en ligne ouvert (VOOC) et \u00e0 notre e-book. Cette initiative simplifie non seulement le processus de certification pour les fournisseurs de formation professionnelle, mais elle garantit \u00e9galement que les apprenants re\u00e7oivent une reconnaissance officielle de leurs r\u00e9alisations en mati\u00e8re de s\u00e9curit\u00e9 et de maintenance des v\u00e9hicules \u00e9lectriques, soutenant ainsi leur d\u00e9veloppement de carri\u00e8re dans le secteur automobile en pleine croissance.<\/p><\/div>\n\n\n\n<div class=\"wp-block-uagb-buttons uagb-buttons__outer-wrap uagb-btn__default-btn uagb-btn-tablet__default-btn uagb-btn-mobile__default-btn uagb-block-244c75f6\"><div class=\"uagb-buttons__wrap uagb-buttons-layout-wrap \">\n<div class=\"wp-block-uagb-buttons-child uagb-buttons__outer-wrap uagb-block-8c14810c wp-block-button\"><div class=\"uagb-button__wrapper\"><a class=\"uagb-buttons-repeater wp-block-button__link\" aria-label=\"\" href=\"https:\/\/evtech-project.eu\/wp-content\/uploads\/2024\/11\/EVTECH_Certificate-supplement-Template-EN.docx\" rel=\"follow noopener\" target=\"_blank\" role=\"button\"><div class=\"uagb-button__link\">T\u00e9l\u00e9charger le certificat<\/div><\/a><\/div><\/div>\n<\/div><\/div>\n\n\n\n<div style=\"height:333px\" aria-hidden=\"true\" class=\"wp-block-spacer\"><\/div>\n<\/div>\n\n\n\n<div class=\"wp-block-uagb-container uagb-block-031f30c7\">\n<div class=\"wp-block-uagb-advanced-heading uagb-block-082b3b36\"><div class=\"uagb-heading-text\">5. CAHIER DES CHARGES POUR UNE QUALIFICATION PROFESSIONNELLE A L&rsquo;ECHELLE DE L&rsquo;UE<\/div><\/div>\n\n\n\n<div class=\"wp-block-group is-vertical is-content-justification-left is-layout-flex wp-container-core-group-is-layout-7666da4f wp-block-group-is-layout-flex\">\n<div class=\"wp-block-uagb-advanced-heading uagb-block-910caf56\"><p class=\"uagb-heading-text\">Le consortium a \u00e9labor\u00e9 un plan d\u00e9taill\u00e9 qui : a) d\u00e9crit les exigences professionnelles communes, et b) fournit des descriptions actualis\u00e9es des profils professionnels pertinents dans le domaine de la maintenance et de la s\u00e9curit\u00e9 des v\u00e9hicules \u00e9lectriques (VE). Ce plan est con\u00e7u pour \u00eatre reconnu et int\u00e9gr\u00e9 dans les syst\u00e8mes de certification nationaux ainsi que dans le syst\u00e8me europ\u00e9en de classification des comp\u00e9tences, des qualifications et des professions (ESCO). En alignant les r\u00e9sultats de la formation EVTECH sur les normes professionnelles \u00e9tablies, il vise \u00e0 am\u00e9liorer la qualit\u00e9 de la formation professionnelle et \u00e0 faciliter la transition vers une main-d&rsquo;\u0153uvre automobile durable, capable de relever les d\u00e9fis futurs.<\/p><\/div>\n<\/div>\n\n\n\n<div class=\"wp-block-uagb-buttons uagb-buttons__outer-wrap uagb-btn__default-btn uagb-btn-tablet__default-btn uagb-btn-mobile__default-btn uagb-block-b1de5ed6\"><div class=\"uagb-buttons__wrap uagb-buttons-layout-wrap \">\n<div class=\"wp-block-uagb-buttons-child uagb-buttons__outer-wrap uagb-block-3f656809 wp-block-button\"><div class=\"uagb-button__wrapper\"><a class=\"uagb-buttons-repeater wp-block-button__link\" aria-label=\"\" href=\"https:\/\/evtech-project.eu\/wp-content\/uploads\/2025\/01\/EVTECH_A4.3_report_FINAL.pdf\" rel=\"follow noopener\" target=\"_blank\" role=\"button\"><div class=\"uagb-button__link\">Download Action Plan Report<\/div><\/a><\/div><\/div>\n<\/div><\/div>\n\n\n\n<div style=\"height:10px\" aria-hidden=\"true\" class=\"wp-block-spacer\"><\/div>\n\n\n\n<div class=\"wp-block-uagb-buttons uagb-buttons__outer-wrap uagb-btn__default-btn uagb-btn-tablet__default-btn uagb-btn-mobile__default-btn uagb-block-f0a590ae\"><div class=\"uagb-buttons__wrap uagb-buttons-layout-wrap \">\n<div class=\"wp-block-uagb-buttons-child uagb-buttons__outer-wrap uagb-block-641075d2 wp-block-button\"><div class=\"uagb-button__wrapper\"><a class=\"uagb-buttons-repeater wp-block-button__link\" aria-label=\"\" href=\"https:\/\/evtech-project.eu\/wp-content\/uploads\/2025\/01\/Blueprint-of-an-EU-wide-qualification-for-EV-technicians_FR.pdf\" rel=\"follow noopener\" target=\"_blank\" role=\"button\"><div class=\"uagb-button__link\">T\u00e9l\u00e9charger le plan<\/div><\/a><\/div><\/div>\n<\/div><\/div>\n\n\n\n<div style=\"height:306px\" aria-hidden=\"true\" class=\"wp-block-spacer\"><\/div>\n<\/div>\n<\/div>\n","protected":false},"excerpt":{"rendered":"<p>R\u00e9sultats 1. VOOC Le cours en ligne ouvert et professionnel (VOOC) d&rsquo;EVTECH est sp\u00e9cialement con\u00e7u pour former les ing\u00e9nieurs \u00e0 la maintenance et \u00e0 la s\u00e9curit\u00e9 des v\u00e9hicules \u00e9lectriques (VE). Ce programme complet offre aux participants les comp\u00e9tences pratiques et les connaissances essentielles pour relever les d\u00e9fis sp\u00e9cifiques de la technologie des v\u00e9hicules \u00e9lectriques. Gr\u00e2ce [&hellip;]<\/p>\n","protected":false},"author":1,"featured_media":0,"parent":0,"menu_order":0,"comment_status":"closed","ping_status":"closed","template":"","meta":{"_uag_custom_page_level_css":"","site-sidebar-layout":"no-sidebar","site-content-layout":"plain-container","ast-site-content-layout":"normal-width-container","site-content-style":"unboxed","site-sidebar-style":"unboxed","ast-global-header-display":"","ast-banner-title-visibility":"","ast-main-header-display":"","ast-hfb-above-header-display":"","ast-hfb-below-header-display":"","ast-hfb-mobile-header-display":"","site-post-title":"disabled","ast-breadcrumbs-content":"","ast-featured-img":"","footer-sml-layout":"","ast-disable-related-posts":"","theme-transparent-header-meta":"enabled","adv-header-id-meta":"","stick-header-meta":"","header-above-stick-meta":"","header-main-stick-meta":"","header-below-stick-meta":"","astra-migrate-meta-layouts":"set","ast-page-background-enabled":"default","ast-page-background-meta":{"desktop":{"background-color":"","background-image":"","background-repeat":"repeat","background-position":"center center","background-size":"auto","background-attachment":"scroll","background-type":"","background-media":"","overlay-type":"","overlay-color":"","overlay-opacity":"","overlay-gradient":""},"tablet":{"background-color":"","background-image":"","background-repeat":"repeat","background-position":"center center","background-size":"auto","background-attachment":"scroll","background-type":"","background-media":"","overlay-type":"","overlay-color":"","overlay-opacity":"","overlay-gradient":""},"mobile":{"background-color":"","background-image":"","background-repeat":"repeat","background-position":"center center","background-size":"auto","background-attachment":"scroll","background-type":"","background-media":"","overlay-type":"","overlay-color":"","overlay-opacity":"","overlay-gradient":""}},"ast-content-background-meta":{"desktop":{"background-color":"var(--ast-global-color-5)","background-image":"","background-repeat":"repeat","background-position":"center center","background-size":"auto","background-attachment":"scroll","background-type":"","background-media":"","overlay-type":"","overlay-color":"","overlay-opacity":"","overlay-gradient":""},"tablet":{"background-color":"var(--ast-global-color-5)","background-image":"","background-repeat":"repeat","background-position":"center center","background-size":"auto","background-attachment":"scroll","background-type":"","background-media":"","overlay-type":"","overlay-color":"","overlay-opacity":"","overlay-gradient":""},"mobile":{"background-color":"var(--ast-global-color-5)","background-image":"","background-repeat":"repeat","background-position":"center center","background-size":"auto","background-attachment":"scroll","background-type":"","background-media":"","overlay-type":"","overlay-color":"","overlay-opacity":"","overlay-gradient":""}},"footnotes":""},"class_list":["post-2027","page","type-page","status-publish","hentry"],"yoast_head":"<!-- This site is optimized with the Yoast SEO plugin v27.5 - https:\/\/yoast.com\/product\/yoast-seo-wordpress\/ -->\n<title>R\u00e9sultats - EVTECH project<\/title>\n<meta name=\"robots\" content=\"index, follow, max-snippet:-1, max-image-preview:large, max-video-preview:-1\" \/>\n<link rel=\"canonical\" href=\"https:\/\/evtech-project.eu\/fr\/resultats\/\" \/>\n<meta property=\"og:locale\" content=\"fr_FR\" \/>\n<meta property=\"og:type\" content=\"article\" \/>\n<meta property=\"og:title\" content=\"R\u00e9sultats - EVTECH project\" \/>\n<meta property=\"og:description\" content=\"R\u00e9sultats 1. VOOC Le cours en ligne ouvert et professionnel (VOOC) d&rsquo;EVTECH est sp\u00e9cialement con\u00e7u pour former les ing\u00e9nieurs \u00e0 la maintenance et \u00e0 la s\u00e9curit\u00e9 des v\u00e9hicules \u00e9lectriques (VE). Ce programme complet offre aux participants les comp\u00e9tences pratiques et les connaissances essentielles pour relever les d\u00e9fis sp\u00e9cifiques de la technologie des v\u00e9hicules \u00e9lectriques. Gr\u00e2ce [&hellip;]\" \/>\n<meta property=\"og:url\" content=\"https:\/\/evtech-project.eu\/fr\/resultats\/\" \/>\n<meta property=\"og:site_name\" content=\"EVTECH project\" \/>\n<meta property=\"article:modified_time\" content=\"2025-03-05T11:12:33+00:00\" \/>\n<meta name=\"twitter:card\" content=\"summary_large_image\" \/>\n<meta name=\"twitter:label1\" content=\"Dur\u00e9e de lecture estim\u00e9e\" \/>\n\t<meta name=\"twitter:data1\" content=\"3 minutes\" \/>\n<script type=\"application\/ld+json\" class=\"yoast-schema-graph\">{\"@context\":\"https:\\\/\\\/schema.org\",\"@graph\":[{\"@type\":\"WebPage\",\"@id\":\"https:\\\/\\\/evtech-project.eu\\\/fr\\\/resultats\\\/\",\"url\":\"https:\\\/\\\/evtech-project.eu\\\/fr\\\/resultats\\\/\",\"name\":\"R\u00e9sultats - EVTECH project\",\"isPartOf\":{\"@id\":\"https:\\\/\\\/evtech-project.eu\\\/fr\\\/#website\"},\"datePublished\":\"2023-02-02T11:10:37+00:00\",\"dateModified\":\"2025-03-05T11:12:33+00:00\",\"breadcrumb\":{\"@id\":\"https:\\\/\\\/evtech-project.eu\\\/fr\\\/resultats\\\/#breadcrumb\"},\"inLanguage\":\"fr-FR\",\"potentialAction\":[{\"@type\":\"ReadAction\",\"target\":[\"https:\\\/\\\/evtech-project.eu\\\/fr\\\/resultats\\\/\"]}]},{\"@type\":\"BreadcrumbList\",\"@id\":\"https:\\\/\\\/evtech-project.eu\\\/fr\\\/resultats\\\/#breadcrumb\",\"itemListElement\":[{\"@type\":\"ListItem\",\"position\":1,\"name\":\"Home\",\"item\":\"https:\\\/\\\/evtech-project.eu\\\/fr\\\/\"},{\"@type\":\"ListItem\",\"position\":2,\"name\":\"R\u00e9sultats\"}]},{\"@type\":\"WebSite\",\"@id\":\"https:\\\/\\\/evtech-project.eu\\\/fr\\\/#website\",\"url\":\"https:\\\/\\\/evtech-project.eu\\\/fr\\\/\",\"name\":\"EVTECH project\",\"description\":\"\",\"publisher\":{\"@id\":\"https:\\\/\\\/evtech-project.eu\\\/fr\\\/#organization\"},\"potentialAction\":[{\"@type\":\"SearchAction\",\"target\":{\"@type\":\"EntryPoint\",\"urlTemplate\":\"https:\\\/\\\/evtech-project.eu\\\/fr\\\/?s={search_term_string}\"},\"query-input\":{\"@type\":\"PropertyValueSpecification\",\"valueRequired\":true,\"valueName\":\"search_term_string\"}}],\"inLanguage\":\"fr-FR\"},{\"@type\":\"Organization\",\"@id\":\"https:\\\/\\\/evtech-project.eu\\\/fr\\\/#organization\",\"name\":\"EVTECH project\",\"url\":\"https:\\\/\\\/evtech-project.eu\\\/fr\\\/\",\"logo\":{\"@type\":\"ImageObject\",\"inLanguage\":\"fr-FR\",\"@id\":\"https:\\\/\\\/evtech-project.eu\\\/fr\\\/#\\\/schema\\\/logo\\\/image\\\/\",\"url\":\"https:\\\/\\\/evtech-project.eu\\\/wp-content\\\/uploads\\\/2023\\\/02\\\/cropped-cropped-cropped-EVTECH-logo-transparent-1-1-1.png\",\"contentUrl\":\"https:\\\/\\\/evtech-project.eu\\\/wp-content\\\/uploads\\\/2023\\\/02\\\/cropped-cropped-cropped-EVTECH-logo-transparent-1-1-1.png\",\"width\":999,\"height\":333,\"caption\":\"EVTECH project\"},\"image\":{\"@id\":\"https:\\\/\\\/evtech-project.eu\\\/fr\\\/#\\\/schema\\\/logo\\\/image\\\/\"}}]}<\/script>\n<!-- \/ Yoast SEO plugin. -->","yoast_head_json":{"title":"R\u00e9sultats - EVTECH project","robots":{"index":"index","follow":"follow","max-snippet":"max-snippet:-1","max-image-preview":"max-image-preview:large","max-video-preview":"max-video-preview:-1"},"canonical":"https:\/\/evtech-project.eu\/fr\/resultats\/","og_locale":"fr_FR","og_type":"article","og_title":"R\u00e9sultats - EVTECH project","og_description":"R\u00e9sultats 1. VOOC Le cours en ligne ouvert et professionnel (VOOC) d&rsquo;EVTECH est sp\u00e9cialement con\u00e7u pour former les ing\u00e9nieurs \u00e0 la maintenance et \u00e0 la s\u00e9curit\u00e9 des v\u00e9hicules \u00e9lectriques (VE). Ce programme complet offre aux participants les comp\u00e9tences pratiques et les connaissances essentielles pour relever les d\u00e9fis sp\u00e9cifiques de la technologie des v\u00e9hicules \u00e9lectriques. Gr\u00e2ce [&hellip;]","og_url":"https:\/\/evtech-project.eu\/fr\/resultats\/","og_site_name":"EVTECH project","article_modified_time":"2025-03-05T11:12:33+00:00","twitter_card":"summary_large_image","twitter_misc":{"Dur\u00e9e de lecture estim\u00e9e":"3 minutes"},"schema":{"@context":"https:\/\/schema.org","@graph":[{"@type":"WebPage","@id":"https:\/\/evtech-project.eu\/fr\/resultats\/","url":"https:\/\/evtech-project.eu\/fr\/resultats\/","name":"R\u00e9sultats - EVTECH project","isPartOf":{"@id":"https:\/\/evtech-project.eu\/fr\/#website"},"datePublished":"2023-02-02T11:10:37+00:00","dateModified":"2025-03-05T11:12:33+00:00","breadcrumb":{"@id":"https:\/\/evtech-project.eu\/fr\/resultats\/#breadcrumb"},"inLanguage":"fr-FR","potentialAction":[{"@type":"ReadAction","target":["https:\/\/evtech-project.eu\/fr\/resultats\/"]}]},{"@type":"BreadcrumbList","@id":"https:\/\/evtech-project.eu\/fr\/resultats\/#breadcrumb","itemListElement":[{"@type":"ListItem","position":1,"name":"Home","item":"https:\/\/evtech-project.eu\/fr\/"},{"@type":"ListItem","position":2,"name":"R\u00e9sultats"}]},{"@type":"WebSite","@id":"https:\/\/evtech-project.eu\/fr\/#website","url":"https:\/\/evtech-project.eu\/fr\/","name":"EVTECH project","description":"","publisher":{"@id":"https:\/\/evtech-project.eu\/fr\/#organization"},"potentialAction":[{"@type":"SearchAction","target":{"@type":"EntryPoint","urlTemplate":"https:\/\/evtech-project.eu\/fr\/?s={search_term_string}"},"query-input":{"@type":"PropertyValueSpecification","valueRequired":true,"valueName":"search_term_string"}}],"inLanguage":"fr-FR"},{"@type":"Organization","@id":"https:\/\/evtech-project.eu\/fr\/#organization","name":"EVTECH project","url":"https:\/\/evtech-project.eu\/fr\/","logo":{"@type":"ImageObject","inLanguage":"fr-FR","@id":"https:\/\/evtech-project.eu\/fr\/#\/schema\/logo\/image\/","url":"https:\/\/evtech-project.eu\/wp-content\/uploads\/2023\/02\/cropped-cropped-cropped-EVTECH-logo-transparent-1-1-1.png","contentUrl":"https:\/\/evtech-project.eu\/wp-content\/uploads\/2023\/02\/cropped-cropped-cropped-EVTECH-logo-transparent-1-1-1.png","width":999,"height":333,"caption":"EVTECH project"},"image":{"@id":"https:\/\/evtech-project.eu\/fr\/#\/schema\/logo\/image\/"}}]}},"uagb_featured_image_src":{"full":false,"thumbnail":false,"medium":false,"medium_large":false,"large":false,"1536x1536":false,"2048x2048":false},"uagb_author_info":{"display_name":"admin","author_link":"https:\/\/evtech-project.eu\/fr\/author\/info_0uxcc8vv\/"},"uagb_comment_info":0,"uagb_excerpt":"R\u00e9sultats 1. VOOC Le cours en ligne ouvert et professionnel (VOOC) d&rsquo;EVTECH est sp\u00e9cialement con\u00e7u pour former les ing\u00e9nieurs \u00e0 la maintenance et \u00e0 la s\u00e9curit\u00e9 des v\u00e9hicules \u00e9lectriques (VE). Ce programme complet offre aux participants les comp\u00e9tences pratiques et les connaissances essentielles pour relever les d\u00e9fis sp\u00e9cifiques de la technologie des v\u00e9hicules \u00e9lectriques. Gr\u00e2ce\u2026","_links":{"self":[{"href":"https:\/\/evtech-project.eu\/fr\/wp-json\/wp\/v2\/pages\/2027","targetHints":{"allow":["GET"]}}],"collection":[{"href":"https:\/\/evtech-project.eu\/fr\/wp-json\/wp\/v2\/pages"}],"about":[{"href":"https:\/\/evtech-project.eu\/fr\/wp-json\/wp\/v2\/types\/page"}],"author":[{"embeddable":true,"href":"https:\/\/evtech-project.eu\/fr\/wp-json\/wp\/v2\/users\/1"}],"replies":[{"embeddable":true,"href":"https:\/\/evtech-project.eu\/fr\/wp-json\/wp\/v2\/comments?post=2027"}],"version-history":[{"count":75,"href":"https:\/\/evtech-project.eu\/fr\/wp-json\/wp\/v2\/pages\/2027\/revisions"}],"predecessor-version":[{"id":2806,"href":"https:\/\/evtech-project.eu\/fr\/wp-json\/wp\/v2\/pages\/2027\/revisions\/2806"}],"wp:attachment":[{"href":"https:\/\/evtech-project.eu\/fr\/wp-json\/wp\/v2\/media?parent=2027"}],"curies":[{"name":"wp","href":"https:\/\/api.w.org\/{rel}","templated":true}]}}