{"id":1595,"date":"2020-05-12T03:43:03","date_gmt":"2020-05-12T03:43:03","guid":{"rendered":"https:\/\/evtech-project.eu\/strona-glowna\/"},"modified":"2025-01-27T11:16:09","modified_gmt":"2025-01-27T11:16:09","slug":"strona-glowna","status":"publish","type":"page","link":"https:\/\/evtech-project.eu\/pl\/","title":{"rendered":"Strona g\u0142\u00f3wna"},"content":{"rendered":"\n<div class=\"wp-block-uagb-container uagb-block-53392e73 alignfull uagb-is-root-container\"><div class=\"uagb-container-inner-blocks-wrap\">\n<div class=\"wp-block-uagb-info-box uagb-block-e398169b uagb-infobox__content-wrap  uagb-infobox-icon-above-title uagb-infobox-image-valign-top\"><div class=\"uagb-ifb-content\"><div class=\"uagb-ifb-title-wrap\"><p class=\"uagb-ifb-title\">EVTECH\u200b<\/p><\/div><p class=\"uagb-ifb-desc\">Umiej\u0119tno\u015bci konserwacji i bezpiecznego u\u017cytkowania pojazd\u00f3w elektrycznych dla technik\u00f3w pojazd\u00f3w samochodowych<\/p><\/div><\/div>\n\n\n\n<div class=\"wp-block-uagb-buttons uagb-buttons__outer-wrap uagb-btn__default-btn uagb-btn-tablet__default-btn uagb-btn-mobile__default-btn uagb-block-3b17dcca\"><div class=\"uagb-buttons__wrap uagb-buttons-layout-wrap \">\n<div class=\"wp-block-uagb-buttons-child uagb-buttons__outer-wrap uagb-block-8a453dee wp-block-button\"><div class=\"uagb-button__wrapper\"><a class=\"uagb-buttons-repeater wp-block-button__link\" aria-label=\"\" href=\"https:\/\/www.facebook.com\/evtech.project\/\" rel=\"follow noopener\" target=\"_blank\" role=\"button\"><div class=\"uagb-button__link\">Aktualizacje i wiadomo\u015bci<\/div><\/a><\/div><\/div>\n<\/div><\/div>\n<\/div><\/div>\n\n\n\n<div style=\"height:100px\" aria-hidden=\"true\" class=\"wp-block-spacer\"><\/div>\n\n\n\n<div class=\"wp-block-uagb-container uagb-block-e62371ff alignfull uagb-is-root-container\"><div class=\"uagb-container-inner-blocks-wrap\">\n<div class=\"wp-block-uagb-container uagb-block-4e305ba0\">\n<p class=\"has-x-large-font-size\"><strong>Cele<\/strong><\/p>\n<\/div>\n\n\n\n<div class=\"wp-block-uagb-container uagb-block-13a1163c\">\n<p>EVTECH d\u0105\u017cy do zwi\u0119kszenia poda\u017cy, jako\u015bci i przydatno\u015bci kszta\u0142cenia i szkolenia zawodowego w przemy\u015ble motoryzacyjnym, maj\u0105c na celu zaj\u0119cie si\u0119 pojawiaj\u0105cymi si\u0119 wymaganiami zawodowymi i niedopasowaniem umiej\u0119tno\u015bci, wynikaj\u0105cym z rosn\u0105cych wska\u017anik\u00f3w adopcji pojazd\u00f3w elektrycznych. Projekt b\u0119dzie opiera\u0142 si\u0119 na istniej\u0105cej wiedzy na temat rynku pracy i umiej\u0119tno\u015bci (wst\u0119pna propozycja), aby opracowa\u0107 program nauczania zorientowany na wyniki z mo\u017cliwo\u015bciami uczenia si\u0119 w miejscu pracy w zakresie serwisowania, konserwacji i napraw pojazd\u00f3w elektrycznych (EV).<\/p>\n<\/div>\n<\/div><\/div>\n\n\n\n<div class=\"wp-block-uagb-container uagb-block-c580baa8 alignfull uagb-is-root-container\"><div class=\"uagb-container-inner-blocks-wrap\">\n<div style=\"height:30px\" aria-hidden=\"true\" class=\"wp-block-spacer\"><\/div>\n\n\n\n<h1 class=\"wp-block-heading has-text-align-center has-ast-global-color-5-background-color has-background has-large-font-size\" style=\"font-style:normal;font-weight:300;text-transform:none\">Spieramy technik\u00f3w pojazd\u00f3w elektronicznych poprzez tworzenie:<\/h1>\n<\/div><\/div>\n\n\n\n<div class=\"wp-block-uagb-container uagb-block-33a24c14 alignfull uagb-is-root-container\">\n<div class=\"wp-block-uagb-container uagb-block-4e6f3329\">\n<div class=\"wp-block-uagb-advanced-heading uagb-block-aeb0fc58\"><p class=\"uagb-heading-text\">1. Oparte na dowodach, wymierne efekty uczenia si\u0119 w ramach kszta\u0142cenia i szkolenia zawodowego, poprzez konsultacje z ekspertami ds. szkole\u0144,<br>\u015brodowisk akademickich i bran\u017cowych<\/p><\/div>\n<\/div>\n\n\n\n<div class=\"wp-block-uagb-container uagb-block-6f4a2117\">\n<div class=\"wp-block-uagb-advanced-heading uagb-block-64edb59b\"><p class=\"uagb-heading-text\">2. Jednostki formalnego kszta\u0142cenia i szkolenia zawodowego, materia\u0142y szkoleniowe i zasady oceniania oraz zestaw narz\u0119dzi dla trenera do prowadzenia kursu<\/p><\/div>\n<\/div>\n\n\n\n<div class=\"wp-block-uagb-container uagb-block-379917c9\">\n<div class=\"wp-block-uagb-advanced-heading uagb-block-8e2e44f5\"><p class=\"uagb-heading-text\">3. OZE, Otwarty Zawodowy Kurs Online (VOOC) i e-book dla ucz\u0105cych si\u0119 wspieraj\u0105cy nauk\u0119 we w\u0142asnym tempie<\/p><\/div>\n<\/div>\n<\/div>\n\n\n\n<div class=\"wp-block-uagb-container uagb-block-2257aeb2 alignfull uagb-is-root-container\">\n<div class=\"wp-block-uagb-container uagb-block-74b94eb2\">\n<div class=\"wp-block-uagb-advanced-heading uagb-block-8e2dc5fe\"><p class=\"uagb-heading-text\">4. 5 seminari\u00f3w stacjonarnych (1\/modu\u0142) i 1 test pilota\u017cowy VOOC, maj\u0105ce na celu podniesienie kwalifikacji 800 technik\u00f3w samochodowych<\/p><\/div>\n<\/div>\n\n\n\n<div class=\"wp-block-uagb-container uagb-block-63e5e7fe\">\n<div class=\"wp-block-uagb-advanced-heading uagb-block-d1f30792\"><p class=\"uagb-heading-text\">5. Zarys powszechnych wymaga\u0144 zawodowych i zaktualizowane opisy odpowiednich profili zawodowych,<br>kt\u00f3re maj\u0105 zosta\u0107 uznane i w\u0142\u0105czone do krajowych system\u00f3w certyfikacji i systemu klasyfikacji ESCO<\/p><\/div>\n<\/div>\n<\/div>\n\n\n\n<div class=\"wp-block-uagb-container uagb-block-222847f6 alignfull uagb-is-root-container\"><div class=\"uagb-container-inner-blocks-wrap\">\n<div class=\"wp-block-uagb-info-box uagb-block-48298200 uagb-infobox__content-wrap  uagb-infobox-icon-above-title uagb-infobox-image-valign-top\"><div class=\"uagb-ifb-content\"><div class=\"uagb-ifb-title-wrap\"><h2 class=\"uagb-ifb-title\">VOOC<\/h2><\/div><p class=\"uagb-ifb-desc\">W ramach projektu \u201eEVTECH\u201d powstanie Otwarty Zawodowy Kurs Online (VOOC) dla technik\u00f3w samochodowych. Ten kurs online zapewni formalne jednostki uczenia si\u0119 VET i materia\u0142y do oceny dotycz\u0105ce serwisowania, konserwacji i napraw pojazd\u00f3w elektrycznych. VOOC b\u0119dzie dost\u0119pny online i b\u0119dzie wspiera\u0107 nauk\u0119 we w\u0142asnym tempie, umo\u017cliwiaj\u0105c technikom podnoszenie kwalifikacji wed\u0142ug w\u0142asnych mo\u017cliwo\u015bci i potrzeb. Kurs online b\u0119dzie r\u00f3wnie\u017c zawiera\u0142 otwarte zasoby edukacyjne i e-book dla uczni\u00f3w, kt\u00f3re pomog\u0105 w nauce i zrozumieniu zagadnie\u0144. Przeprowadzone zostan\u0105 testy pilota\u017cowe VOOC w celu oceny jego skuteczno\u015bci w podnoszeniu kwalifikacji technik\u00f3w.<\/p><div class=\"uagb-ifb-button-wrapper wp-block-button\"><a href=\"https:\/\/erasmusmoocs.thinkific.com\/courses\/pl-evtech\" class=\"uagb-infobox-cta-link wp-block-button__link\" target=\"_blank\" rel=\"noopener noreferrer\" onclick=\"return true;\"><span class=\"uagb-inline-editing\">Dost\u0119p do VOOC <\/span><\/a><\/div><\/div><\/div>\n<\/div><\/div>\n\n\n\n<div style=\"height:100px\" aria-hidden=\"true\" class=\"wp-block-spacer\"><\/div>\n\n\n\n<div class=\"wp-block-uagb-container uagb-block-e711df2e alignfull uagb-is-root-container\"><div class=\"uagb-container-inner-blocks-wrap\"><\/div><\/div>\n","protected":false},"excerpt":{"rendered":"<p>Cele EVTECH d\u0105\u017cy do zwi\u0119kszenia poda\u017cy, jako\u015bci i przydatno\u015bci kszta\u0142cenia i szkolenia zawodowego w przemy\u015ble motoryzacyjnym, maj\u0105c na celu zaj\u0119cie si\u0119 pojawiaj\u0105cymi si\u0119 wymaganiami zawodowymi i niedopasowaniem umiej\u0119tno\u015bci, wynikaj\u0105cym z rosn\u0105cych wska\u017anik\u00f3w adopcji pojazd\u00f3w elektrycznych. Projekt b\u0119dzie opiera\u0142 si\u0119 na istniej\u0105cej wiedzy na temat rynku pracy i umiej\u0119tno\u015bci (wst\u0119pna propozycja), aby opracowa\u0107 program nauczania zorientowany [&hellip;]<\/p>\n","protected":false},"author":1,"featured_media":0,"parent":0,"menu_order":0,"comment_status":"closed","ping_status":"closed","template":"","meta":{"_uag_custom_page_level_css":"","site-sidebar-layout":"no-sidebar","site-content-layout":"plain-container","ast-site-content-layout":"normal-width-container","site-content-style":"unboxed","site-sidebar-style":"unboxed","ast-global-header-display":"","ast-banner-title-visibility":"","ast-main-header-display":"","ast-hfb-above-header-display":"","ast-hfb-below-header-display":"","ast-hfb-mobile-header-display":"","site-post-title":"disabled","ast-breadcrumbs-content":"","ast-featured-img":"disabled","footer-sml-layout":"","ast-disable-related-posts":"","theme-transparent-header-meta":"enabled","adv-header-id-meta":"","stick-header-meta":"","header-above-stick-meta":"","header-main-stick-meta":"","header-below-stick-meta":"","astra-migrate-meta-layouts":"set","ast-page-background-enabled":"default","ast-page-background-meta":{"desktop":{"background-color":"","background-image":"","background-repeat":"repeat","background-position":"center center","background-size":"auto","background-attachment":"scroll","background-type":"","background-media":"","overlay-type":"","overlay-color":"","overlay-opacity":"","overlay-gradient":""},"tablet":{"background-color":"","background-image":"","background-repeat":"repeat","background-position":"center center","background-size":"auto","background-attachment":"scroll","background-type":"","background-media":"","overlay-type":"","overlay-color":"","overlay-opacity":"","overlay-gradient":""},"mobile":{"background-color":"","background-image":"","background-repeat":"repeat","background-position":"center center","background-size":"auto","background-attachment":"scroll","background-type":"","background-media":"","overlay-type":"","overlay-color":"","overlay-opacity":"","overlay-gradient":""}},"ast-content-background-meta":{"desktop":{"background-color":"var(--ast-global-color-5)","background-image":"","background-repeat":"repeat","background-position":"center center","background-size":"auto","background-attachment":"scroll","background-type":"","background-media":"","overlay-type":"","overlay-color":"","overlay-opacity":"","overlay-gradient":""},"tablet":{"background-color":"var(--ast-global-color-5)","background-image":"","background-repeat":"repeat","background-position":"center center","background-size":"auto","background-attachment":"scroll","background-type":"","background-media":"","overlay-type":"","overlay-color":"","overlay-opacity":"","overlay-gradient":""},"mobile":{"background-color":"var(--ast-global-color-5)","background-image":"","background-repeat":"repeat","background-position":"center center","background-size":"auto","background-attachment":"scroll","background-type":"","background-media":"","overlay-type":"","overlay-color":"","overlay-opacity":"","overlay-gradient":""}},"footnotes":""},"class_list":["post-1595","page","type-page","status-publish","hentry"],"yoast_head":"<!-- This site is optimized with the Yoast SEO plugin v27.4 - https:\/\/yoast.com\/product\/yoast-seo-wordpress\/ -->\n<title>EVTECH - Umiej\u0119tno\u015bci konserwacji i bezpiecznego u\u017cytkowania pojazd\u00f3w elektrycznych dla technik\u00f3w pojazd\u00f3w samochodowych<\/title>\n<meta name=\"description\" content=\"Zwi\u0119kszenie poda\u017cy, jako\u015bci i adekwatno\u015bci oferty kszta\u0142cenia i szkolenia zawodowego w przemy\u015ble motoryzacyjnym, nabycie nowych umiej\u0119tno\u015bci wymaganych w nowej erze pojazd\u00f3w elektrycznych.\" \/>\n<meta name=\"robots\" content=\"index, follow, max-snippet:-1, max-image-preview:large, max-video-preview:-1\" \/>\n<link rel=\"canonical\" href=\"https:\/\/evtech-project.eu\/pl\/\" \/>\n<meta property=\"og:locale\" content=\"pl_PL\" \/>\n<meta property=\"og:type\" content=\"article\" \/>\n<meta property=\"og:title\" content=\"EVTECH - Umiej\u0119tno\u015bci konserwacji i bezpiecznego u\u017cytkowania pojazd\u00f3w elektrycznych dla technik\u00f3w pojazd\u00f3w samochodowych\" \/>\n<meta property=\"og:description\" content=\"Zwi\u0119kszenie poda\u017cy, jako\u015bci i adekwatno\u015bci oferty kszta\u0142cenia i szkolenia zawodowego w przemy\u015ble motoryzacyjnym, nabycie nowych umiej\u0119tno\u015bci wymaganych w nowej erze pojazd\u00f3w elektrycznych.\" \/>\n<meta property=\"og:url\" content=\"https:\/\/evtech-project.eu\/pl\/\" \/>\n<meta property=\"og:site_name\" content=\"EVTECH project\" \/>\n<meta property=\"article:modified_time\" content=\"2025-01-27T11:16:09+00:00\" \/>\n<meta name=\"twitter:card\" content=\"summary_large_image\" \/>\n<meta name=\"twitter:label1\" content=\"Szacowany czas czytania\" \/>\n\t<meta name=\"twitter:data1\" content=\"2 minuty\" \/>\n<script type=\"application\/ld+json\" class=\"yoast-schema-graph\">{\"@context\":\"https:\\\/\\\/schema.org\",\"@graph\":[{\"@type\":\"WebPage\",\"@id\":\"https:\\\/\\\/evtech-project.eu\\\/pl\\\/\",\"url\":\"https:\\\/\\\/evtech-project.eu\\\/pl\\\/\",\"name\":\"EVTECH - Umiej\u0119tno\u015bci konserwacji i bezpiecznego u\u017cytkowania pojazd\u00f3w elektrycznych dla technik\u00f3w pojazd\u00f3w samochodowych\",\"isPartOf\":{\"@id\":\"https:\\\/\\\/evtech-project.eu\\\/pl\\\/#website\"},\"datePublished\":\"2020-05-12T03:43:03+00:00\",\"dateModified\":\"2025-01-27T11:16:09+00:00\",\"description\":\"Zwi\u0119kszenie poda\u017cy, jako\u015bci i adekwatno\u015bci oferty kszta\u0142cenia i szkolenia zawodowego w przemy\u015ble motoryzacyjnym, nabycie nowych umiej\u0119tno\u015bci wymaganych w nowej erze pojazd\u00f3w elektrycznych.\",\"breadcrumb\":{\"@id\":\"https:\\\/\\\/evtech-project.eu\\\/pl\\\/#breadcrumb\"},\"inLanguage\":\"pl-PL\",\"potentialAction\":[{\"@type\":\"ReadAction\",\"target\":[\"https:\\\/\\\/evtech-project.eu\\\/pl\\\/\"]}]},{\"@type\":\"BreadcrumbList\",\"@id\":\"https:\\\/\\\/evtech-project.eu\\\/pl\\\/#breadcrumb\",\"itemListElement\":[{\"@type\":\"ListItem\",\"position\":1,\"name\":\"Home\",\"item\":\"https:\\\/\\\/evtech-project.eu\\\/pl\\\/\"},{\"@type\":\"ListItem\",\"position\":2,\"name\":\"Strona g\u0142\u00f3wna\"}]},{\"@type\":\"WebSite\",\"@id\":\"https:\\\/\\\/evtech-project.eu\\\/pl\\\/#website\",\"url\":\"https:\\\/\\\/evtech-project.eu\\\/pl\\\/\",\"name\":\"EVTECH project\",\"description\":\"\",\"publisher\":{\"@id\":\"https:\\\/\\\/evtech-project.eu\\\/pl\\\/#organization\"},\"potentialAction\":[{\"@type\":\"SearchAction\",\"target\":{\"@type\":\"EntryPoint\",\"urlTemplate\":\"https:\\\/\\\/evtech-project.eu\\\/pl\\\/?s={search_term_string}\"},\"query-input\":{\"@type\":\"PropertyValueSpecification\",\"valueRequired\":true,\"valueName\":\"search_term_string\"}}],\"inLanguage\":\"pl-PL\"},{\"@type\":\"Organization\",\"@id\":\"https:\\\/\\\/evtech-project.eu\\\/pl\\\/#organization\",\"name\":\"EVTECH project\",\"url\":\"https:\\\/\\\/evtech-project.eu\\\/pl\\\/\",\"logo\":{\"@type\":\"ImageObject\",\"inLanguage\":\"pl-PL\",\"@id\":\"https:\\\/\\\/evtech-project.eu\\\/pl\\\/#\\\/schema\\\/logo\\\/image\\\/\",\"url\":\"https:\\\/\\\/evtech-project.eu\\\/wp-content\\\/uploads\\\/2023\\\/02\\\/cropped-cropped-cropped-EVTECH-logo-transparent-1-1-1.png\",\"contentUrl\":\"https:\\\/\\\/evtech-project.eu\\\/wp-content\\\/uploads\\\/2023\\\/02\\\/cropped-cropped-cropped-EVTECH-logo-transparent-1-1-1.png\",\"width\":999,\"height\":333,\"caption\":\"EVTECH project\"},\"image\":{\"@id\":\"https:\\\/\\\/evtech-project.eu\\\/pl\\\/#\\\/schema\\\/logo\\\/image\\\/\"}}]}<\/script>\n<!-- \/ Yoast SEO plugin. -->","yoast_head_json":{"title":"EVTECH - Umiej\u0119tno\u015bci konserwacji i bezpiecznego u\u017cytkowania pojazd\u00f3w elektrycznych dla technik\u00f3w pojazd\u00f3w samochodowych","description":"Zwi\u0119kszenie poda\u017cy, jako\u015bci i adekwatno\u015bci oferty kszta\u0142cenia i szkolenia zawodowego w przemy\u015ble motoryzacyjnym, nabycie nowych umiej\u0119tno\u015bci wymaganych w nowej erze pojazd\u00f3w elektrycznych.","robots":{"index":"index","follow":"follow","max-snippet":"max-snippet:-1","max-image-preview":"max-image-preview:large","max-video-preview":"max-video-preview:-1"},"canonical":"https:\/\/evtech-project.eu\/pl\/","og_locale":"pl_PL","og_type":"article","og_title":"EVTECH - Umiej\u0119tno\u015bci konserwacji i bezpiecznego u\u017cytkowania pojazd\u00f3w elektrycznych dla technik\u00f3w pojazd\u00f3w samochodowych","og_description":"Zwi\u0119kszenie poda\u017cy, jako\u015bci i adekwatno\u015bci oferty kszta\u0142cenia i szkolenia zawodowego w przemy\u015ble motoryzacyjnym, nabycie nowych umiej\u0119tno\u015bci wymaganych w nowej erze pojazd\u00f3w elektrycznych.","og_url":"https:\/\/evtech-project.eu\/pl\/","og_site_name":"EVTECH project","article_modified_time":"2025-01-27T11:16:09+00:00","twitter_card":"summary_large_image","twitter_misc":{"Szacowany czas czytania":"2 minuty"},"schema":{"@context":"https:\/\/schema.org","@graph":[{"@type":"WebPage","@id":"https:\/\/evtech-project.eu\/pl\/","url":"https:\/\/evtech-project.eu\/pl\/","name":"EVTECH - Umiej\u0119tno\u015bci konserwacji i bezpiecznego u\u017cytkowania pojazd\u00f3w elektrycznych dla technik\u00f3w pojazd\u00f3w samochodowych","isPartOf":{"@id":"https:\/\/evtech-project.eu\/pl\/#website"},"datePublished":"2020-05-12T03:43:03+00:00","dateModified":"2025-01-27T11:16:09+00:00","description":"Zwi\u0119kszenie poda\u017cy, jako\u015bci i adekwatno\u015bci oferty kszta\u0142cenia i szkolenia zawodowego w przemy\u015ble motoryzacyjnym, nabycie nowych umiej\u0119tno\u015bci wymaganych w nowej erze pojazd\u00f3w elektrycznych.","breadcrumb":{"@id":"https:\/\/evtech-project.eu\/pl\/#breadcrumb"},"inLanguage":"pl-PL","potentialAction":[{"@type":"ReadAction","target":["https:\/\/evtech-project.eu\/pl\/"]}]},{"@type":"BreadcrumbList","@id":"https:\/\/evtech-project.eu\/pl\/#breadcrumb","itemListElement":[{"@type":"ListItem","position":1,"name":"Home","item":"https:\/\/evtech-project.eu\/pl\/"},{"@type":"ListItem","position":2,"name":"Strona g\u0142\u00f3wna"}]},{"@type":"WebSite","@id":"https:\/\/evtech-project.eu\/pl\/#website","url":"https:\/\/evtech-project.eu\/pl\/","name":"EVTECH project","description":"","publisher":{"@id":"https:\/\/evtech-project.eu\/pl\/#organization"},"potentialAction":[{"@type":"SearchAction","target":{"@type":"EntryPoint","urlTemplate":"https:\/\/evtech-project.eu\/pl\/?s={search_term_string}"},"query-input":{"@type":"PropertyValueSpecification","valueRequired":true,"valueName":"search_term_string"}}],"inLanguage":"pl-PL"},{"@type":"Organization","@id":"https:\/\/evtech-project.eu\/pl\/#organization","name":"EVTECH project","url":"https:\/\/evtech-project.eu\/pl\/","logo":{"@type":"ImageObject","inLanguage":"pl-PL","@id":"https:\/\/evtech-project.eu\/pl\/#\/schema\/logo\/image\/","url":"https:\/\/evtech-project.eu\/wp-content\/uploads\/2023\/02\/cropped-cropped-cropped-EVTECH-logo-transparent-1-1-1.png","contentUrl":"https:\/\/evtech-project.eu\/wp-content\/uploads\/2023\/02\/cropped-cropped-cropped-EVTECH-logo-transparent-1-1-1.png","width":999,"height":333,"caption":"EVTECH project"},"image":{"@id":"https:\/\/evtech-project.eu\/pl\/#\/schema\/logo\/image\/"}}]}},"uagb_featured_image_src":{"full":false,"thumbnail":false,"medium":false,"medium_large":false,"large":false,"1536x1536":false,"2048x2048":false},"uagb_author_info":{"display_name":"admin","author_link":"https:\/\/evtech-project.eu\/pl\/author\/info_0uxcc8vv\/"},"uagb_comment_info":0,"uagb_excerpt":"Cele EVTECH d\u0105\u017cy do zwi\u0119kszenia poda\u017cy, jako\u015bci i przydatno\u015bci kszta\u0142cenia i szkolenia zawodowego w przemy\u015ble motoryzacyjnym, maj\u0105c na celu zaj\u0119cie si\u0119 pojawiaj\u0105cymi si\u0119 wymaganiami zawodowymi i niedopasowaniem umiej\u0119tno\u015bci, wynikaj\u0105cym z rosn\u0105cych wska\u017anik\u00f3w adopcji pojazd\u00f3w elektrycznych. Projekt b\u0119dzie opiera\u0142 si\u0119 na istniej\u0105cej wiedzy na temat rynku pracy i umiej\u0119tno\u015bci (wst\u0119pna propozycja), aby opracowa\u0107 program nauczania zorientowany&hellip;","_links":{"self":[{"href":"https:\/\/evtech-project.eu\/pl\/wp-json\/wp\/v2\/pages\/1595","targetHints":{"allow":["GET"]}}],"collection":[{"href":"https:\/\/evtech-project.eu\/pl\/wp-json\/wp\/v2\/pages"}],"about":[{"href":"https:\/\/evtech-project.eu\/pl\/wp-json\/wp\/v2\/types\/page"}],"author":[{"embeddable":true,"href":"https:\/\/evtech-project.eu\/pl\/wp-json\/wp\/v2\/users\/1"}],"replies":[{"embeddable":true,"href":"https:\/\/evtech-project.eu\/pl\/wp-json\/wp\/v2\/comments?post=1595"}],"version-history":[{"count":7,"href":"https:\/\/evtech-project.eu\/pl\/wp-json\/wp\/v2\/pages\/1595\/revisions"}],"predecessor-version":[{"id":2765,"href":"https:\/\/evtech-project.eu\/pl\/wp-json\/wp\/v2\/pages\/1595\/revisions\/2765"}],"wp:attachment":[{"href":"https:\/\/evtech-project.eu\/pl\/wp-json\/wp\/v2\/media?parent=1595"}],"curies":[{"name":"wp","href":"https:\/\/api.w.org\/{rel}","templated":true}]}}