{"id":2062,"date":"2023-02-02T11:10:37","date_gmt":"2023-02-02T11:10:37","guid":{"rendered":"https:\/\/evtech-project.eu\/wyniki\/"},"modified":"2025-03-05T11:15:58","modified_gmt":"2025-03-05T11:15:58","slug":"wyniki","status":"publish","type":"page","link":"https:\/\/evtech-project.eu\/pl\/wyniki\/","title":{"rendered":"Wyniki"},"content":{"rendered":"\n<div class=\"wp-block-uagb-container uagb-block-76e42a57 alignfull uagb-is-root-container\"><div class=\"uagb-container-inner-blocks-wrap\">\n<div class=\"wp-block-uagb-advanced-heading uagb-block-4db2dce8\"><p class=\"uagb-heading-text\">Wyniki<\/p><\/div>\n<\/div><\/div>\n\n\n\n<div class=\"wp-block-uagb-container uagb-block-91635d71 alignfull uagb-is-root-container\">\n<div class=\"wp-block-uagb-container uagb-block-9734c49e\">\n<div class=\"wp-block-uagb-advanced-heading uagb-block-65b9150d\"><div class=\"uagb-heading-text\">1. VOOC<\/div><\/div>\n\n\n\n<div class=\"wp-block-uagb-advanced-heading uagb-block-6381f3ed\"><p class=\"uagb-heading-text\">Otwarty internetowy kurs zawodowy EVTECH (VOOC) zosta\u0142 opracowany specjalnie do szkolenia technik\u00f3w i mechanik\u00f3w w zakresie konserwacji i bezpiecze\u0144stwa pojazd\u00f3w elektrycznych (EV). Ten kompleksowy kurs wyposa\u017ca uczestnik\u00f3w w niezb\u0119dn\u0105 wiedz\u0119 i umiej\u0119tno\u015bci praktyczne, aby mogli stawi\u0107 czo\u0142a wyj\u0105tkowym wyzwaniom technologii EV. Dzi\u0119ki anga\u017cuj\u0105cym modu\u0142om i interaktywnym ocenom, kursanci zyskuj\u0105 pewno\u015b\u0107 siebie w serwisowaniu pojazd\u00f3w elektrycznych, jednocze\u015bnie stawiaj\u0105c na pierwszym miejscu bezpiecze\u0144stwo i wydajno\u015b\u0107. VOOC nie tylko zwi\u0119ksza umiej\u0119tno\u015bci technik\u00f3w i mechanik\u00f3w, ale tak\u017ce przyczynia si\u0119 do szerszego celu, jakim jest wspieranie zr\u00f3wnowa\u017conej przysz\u0142o\u015bci motoryzacji. Co najlepsze, ten cenny internetowy zas\u00f3b jest og\u00f3lnodost\u0119pny dla wszystkich za darmo, co zapewnia, \u017ce ka\u017cdy mo\u017ce uzyska\u0107 dost\u0119p do szkolenia potrzebnego do doskonalenia swoich umiej\u0119tno\u015bci.<\/p><\/div>\n\n\n\n<div class=\"wp-block-uagb-buttons uagb-buttons__outer-wrap uagb-btn__default-btn uagb-btn-tablet__default-btn uagb-btn-mobile__default-btn uagb-block-42ee35f0\"><div class=\"uagb-buttons__wrap uagb-buttons-layout-wrap \">\n<div class=\"wp-block-uagb-buttons-child uagb-buttons__outer-wrap uagb-block-9ac3f057 wp-block-button\"><div class=\"uagb-button__wrapper\"><a class=\"uagb-buttons-repeater wp-block-button__link\" aria-label=\"\" href=\"https:\/\/erasmusmoocs.thinkific.com\/courses\/pl-evtech\" rel=\"follow noopener\" target=\"_blank\" role=\"button\"><div class=\"uagb-button__link\">Zapisz si\u0119 teraz!<\/div><\/a><\/div><\/div>\n<\/div><\/div>\n\n\n\n<div style=\"height:10px\" aria-hidden=\"true\" class=\"wp-block-spacer\"><\/div>\n\n\n\n<div class=\"wp-block-uagb-buttons uagb-buttons__outer-wrap uagb-btn__default-btn uagb-btn-tablet__default-btn uagb-btn-mobile__default-btn uagb-block-b982f66d\"><div class=\"uagb-buttons__wrap uagb-buttons-layout-wrap \">\n<div class=\"wp-block-uagb-buttons-child uagb-buttons__outer-wrap uagb-block-02f8eca0 wp-block-button\"><div class=\"uagb-button__wrapper\"><a class=\"uagb-buttons-repeater wp-block-button__link\" aria-label=\"\" href=\"https:\/\/evtech-project.eu\/wp-content\/uploads\/2025\/01\/D2.3.1-EDUCATIONAL-RESOURCES_PL.pdf\" rel=\"follow noopener\" target=\"_blank\" role=\"button\"><div class=\"uagb-button__link\">POBIERZ OTWARTE ZASOBY EDUKACYJNE<\/div><\/a><\/div><\/div>\n<\/div><\/div>\n\n\n\n<div style=\"height:288px\" aria-hidden=\"true\" class=\"wp-block-spacer\"><\/div>\n<\/div>\n\n\n\n<div class=\"wp-block-uagb-container uagb-block-81566fbc\">\n<div class=\"wp-block-uagb-advanced-heading uagb-block-aa932934\"><div class=\"uagb-heading-text\">2. \u0395-\u0392\u039f\u039f\u039a<\/div><\/div>\n\n\n\n<div class=\"wp-block-uagb-advanced-heading uagb-block-6ed8931a\"><p class=\"uagb-heading-text\">E-book EVTECH s\u0142u\u017cy jako kompleksowy przewodnik dla os\u00f3b ucz\u0105cych si\u0119, podsumowuj\u0105c kluczowe koncepcje i dostarczaj\u0105c dodatkowe zasoby. E-book zawiera podstawowe wyja\u015bnienia komponent\u00f3w EV, protoko\u0142\u00f3w konserwacji i praktyk bezpiecze\u0144stwa, zapewniaj\u0105c technikom i mechanikom narz\u0119dzia, kt\u00f3rych potrzebuj\u0105, aby osi\u0105gn\u0105\u0107 sukces. Co najlepsze, e-book jest og\u00f3lnodost\u0119pny za darmo, dzi\u0119ki czemu to wa\u017cne narz\u0119dzie jest dost\u0119pne dla ka\u017cdego.<\/p><\/div>\n\n\n\n<div class=\"wp-block-uagb-buttons uagb-buttons__outer-wrap uagb-btn__default-btn uagb-btn-tablet__default-btn uagb-btn-mobile__default-btn uagb-block-cf8e2c6e\"><div class=\"uagb-buttons__wrap uagb-buttons-layout-wrap \">\n<div class=\"wp-block-uagb-buttons-child uagb-buttons__outer-wrap uagb-block-97bf8f6b wp-block-button\"><div class=\"uagb-button__wrapper\"><a class=\"uagb-buttons-repeater wp-block-button__link\" aria-label=\"\" href=\"https:\/\/evtech-project.eu\/wp-content\/uploads\/2024\/11\/EVTECH_A.3.3_Learners_E-book_PL.pdf\" rel=\"follow noopener\" target=\"_blank\" role=\"button\"><div class=\"uagb-button__link\">Pobierz e-booka EVTECH<\/div><\/a><\/div><\/div>\n<\/div><\/div>\n\n\n\n<div style=\"height:549px\" aria-hidden=\"true\" class=\"wp-block-spacer\"><\/div>\n<\/div>\n\n\n\n<div class=\"wp-block-uagb-container uagb-block-2fd45fb5\">\n<div style=\"height:5px\" aria-hidden=\"true\" class=\"wp-block-spacer\"><\/div>\n\n\n\n<div class=\"wp-block-uagb-advanced-heading uagb-block-93c19d44\"><div class=\"uagb-heading-text\">3. DEKLARACJE WSPARCIA<\/div><\/div>\n\n\n\n<div class=\"wp-block-uagb-advanced-heading uagb-block-152e5268\"><p class=\"uagb-heading-text\">Zapraszamy do przy\u0142\u0105czenia si\u0119 do rosn\u0105cej koalicji interesariuszy w sektorze motoryzacyjnym i edukacyjnym poprzez podpisanie DEKLARACJI WSPARCIA EVTECH. Ta inicjatywa jest kluczowym krokiem w kierunku zaspokojenia rosn\u0105cego zapotrzebowania na wykwalifikowanych technik\u00f3w i mechanik\u00f3w w szybko ewoluuj\u0105cym krajobrazie EV. Popieraj\u0105c to o\u015bwiadczenie, potwierdzasz znaczenie rezultat\u00f3w projektu, w tym Otwartego Kurs Zawodowego Online (VOOC) i towarzysz\u0105cego mu e-booka, jako kluczowych zasob\u00f3w zar\u00f3wno dla obecnych technik\u00f3w i mechanik\u00f3w, jak i przysz\u0142ej si\u0142y roboczej. Twoje wsparcie b\u0119dzie or\u0119downikiem kontynuacji wynik\u00f3w projektu, zapewniaj\u0105c, \u017ce technicy i mechanicy b\u0119d\u0105 przygotowani do radzenia sobie z wyzwaniami przysz\u0142o\u015bci bran\u017cy motoryzacyjnej.<br>UWAGA: Podpisanie niniejszej DEKLARACJI WSPARCIA nie powoduje powstania \u017cadnych zobowi\u0105za\u0144 prawnych ani finansowych.<\/p><\/div>\n\n\n\n<div style=\"height:0px\" aria-hidden=\"true\" class=\"wp-block-spacer\"><\/div>\n\n\n\n<div class=\"wp-block-uagb-buttons uagb-buttons__outer-wrap uagb-btn__default-btn uagb-btn-tablet__default-btn uagb-btn-mobile__default-btn uagb-block-ac05b946\"><div class=\"uagb-buttons__wrap uagb-buttons-layout-wrap \">\n<div class=\"wp-block-uagb-buttons-child uagb-buttons__outer-wrap uagb-block-f516f465 wp-block-button\"><div class=\"uagb-button__wrapper\"><a class=\"uagb-buttons-repeater wp-block-button__link\" aria-label=\"\" href=\"https:\/\/evtech-project.eu\/pl\/deklaracja-poparcia\/\" rel=\"follow noopener\" target=\"_blank\" role=\"button\"><div class=\"uagb-button__link\">Podpisz DEKLARACJ\u0118 WSPARCIA<\/div><\/a><\/div><\/div>\n<\/div><\/div>\n\n\n\n<div style=\"height:360px\" aria-hidden=\"true\" class=\"wp-block-spacer\"><\/div>\n<\/div>\n<\/div>\n\n\n\n<div class=\"wp-block-uagb-container uagb-block-b6f2901e alignfull uagb-is-root-container\">\n<div class=\"wp-block-uagb-container uagb-block-231e9033\">\n<div class=\"wp-block-uagb-advanced-heading uagb-block-60e12100\"><div class=\"uagb-heading-text\">4. SUPLEMENT DO CERTYFIKATU<\/div><\/div>\n\n\n\n<div class=\"wp-block-uagb-advanced-heading uagb-block-fd8ed5a4\"><p class=\"uagb-heading-text\">W ramach projektu EVTECH konsorcjum stworzy\u0142o oficjalny Suplement do Certyfikatu Europass. Suplement ten ma na celu u\u0142atwienie dostawcom kszta\u0142cenia i szkolenia zawodowego (VET) w\u0142\u0105czenie materia\u0142\u00f3w szkoleniowych z naszego projektu do ich certyfikowanych program\u00f3w nauczania. Oferuj\u0105c oficjalny certyfikat kwalifikacji, chcemy zwi\u0119kszy\u0107 uznawanie umiej\u0119tno\u015bci zdobytych dzi\u0119ki naszemu Otwartemu Kursowi Zawodowemu Online (VOOC) i e-bookowi. Ta inicjatywa nie tylko usprawnia proces certyfikacji dla dostawc\u00f3w kszta\u0142cenia zawodowego, ale tak\u017ce zapewnia, \u017ce ucz\u0105cy si\u0119 otrzymaj\u0105 formalne potwierdzenie swoich osi\u0105gni\u0119\u0107 w zakresie bezpiecze\u0144stwa i konserwacji pojazd\u00f3w elektrycznych, wspieraj\u0105c ich rozw\u00f3j zawodowy w rozwijaj\u0105cym si\u0119 sektorze motoryzacyjnym.<\/p><\/div>\n\n\n\n<div class=\"wp-block-uagb-buttons uagb-buttons__outer-wrap uagb-btn__default-btn uagb-btn-tablet__default-btn uagb-btn-mobile__default-btn uagb-block-244c75f6\"><div class=\"uagb-buttons__wrap uagb-buttons-layout-wrap \">\n<div class=\"wp-block-uagb-buttons-child uagb-buttons__outer-wrap uagb-block-8c14810c wp-block-button\"><div class=\"uagb-button__wrapper\"><a class=\"uagb-buttons-repeater wp-block-button__link\" aria-label=\"\" href=\"https:\/\/evtech-project.eu\/wp-content\/uploads\/2024\/11\/EVTECH_Certificate-supplement-Template-EN.docx\" rel=\"follow noopener\" target=\"_blank\" role=\"button\"><div class=\"uagb-button__link\">Pobierz certyfikat<\/div><\/a><\/div><\/div>\n<\/div><\/div>\n\n\n\n<div style=\"height:333px\" aria-hidden=\"true\" class=\"wp-block-spacer\"><\/div>\n<\/div>\n\n\n\n<div class=\"wp-block-uagb-container uagb-block-031f30c7\">\n<div class=\"wp-block-uagb-advanced-heading uagb-block-082b3b36\"><div class=\"uagb-heading-text\">5. SPECYFIKACJE KWALIFIKACJI ZAWODOWYCH OBOWI\u0104ZUJ\u0104CYCH W CA\u0141EJ<\/div><\/div>\n\n\n\n<div class=\"wp-block-group is-vertical is-content-justification-left is-layout-flex wp-container-core-group-is-layout-7666da4f wp-block-group-is-layout-flex\">\n<div class=\"wp-block-uagb-advanced-heading uagb-block-910caf56\"><p class=\"uagb-heading-text\">Konsorcjum opracowa\u0142o kompleksowy plan, kt\u00f3ry a) okre\u015bla wsp\u00f3lne wymagania zawodowe i b) zawiera zaktualizowane opisy odpowiednich profili zawodowych w dziedzinie konserwacji i bezpiecze\u0144stwa pojazd\u00f3w elektrycznych (EV). Ten plan ma by\u0107 uznawany i integrowany z krajowymi programami certyfikacji oraz europejskim systemem klasyfikacji umiej\u0119tno\u015bci, kompetencji, kwalifikacji i zawod\u00f3w (ESCO). Poprzez dostosowanie rezultat\u00f3w szkole\u0144 EVTECH do ustalonych standard\u00f3w zawodowych, d\u0105\u017cymy do zwi\u0119kszenia uznawania umiej\u0119tno\u015bci w sektorze motoryzacyjnym i u\u0142atwienia wi\u0119kszej mobilno\u015bci profesjonalist\u00f3w w ca\u0142ej Europie. Ta inicjatywa nie tylko wzmacnia jako\u015b\u0107 szkole\u0144 zawodowych, ale tak\u017ce wspiera przej\u015bcie na zr\u00f3wnowa\u017con\u0105 si\u0142\u0119 robocz\u0105 w bran\u017cy motoryzacyjnej, wyposa\u017con\u0105 na wyzwania przysz\u0142o\u015bci.<\/p><\/div>\n<\/div>\n\n\n\n<div class=\"wp-block-uagb-buttons uagb-buttons__outer-wrap uagb-btn__default-btn uagb-btn-tablet__default-btn uagb-btn-mobile__default-btn uagb-block-b1de5ed6\"><div class=\"uagb-buttons__wrap uagb-buttons-layout-wrap \">\n<div class=\"wp-block-uagb-buttons-child uagb-buttons__outer-wrap uagb-block-0b476b96 wp-block-button\"><div class=\"uagb-button__wrapper\"><a class=\"uagb-buttons-repeater wp-block-button__link\" aria-label=\"\" href=\"https:\/\/evtech-project.eu\/wp-content\/uploads\/2025\/01\/EVTECH_A4.3_report_FINAL.pdf\" rel=\"follow noopener\" target=\"_blank\" role=\"button\"><div class=\"uagb-button__link\">DOWNLOAD ACTION PLAN REPORT<\/div><\/a><\/div><\/div>\n<\/div><\/div>\n\n\n\n<div style=\"height:10px\" aria-hidden=\"true\" class=\"wp-block-spacer\"><\/div>\n\n\n\n<div class=\"wp-block-uagb-buttons uagb-buttons__outer-wrap uagb-btn__default-btn uagb-btn-tablet__default-btn uagb-btn-mobile__default-btn uagb-block-2bef7916\"><div class=\"uagb-buttons__wrap uagb-buttons-layout-wrap \">\n<div class=\"wp-block-uagb-buttons-child uagb-buttons__outer-wrap uagb-block-7873af81 wp-block-button\"><div class=\"uagb-button__wrapper\"><a class=\"uagb-buttons-repeater wp-block-button__link\" aria-label=\"\" href=\"https:\/\/evtech-project.eu\/wp-content\/uploads\/2025\/01\/Blueprint-of-an-EU-wide-qualification-for-EV-technicians.pdf\" rel=\"follow noopener\" target=\"_blank\" role=\"button\"><div class=\"uagb-button__link\">Pobierz plan<\/div><\/a><\/div><\/div>\n<\/div><\/div>\n\n\n\n<div style=\"height:270px\" aria-hidden=\"true\" class=\"wp-block-spacer\"><\/div>\n<\/div>\n<\/div>\n","protected":false},"excerpt":{"rendered":"<p>Wyniki 1. VOOC Otwarty internetowy kurs zawodowy EVTECH (VOOC) zosta\u0142 opracowany specjalnie do szkolenia technik\u00f3w i mechanik\u00f3w w zakresie konserwacji i bezpiecze\u0144stwa pojazd\u00f3w elektrycznych (EV). Ten kompleksowy kurs wyposa\u017ca uczestnik\u00f3w w niezb\u0119dn\u0105 wiedz\u0119 i umiej\u0119tno\u015bci praktyczne, aby mogli stawi\u0107 czo\u0142a wyj\u0105tkowym wyzwaniom technologii EV. Dzi\u0119ki anga\u017cuj\u0105cym modu\u0142om i interaktywnym ocenom, kursanci zyskuj\u0105 pewno\u015b\u0107 siebie w [&hellip;]<\/p>\n","protected":false},"author":1,"featured_media":0,"parent":0,"menu_order":0,"comment_status":"closed","ping_status":"closed","template":"","meta":{"_uag_custom_page_level_css":"","site-sidebar-layout":"no-sidebar","site-content-layout":"plain-container","ast-site-content-layout":"normal-width-container","site-content-style":"unboxed","site-sidebar-style":"unboxed","ast-global-header-display":"","ast-banner-title-visibility":"","ast-main-header-display":"","ast-hfb-above-header-display":"","ast-hfb-below-header-display":"","ast-hfb-mobile-header-display":"","site-post-title":"disabled","ast-breadcrumbs-content":"","ast-featured-img":"","footer-sml-layout":"","ast-disable-related-posts":"","theme-transparent-header-meta":"enabled","adv-header-id-meta":"","stick-header-meta":"","header-above-stick-meta":"","header-main-stick-meta":"","header-below-stick-meta":"","astra-migrate-meta-layouts":"set","ast-page-background-enabled":"default","ast-page-background-meta":{"desktop":{"background-color":"","background-image":"","background-repeat":"repeat","background-position":"center center","background-size":"auto","background-attachment":"scroll","background-type":"","background-media":"","overlay-type":"","overlay-color":"","overlay-opacity":"","overlay-gradient":""},"tablet":{"background-color":"","background-image":"","background-repeat":"repeat","background-position":"center center","background-size":"auto","background-attachment":"scroll","background-type":"","background-media":"","overlay-type":"","overlay-color":"","overlay-opacity":"","overlay-gradient":""},"mobile":{"background-color":"","background-image":"","background-repeat":"repeat","background-position":"center center","background-size":"auto","background-attachment":"scroll","background-type":"","background-media":"","overlay-type":"","overlay-color":"","overlay-opacity":"","overlay-gradient":""}},"ast-content-background-meta":{"desktop":{"background-color":"var(--ast-global-color-5)","background-image":"","background-repeat":"repeat","background-position":"center center","background-size":"auto","background-attachment":"scroll","background-type":"","background-media":"","overlay-type":"","overlay-color":"","overlay-opacity":"","overlay-gradient":""},"tablet":{"background-color":"var(--ast-global-color-5)","background-image":"","background-repeat":"repeat","background-position":"center center","background-size":"auto","background-attachment":"scroll","background-type":"","background-media":"","overlay-type":"","overlay-color":"","overlay-opacity":"","overlay-gradient":""},"mobile":{"background-color":"var(--ast-global-color-5)","background-image":"","background-repeat":"repeat","background-position":"center center","background-size":"auto","background-attachment":"scroll","background-type":"","background-media":"","overlay-type":"","overlay-color":"","overlay-opacity":"","overlay-gradient":""}},"footnotes":""},"class_list":["post-2062","page","type-page","status-publish","hentry"],"yoast_head":"<!-- This site is optimized with the Yoast SEO plugin v27.4 - https:\/\/yoast.com\/product\/yoast-seo-wordpress\/ -->\n<title>Wyniki - EVTECH project<\/title>\n<meta name=\"robots\" content=\"index, follow, max-snippet:-1, max-image-preview:large, max-video-preview:-1\" \/>\n<link rel=\"canonical\" href=\"https:\/\/evtech-project.eu\/pl\/wyniki\/\" \/>\n<meta property=\"og:locale\" content=\"pl_PL\" \/>\n<meta property=\"og:type\" content=\"article\" \/>\n<meta property=\"og:title\" content=\"Wyniki - EVTECH project\" \/>\n<meta property=\"og:description\" content=\"Wyniki 1. VOOC Otwarty internetowy kurs zawodowy EVTECH (VOOC) zosta\u0142 opracowany specjalnie do szkolenia technik\u00f3w i mechanik\u00f3w w zakresie konserwacji i bezpiecze\u0144stwa pojazd\u00f3w elektrycznych (EV). Ten kompleksowy kurs wyposa\u017ca uczestnik\u00f3w w niezb\u0119dn\u0105 wiedz\u0119 i umiej\u0119tno\u015bci praktyczne, aby mogli stawi\u0107 czo\u0142a wyj\u0105tkowym wyzwaniom technologii EV. Dzi\u0119ki anga\u017cuj\u0105cym modu\u0142om i interaktywnym ocenom, kursanci zyskuj\u0105 pewno\u015b\u0107 siebie w [&hellip;]\" \/>\n<meta property=\"og:url\" content=\"https:\/\/evtech-project.eu\/pl\/wyniki\/\" \/>\n<meta property=\"og:site_name\" content=\"EVTECH project\" \/>\n<meta property=\"article:modified_time\" content=\"2025-03-05T11:15:58+00:00\" \/>\n<meta name=\"twitter:card\" content=\"summary_large_image\" \/>\n<meta name=\"twitter:label1\" content=\"Szacowany czas czytania\" \/>\n\t<meta name=\"twitter:data1\" content=\"3 minuty\" \/>\n<script type=\"application\/ld+json\" class=\"yoast-schema-graph\">{\"@context\":\"https:\\\/\\\/schema.org\",\"@graph\":[{\"@type\":\"WebPage\",\"@id\":\"https:\\\/\\\/evtech-project.eu\\\/pl\\\/wyniki\\\/\",\"url\":\"https:\\\/\\\/evtech-project.eu\\\/pl\\\/wyniki\\\/\",\"name\":\"Wyniki - EVTECH project\",\"isPartOf\":{\"@id\":\"https:\\\/\\\/evtech-project.eu\\\/pl\\\/#website\"},\"datePublished\":\"2023-02-02T11:10:37+00:00\",\"dateModified\":\"2025-03-05T11:15:58+00:00\",\"breadcrumb\":{\"@id\":\"https:\\\/\\\/evtech-project.eu\\\/pl\\\/wyniki\\\/#breadcrumb\"},\"inLanguage\":\"pl-PL\",\"potentialAction\":[{\"@type\":\"ReadAction\",\"target\":[\"https:\\\/\\\/evtech-project.eu\\\/pl\\\/wyniki\\\/\"]}]},{\"@type\":\"BreadcrumbList\",\"@id\":\"https:\\\/\\\/evtech-project.eu\\\/pl\\\/wyniki\\\/#breadcrumb\",\"itemListElement\":[{\"@type\":\"ListItem\",\"position\":1,\"name\":\"Home\",\"item\":\"https:\\\/\\\/evtech-project.eu\\\/pl\\\/\"},{\"@type\":\"ListItem\",\"position\":2,\"name\":\"Wyniki\"}]},{\"@type\":\"WebSite\",\"@id\":\"https:\\\/\\\/evtech-project.eu\\\/pl\\\/#website\",\"url\":\"https:\\\/\\\/evtech-project.eu\\\/pl\\\/\",\"name\":\"EVTECH project\",\"description\":\"\",\"publisher\":{\"@id\":\"https:\\\/\\\/evtech-project.eu\\\/pl\\\/#organization\"},\"potentialAction\":[{\"@type\":\"SearchAction\",\"target\":{\"@type\":\"EntryPoint\",\"urlTemplate\":\"https:\\\/\\\/evtech-project.eu\\\/pl\\\/?s={search_term_string}\"},\"query-input\":{\"@type\":\"PropertyValueSpecification\",\"valueRequired\":true,\"valueName\":\"search_term_string\"}}],\"inLanguage\":\"pl-PL\"},{\"@type\":\"Organization\",\"@id\":\"https:\\\/\\\/evtech-project.eu\\\/pl\\\/#organization\",\"name\":\"EVTECH project\",\"url\":\"https:\\\/\\\/evtech-project.eu\\\/pl\\\/\",\"logo\":{\"@type\":\"ImageObject\",\"inLanguage\":\"pl-PL\",\"@id\":\"https:\\\/\\\/evtech-project.eu\\\/pl\\\/#\\\/schema\\\/logo\\\/image\\\/\",\"url\":\"https:\\\/\\\/evtech-project.eu\\\/wp-content\\\/uploads\\\/2023\\\/02\\\/cropped-cropped-cropped-EVTECH-logo-transparent-1-1-1.png\",\"contentUrl\":\"https:\\\/\\\/evtech-project.eu\\\/wp-content\\\/uploads\\\/2023\\\/02\\\/cropped-cropped-cropped-EVTECH-logo-transparent-1-1-1.png\",\"width\":999,\"height\":333,\"caption\":\"EVTECH project\"},\"image\":{\"@id\":\"https:\\\/\\\/evtech-project.eu\\\/pl\\\/#\\\/schema\\\/logo\\\/image\\\/\"}}]}<\/script>\n<!-- \/ Yoast SEO plugin. -->","yoast_head_json":{"title":"Wyniki - EVTECH project","robots":{"index":"index","follow":"follow","max-snippet":"max-snippet:-1","max-image-preview":"max-image-preview:large","max-video-preview":"max-video-preview:-1"},"canonical":"https:\/\/evtech-project.eu\/pl\/wyniki\/","og_locale":"pl_PL","og_type":"article","og_title":"Wyniki - EVTECH project","og_description":"Wyniki 1. VOOC Otwarty internetowy kurs zawodowy EVTECH (VOOC) zosta\u0142 opracowany specjalnie do szkolenia technik\u00f3w i mechanik\u00f3w w zakresie konserwacji i bezpiecze\u0144stwa pojazd\u00f3w elektrycznych (EV). Ten kompleksowy kurs wyposa\u017ca uczestnik\u00f3w w niezb\u0119dn\u0105 wiedz\u0119 i umiej\u0119tno\u015bci praktyczne, aby mogli stawi\u0107 czo\u0142a wyj\u0105tkowym wyzwaniom technologii EV. Dzi\u0119ki anga\u017cuj\u0105cym modu\u0142om i interaktywnym ocenom, kursanci zyskuj\u0105 pewno\u015b\u0107 siebie w [&hellip;]","og_url":"https:\/\/evtech-project.eu\/pl\/wyniki\/","og_site_name":"EVTECH project","article_modified_time":"2025-03-05T11:15:58+00:00","twitter_card":"summary_large_image","twitter_misc":{"Szacowany czas czytania":"3 minuty"},"schema":{"@context":"https:\/\/schema.org","@graph":[{"@type":"WebPage","@id":"https:\/\/evtech-project.eu\/pl\/wyniki\/","url":"https:\/\/evtech-project.eu\/pl\/wyniki\/","name":"Wyniki - EVTECH project","isPartOf":{"@id":"https:\/\/evtech-project.eu\/pl\/#website"},"datePublished":"2023-02-02T11:10:37+00:00","dateModified":"2025-03-05T11:15:58+00:00","breadcrumb":{"@id":"https:\/\/evtech-project.eu\/pl\/wyniki\/#breadcrumb"},"inLanguage":"pl-PL","potentialAction":[{"@type":"ReadAction","target":["https:\/\/evtech-project.eu\/pl\/wyniki\/"]}]},{"@type":"BreadcrumbList","@id":"https:\/\/evtech-project.eu\/pl\/wyniki\/#breadcrumb","itemListElement":[{"@type":"ListItem","position":1,"name":"Home","item":"https:\/\/evtech-project.eu\/pl\/"},{"@type":"ListItem","position":2,"name":"Wyniki"}]},{"@type":"WebSite","@id":"https:\/\/evtech-project.eu\/pl\/#website","url":"https:\/\/evtech-project.eu\/pl\/","name":"EVTECH project","description":"","publisher":{"@id":"https:\/\/evtech-project.eu\/pl\/#organization"},"potentialAction":[{"@type":"SearchAction","target":{"@type":"EntryPoint","urlTemplate":"https:\/\/evtech-project.eu\/pl\/?s={search_term_string}"},"query-input":{"@type":"PropertyValueSpecification","valueRequired":true,"valueName":"search_term_string"}}],"inLanguage":"pl-PL"},{"@type":"Organization","@id":"https:\/\/evtech-project.eu\/pl\/#organization","name":"EVTECH project","url":"https:\/\/evtech-project.eu\/pl\/","logo":{"@type":"ImageObject","inLanguage":"pl-PL","@id":"https:\/\/evtech-project.eu\/pl\/#\/schema\/logo\/image\/","url":"https:\/\/evtech-project.eu\/wp-content\/uploads\/2023\/02\/cropped-cropped-cropped-EVTECH-logo-transparent-1-1-1.png","contentUrl":"https:\/\/evtech-project.eu\/wp-content\/uploads\/2023\/02\/cropped-cropped-cropped-EVTECH-logo-transparent-1-1-1.png","width":999,"height":333,"caption":"EVTECH project"},"image":{"@id":"https:\/\/evtech-project.eu\/pl\/#\/schema\/logo\/image\/"}}]}},"uagb_featured_image_src":{"full":false,"thumbnail":false,"medium":false,"medium_large":false,"large":false,"1536x1536":false,"2048x2048":false},"uagb_author_info":{"display_name":"admin","author_link":"https:\/\/evtech-project.eu\/pl\/author\/info_0uxcc8vv\/"},"uagb_comment_info":0,"uagb_excerpt":"Wyniki 1. VOOC Otwarty internetowy kurs zawodowy EVTECH (VOOC) zosta\u0142 opracowany specjalnie do szkolenia technik\u00f3w i mechanik\u00f3w w zakresie konserwacji i bezpiecze\u0144stwa pojazd\u00f3w elektrycznych (EV). Ten kompleksowy kurs wyposa\u017ca uczestnik\u00f3w w niezb\u0119dn\u0105 wiedz\u0119 i umiej\u0119tno\u015bci praktyczne, aby mogli stawi\u0107 czo\u0142a wyj\u0105tkowym wyzwaniom technologii EV. Dzi\u0119ki anga\u017cuj\u0105cym modu\u0142om i interaktywnym ocenom, kursanci zyskuj\u0105 pewno\u015b\u0107 siebie w&hellip;","_links":{"self":[{"href":"https:\/\/evtech-project.eu\/pl\/wp-json\/wp\/v2\/pages\/2062","targetHints":{"allow":["GET"]}}],"collection":[{"href":"https:\/\/evtech-project.eu\/pl\/wp-json\/wp\/v2\/pages"}],"about":[{"href":"https:\/\/evtech-project.eu\/pl\/wp-json\/wp\/v2\/types\/page"}],"author":[{"embeddable":true,"href":"https:\/\/evtech-project.eu\/pl\/wp-json\/wp\/v2\/users\/1"}],"replies":[{"embeddable":true,"href":"https:\/\/evtech-project.eu\/pl\/wp-json\/wp\/v2\/comments?post=2062"}],"version-history":[{"count":39,"href":"https:\/\/evtech-project.eu\/pl\/wp-json\/wp\/v2\/pages\/2062\/revisions"}],"predecessor-version":[{"id":2809,"href":"https:\/\/evtech-project.eu\/pl\/wp-json\/wp\/v2\/pages\/2062\/revisions\/2809"}],"wp:attachment":[{"href":"https:\/\/evtech-project.eu\/pl\/wp-json\/wp\/v2\/media?parent=2062"}],"curies":[{"name":"wp","href":"https:\/\/api.w.org\/{rel}","templated":true}]}}